{"id":754,"date":"2023-12-11T22:50:38","date_gmt":"2023-12-11T20:50:38","guid":{"rendered":"https:\/\/marketplace.epassi.fi\/hyva-olo\/?post_type=product&#038;p=754"},"modified":"2026-01-07T17:16:19","modified_gmt":"2026-01-07T15:16:19","slug":"osteopatia-osteopaattinen-hieronta","status":"publish","type":"product","link":"https:\/\/marketplace.epassi.fi\/hyva-olo\/kauppa\/hyvinvointi\/hieronta\/osteopatia-osteopaattinen-hieronta\/","title":{"rendered":"Osteopaattinen hieronta \/ Osteopatia"},"content":{"rendered":"<p>Saat ostosta tilausvahvistuksen s\u00e4hk\u00f6postiin. Varaa ajat 6kk sis\u00e4ll\u00e4 <a href=\"http:\/\/www.hieroja-tampere.fi\">www.hieroja-tampere.fi<\/a>, l\u00f6yd\u00e4mme tilauksen nimell\u00e4si.<br \/>\nTervetuloa Hyv\u00e4\u00e4n Oloon \ud83d\ude42<\/p>\n","protected":false},"excerpt":{"rendered":"<p>Osteopatia on tehokas, turvallinen ja monipuolinen manuaalisen terapian muoto, hoidossa pyrit\u00e4\u00e4n vaikuttamaan koko kehon fysiologiaan. Osteopatialla voidaan hoitaa mm. selk\u00e4kipuja, niska-hartiaseudun vaivoja, erilaisia yl\u00e4- ja alaraajakipuja, hermoston kiputiloja, p\u00e4\u00e4ns\u00e4rky\u00e4 ja migreeni\u00e4, urheiluvammoja, purentaongelmia, hengitys- ja ruoansulatusongelmia jne. Osteopatiassa k\u00e4ytet\u00e4\u00e4n yksil\u00f6llisesti erilaisia pehmytkudos- ja hierontatekniikoita, nikama- ja nivelk\u00e4sittelytekniikoita ja hermokudoksen k\u00e4sittelymenetelmi\u00e4. Osteopaatti on tuki- ja liikuntaelinongelmien asiantuntija. Monipuolinen ja tehokas hoito vaativampiinkin kiputiloihin.<\/p>\n<p>Osteopatian\/Osteopaattisen hieronnan kertahinnat:<br \/>\n45 min, 60 \u20ac<br \/>\n60 min, 70 \u20ac<br \/>\n75 min, 80 \u20ac<\/p>\n<p>Valitse hieronnan pituus ja lis\u00e4\u00e4 ostoskoriin. Voit lis\u00e4t\u00e4 useamman hieronnan\/palvelun sopivan loppusumman saamiseksi.<\/p>\n","protected":false},"featured_media":364,"comment_status":"open","ping_status":"closed","template":"","meta":{"_acf_changed":false,"_kad_post_transparent":"default","_kad_post_title":"","_kad_post_layout":"default","_kad_post_sidebar_id":"","_kad_post_content_style":"default","_kad_post_vertical_padding":"default","_kad_post_feature":"","_kad_post_feature_position":"","_kad_post_header":false,"_kad_post_footer":false,"_kad_post_classname":""},"product_brand":[],"product_cat":[31,21],"product_tag":[],"class_list":{"0":"post-754","1":"product","2":"type-product","3":"status-publish","4":"has-post-thumbnail","6":"product_cat-hieronta","7":"product_cat-hyvinvointi","9":"first","10":"instock","11":"purchasable","12":"product-type-variable","13":"entry","14":"content-bg","15":"loop-entry"},"acf":[],"_links":{"self":[{"href":"https:\/\/marketplace.epassi.fi\/hyva-olo\/wp-json\/wp\/v2\/product\/754","targetHints":{"allow":["GET"]}}],"collection":[{"href":"https:\/\/marketplace.epassi.fi\/hyva-olo\/wp-json\/wp\/v2\/product"}],"about":[{"href":"https:\/\/marketplace.epassi.fi\/hyva-olo\/wp-json\/wp\/v2\/types\/product"}],"replies":[{"embeddable":true,"href":"https:\/\/marketplace.epassi.fi\/hyva-olo\/wp-json\/wp\/v2\/comments?post=754"}],"wp:featuredmedia":[{"embeddable":true,"href":"https:\/\/marketplace.epassi.fi\/hyva-olo\/wp-json\/wp\/v2\/media\/364"}],"wp:attachment":[{"href":"https:\/\/marketplace.epassi.fi\/hyva-olo\/wp-json\/wp\/v2\/media?parent=754"}],"wp:term":[{"taxonomy":"product_brand","embeddable":true,"href":"https:\/\/marketplace.epassi.fi\/hyva-olo\/wp-json\/wp\/v2\/product_brand?post=754"},{"taxonomy":"product_cat","embeddable":true,"href":"https:\/\/marketplace.epassi.fi\/hyva-olo\/wp-json\/wp\/v2\/product_cat?post=754"},{"taxonomy":"product_tag","embeddable":true,"href":"https:\/\/marketplace.epassi.fi\/hyva-olo\/wp-json\/wp\/v2\/product_tag?post=754"}],"curies":[{"name":"wp","href":"https:\/\/api.w.org\/{rel}","templated":true}]}}