{"id":758,"date":"2023-12-11T22:48:31","date_gmt":"2023-12-11T20:48:31","guid":{"rendered":"https:\/\/marketplace.epassi.fi\/hyva-olo\/?post_type=product&#038;p=758"},"modified":"2026-01-07T17:25:00","modified_gmt":"2026-01-07T15:25:00","slug":"sarjakortit","status":"publish","type":"product","link":"https:\/\/marketplace.epassi.fi\/hyva-olo\/kauppa\/hyvinvointi\/hieronta\/sarjakortit\/","title":{"rendered":"Hierontasarjat"},"content":{"rendered":"<p>Saat ostosta tilausvahvistuksen s\u00e4hk\u00f6postiin. Varaa ajat 6kk sis\u00e4ll\u00e4 <a href=\"http:\/\/www.hieroja-tampere.fi\">www.hieroja-tampere.fi<\/a>, l\u00f6yd\u00e4mme tilauksen nimell\u00e4si.<br \/>\nTervetuloa Hyv\u00e4\u00e4n Oloon \ud83d\ude42<\/p>\n","protected":false},"excerpt":{"rendered":"<p>Useampi hieronta kerralla ostoskoriin, hinnasto valintaa helpottamaan.<br \/>\nHieronnan tarkempi kuvaus Hieronta \/ Urheiluhieronta -palvelun kohdassa.<\/p>\n<p><b>3 x hieronta<\/b><br \/>\n30 min, 111 \u20ac<br \/>\n45 min, 141 \u20ac<br \/>\n60 min, 165 \u20ac<br \/>\n75 min, 201 \u20ac<br \/>\n90 min, 231 \u20ac<\/p>\n<p><b>5 x hieronta<\/b><br \/>\n30 min, 185 \u20ac<br \/>\n45 min, 235 \u20ac<br \/>\n60 min, 275 \u20ac<br \/>\n75 min, 335 \u20ac<br \/>\n90 min, 385 \u20ac<\/p>\n<p><b>10 x hieronta<\/b><br \/>\n30 min, 370 \u20ac<\/p>\n<p>Valitse sopiva hierontasarja ja lis\u00e4\u00e4 ostoskoriin.<br \/>\nVoit lis\u00e4t\u00e4 useamman palvelun sopivan loppusumman saamiseksi.<\/p>\n","protected":false},"featured_media":364,"comment_status":"open","ping_status":"closed","template":"","meta":{"_acf_changed":false,"_kad_post_transparent":"default","_kad_post_title":"","_kad_post_layout":"default","_kad_post_sidebar_id":"","_kad_post_content_style":"default","_kad_post_vertical_padding":"default","_kad_post_feature":"","_kad_post_feature_position":"","_kad_post_header":false,"_kad_post_footer":false,"_kad_post_classname":""},"product_brand":[],"product_cat":[31,21],"product_tag":[],"class_list":{"0":"post-758","1":"product","2":"type-product","3":"status-publish","4":"has-post-thumbnail","6":"product_cat-hieronta","7":"product_cat-hyvinvointi","9":"first","10":"instock","11":"taxable","12":"shipping-taxable","13":"purchasable","14":"product-type-variable","15":"entry","16":"content-bg","17":"loop-entry"},"acf":[],"_links":{"self":[{"href":"https:\/\/marketplace.epassi.fi\/hyva-olo\/wp-json\/wp\/v2\/product\/758","targetHints":{"allow":["GET"]}}],"collection":[{"href":"https:\/\/marketplace.epassi.fi\/hyva-olo\/wp-json\/wp\/v2\/product"}],"about":[{"href":"https:\/\/marketplace.epassi.fi\/hyva-olo\/wp-json\/wp\/v2\/types\/product"}],"replies":[{"embeddable":true,"href":"https:\/\/marketplace.epassi.fi\/hyva-olo\/wp-json\/wp\/v2\/comments?post=758"}],"wp:featuredmedia":[{"embeddable":true,"href":"https:\/\/marketplace.epassi.fi\/hyva-olo\/wp-json\/wp\/v2\/media\/364"}],"wp:attachment":[{"href":"https:\/\/marketplace.epassi.fi\/hyva-olo\/wp-json\/wp\/v2\/media?parent=758"}],"wp:term":[{"taxonomy":"product_brand","embeddable":true,"href":"https:\/\/marketplace.epassi.fi\/hyva-olo\/wp-json\/wp\/v2\/product_brand?post=758"},{"taxonomy":"product_cat","embeddable":true,"href":"https:\/\/marketplace.epassi.fi\/hyva-olo\/wp-json\/wp\/v2\/product_cat?post=758"},{"taxonomy":"product_tag","embeddable":true,"href":"https:\/\/marketplace.epassi.fi\/hyva-olo\/wp-json\/wp\/v2\/product_tag?post=758"}],"curies":[{"name":"wp","href":"https:\/\/api.w.org\/{rel}","templated":true}]}}