{"id":811,"date":"2023-12-21T15:36:55","date_gmt":"2023-12-21T13:36:55","guid":{"rendered":"https:\/\/marketplace.epassi.fi\/hyva-olo\/?post_type=product&#038;p=811"},"modified":"2026-01-07T17:12:27","modified_gmt":"2026-01-07T15:12:27","slug":"arvokortti-1-300e","status":"publish","type":"product","link":"https:\/\/marketplace.epassi.fi\/hyva-olo\/kauppa\/hyvinvointi\/hieronta\/arvokortti-1-300e\/","title":{"rendered":"Avoin summa 1-300\u20ac"},"content":{"rendered":"<p>Saat ostosta tilausvahvistuksen s\u00e4hk\u00f6postiin. Varaa ajat 6kk sis\u00e4ll\u00e4 <a href=\"http:\/\/www.hieroja-tampere.fi\">www.hieroja-tampere.fi<\/a>, l\u00f6yd\u00e4mme tilauksen nimell\u00e4si.<br \/>\nTervetuloa Hyv\u00e4\u00e4n Oloon \ud83d\ude42<\/p>\n<p>300\u20ac summa 5% alennuksella 285\u20ac (norm.300\u20ac) .<\/p>\n","protected":false},"excerpt":{"rendered":"<p>Osta nyt, p\u00e4\u00e4t\u00e4 my\u00f6hemmin!<br \/>\nVoit k\u00e4ytt\u00e4\u00e4 summan valitsemiisi palveluihin, hinnat alkaen 37\u20ac\/30min.<\/p>\n<p>&#8211; Hieronta<br \/>\n&#8211; Urheiluhieronta<br \/>\n&#8211; Purentalihashieronta<br \/>\n&#8211; Niskahartian tehohoito<br \/>\n&#8211; Osteopaattinen hieronta<br \/>\n&#8211; Rauhoittava p\u00e4\u00e4hieronta<\/p>\n<p>Arvokortilla voit maksaa my\u00f6s oman osuutesi DUO-parihieronnasta!<\/p>\n<p>Valitse summa ja lis\u00e4\u00e4 ostoskoriin.<br \/>\nVoit lis\u00e4t\u00e4 useamman summan sopivan loppusumman saamiseksi.<br \/>\nTai valitse arvoksi 1\u20ac ja muuta kappalem\u00e4\u00e4r\u00e4 haluamallesi summalle.<\/p>\n","protected":false},"featured_media":339,"comment_status":"open","ping_status":"closed","template":"","meta":{"_acf_changed":false,"_kad_post_transparent":"default","_kad_post_title":"","_kad_post_layout":"default","_kad_post_sidebar_id":"","_kad_post_content_style":"default","_kad_post_vertical_padding":"default","_kad_post_feature":"","_kad_post_feature_position":"","_kad_post_header":false,"_kad_post_footer":false,"_kad_post_classname":""},"product_brand":[],"product_cat":[31,21],"product_tag":[],"class_list":{"0":"post-811","1":"product","2":"type-product","3":"status-publish","4":"has-post-thumbnail","6":"product_cat-hieronta","7":"product_cat-hyvinvointi","9":"first","10":"instock","11":"purchasable","12":"product-type-variable","13":"entry","14":"content-bg","15":"loop-entry"},"acf":[],"_links":{"self":[{"href":"https:\/\/marketplace.epassi.fi\/hyva-olo\/wp-json\/wp\/v2\/product\/811","targetHints":{"allow":["GET"]}}],"collection":[{"href":"https:\/\/marketplace.epassi.fi\/hyva-olo\/wp-json\/wp\/v2\/product"}],"about":[{"href":"https:\/\/marketplace.epassi.fi\/hyva-olo\/wp-json\/wp\/v2\/types\/product"}],"replies":[{"embeddable":true,"href":"https:\/\/marketplace.epassi.fi\/hyva-olo\/wp-json\/wp\/v2\/comments?post=811"}],"wp:featuredmedia":[{"embeddable":true,"href":"https:\/\/marketplace.epassi.fi\/hyva-olo\/wp-json\/wp\/v2\/media\/339"}],"wp:attachment":[{"href":"https:\/\/marketplace.epassi.fi\/hyva-olo\/wp-json\/wp\/v2\/media?parent=811"}],"wp:term":[{"taxonomy":"product_brand","embeddable":true,"href":"https:\/\/marketplace.epassi.fi\/hyva-olo\/wp-json\/wp\/v2\/product_brand?post=811"},{"taxonomy":"product_cat","embeddable":true,"href":"https:\/\/marketplace.epassi.fi\/hyva-olo\/wp-json\/wp\/v2\/product_cat?post=811"},{"taxonomy":"product_tag","embeddable":true,"href":"https:\/\/marketplace.epassi.fi\/hyva-olo\/wp-json\/wp\/v2\/product_tag?post=811"}],"curies":[{"name":"wp","href":"https:\/\/api.w.org\/{rel}","templated":true}]}}