{"id":319,"date":"2021-11-14T18:00:32","date_gmt":"2021-11-14T16:00:32","guid":{"rendered":"https:\/\/marketplace.epassi.fi\/hyvantuulenlahde\/?post_type=product&#038;p=319"},"modified":"2026-01-01T23:02:22","modified_gmt":"2026-01-01T21:02:22","slug":"ravitsemusvalmennus-6kk","status":"publish","type":"product","link":"https:\/\/marketplace.epassi.fi\/hyvantuulenlahde\/kauppa\/hyvinvointi\/ravitsemusvalmennus-6kk\/","title":{"rendered":"Ravitsemusvalmennus 6kk"},"content":{"rendered":"<p>L\u00e4ht\u00f6tilanteen kartoitus<\/p>\n<p>&#8211; Ruokap\u00e4iv\u00e4kirjojen (7pv\/4pv) analysointi<\/p>\n<p>&#8211; Muutostarpeet<\/p>\n<p>&#8211; Ravinto- ja liikuntaohjeet<\/p>\n<p>&#8211; Toiminnallinen tapaaminen esim. liikunta, tuotteisiin tutustuminen kaupassa, ruoan valmistus<\/p>\n<p>&#8211; 5 tapaamista, joista osa voidaan vaihtaa toiminnallisiin tapaamisiin tai<\/p>\n<p>hoitaa et\u00e4n\u00e4 puhelimitse \/Teamsin v\u00e4lityksell\u00e4.<\/p>\n<p>Valmennuksen tapaamiset voidaan hoitaa my\u00f6s kokonaan Teamsin v\u00e4lityksell\u00e4.<\/p>\n<p>&#8211; Valmentajan tuki valmennuksen ajan<\/p>\n<div>T\u00e4m\u00e4 valmennus ei vaadi vaakaa eik\u00e4 kaloreiden laskemista sinulta.<\/div>\n<p>T\u00e4m\u00e4 valmennus sopii mm.<\/p>\n<ul>\n<li>Pysyv\u00e4\u00e4n el\u00e4m\u00e4ntapamuutokseen<\/li>\n<li>Laihduttajalle, jolla pudotettavaa yli 10kg<\/li>\n<li>Tyypin 2 diabeetikolle<\/li>\n<\/ul>\n","protected":false},"excerpt":{"rendered":"<p>Yksil\u00f6llist\u00e4 ja henkil\u00f6kohtaista ravintovalmennusta. Helposti toteutettavia, pysyvi\u00e4 ja kest\u00e4vi\u00e4 ratkaisuja asiakkaan omista l\u00e4ht\u00f6kohdista.<\/p>\n<p><a href=\"http:\/\/booksalon.fi\/hyvan-tuulen-lahde\" target=\"_blank\" rel=\"noopener\">Varaa t\u00e4st\u00e4 aika<\/a><\/p>\n","protected":false},"featured_media":320,"comment_status":"open","ping_status":"closed","template":"","meta":{"_acf_changed":false,"_kad_post_transparent":"default","_kad_post_title":"","_kad_post_layout":"default","_kad_post_sidebar_id":"","_kad_post_content_style":"default","_kad_post_vertical_padding":"default","_kad_post_feature":"","_kad_post_feature_position":"","_kad_post_header":false,"_kad_post_footer":false,"_kad_post_classname":""},"product_brand":[],"product_cat":[21],"product_tag":[],"class_list":{"0":"post-319","1":"product","2":"type-product","3":"status-publish","4":"has-post-thumbnail","6":"product_cat-hyvinvointi","8":"first","9":"instock","10":"virtual","11":"sold-individually","12":"taxable","13":"purchasable","14":"product-type-simple","15":"entry","16":"content-bg","17":"loop-entry"},"acf":[],"_links":{"self":[{"href":"https:\/\/marketplace.epassi.fi\/hyvantuulenlahde\/wp-json\/wp\/v2\/product\/319","targetHints":{"allow":["GET"]}}],"collection":[{"href":"https:\/\/marketplace.epassi.fi\/hyvantuulenlahde\/wp-json\/wp\/v2\/product"}],"about":[{"href":"https:\/\/marketplace.epassi.fi\/hyvantuulenlahde\/wp-json\/wp\/v2\/types\/product"}],"replies":[{"embeddable":true,"href":"https:\/\/marketplace.epassi.fi\/hyvantuulenlahde\/wp-json\/wp\/v2\/comments?post=319"}],"wp:featuredmedia":[{"embeddable":true,"href":"https:\/\/marketplace.epassi.fi\/hyvantuulenlahde\/wp-json\/wp\/v2\/media\/320"}],"wp:attachment":[{"href":"https:\/\/marketplace.epassi.fi\/hyvantuulenlahde\/wp-json\/wp\/v2\/media?parent=319"}],"wp:term":[{"taxonomy":"product_brand","embeddable":true,"href":"https:\/\/marketplace.epassi.fi\/hyvantuulenlahde\/wp-json\/wp\/v2\/product_brand?post=319"},{"taxonomy":"product_cat","embeddable":true,"href":"https:\/\/marketplace.epassi.fi\/hyvantuulenlahde\/wp-json\/wp\/v2\/product_cat?post=319"},{"taxonomy":"product_tag","embeddable":true,"href":"https:\/\/marketplace.epassi.fi\/hyvantuulenlahde\/wp-json\/wp\/v2\/product_tag?post=319"}],"curies":[{"name":"wp","href":"https:\/\/api.w.org\/{rel}","templated":true}]}}