{"id":324,"date":"2021-11-14T18:18:15","date_gmt":"2021-11-14T16:18:15","guid":{"rendered":"https:\/\/marketplace.epassi.fi\/hyvantuulenlahde\/?post_type=product&#038;p=324"},"modified":"2026-01-26T10:27:38","modified_gmt":"2026-01-26T08:27:38","slug":"ravitsemusvalmennus-3kk","status":"publish","type":"product","link":"https:\/\/marketplace.epassi.fi\/hyvantuulenlahde\/kauppa\/hyvinvointi\/ravitsemusvalmennus-3kk\/","title":{"rendered":"Ravitsemusvalmennus 3kk"},"content":{"rendered":"<p>L\u00e4ht\u00f6tilanteen kartoitus<\/p>\n<p>&#8211; Ruokap\u00e4iv\u00e4kirjan (7pv) analysointi<\/p>\n<p>&#8211; Muutostarpeet<\/p>\n<p>&#8211; 3 tapaamista paikanp\u00e4\u00e4ll\u00e4 tai Teamsin v\u00e4lityksell\u00e4.<\/p>\n<p>&#8211; Valmentajan tuki valmennuksen ajan<\/p>\n<ul>\n<li>Haluat sy\u00f6d\u00e4 terveellisemmin ja voida paremmin.<\/li>\n<li>T\u00e4m\u00e4 sopii sinulle jos olet urheilija tai aktiivinen liikkuja ja haluat ruokavalion tukevan harrastustasi.<\/li>\n<li>Tai haluat ruokavaliolla muokata vartaloasi\/ karistaa muutamia ylim\u00e4\u00e4r\u00e4isi\u00e4 kiloja.<\/li>\n<li>Tai raskaus- ja \u00e4itiysajan ravintovalmennus<\/li>\n<\/ul>\n","protected":false},"excerpt":{"rendered":"<p>Yksil\u00f6llist\u00e4 ja henkil\u00f6kohtaista ravintovalmennusta. Helposti toteutettavia, pysyvi\u00e4 ja kest\u00e4vi\u00e4 ratkaisuja asiakkaan omista l\u00e4ht\u00f6kohdista.<\/p>\n","protected":false},"featured_media":325,"comment_status":"open","ping_status":"closed","template":"","meta":{"_acf_changed":false,"_kad_post_transparent":"default","_kad_post_title":"","_kad_post_layout":"default","_kad_post_sidebar_id":"","_kad_post_content_style":"default","_kad_post_vertical_padding":"default","_kad_post_feature":"","_kad_post_feature_position":"","_kad_post_header":false,"_kad_post_footer":false,"_kad_post_classname":""},"product_brand":[],"product_cat":[21],"product_tag":[],"class_list":{"0":"post-324","1":"product","2":"type-product","3":"status-publish","4":"has-post-thumbnail","6":"product_cat-hyvinvointi","8":"first","9":"instock","10":"virtual","11":"taxable","12":"purchasable","13":"product-type-simple","14":"entry","15":"content-bg","16":"loop-entry"},"acf":[],"_links":{"self":[{"href":"https:\/\/marketplace.epassi.fi\/hyvantuulenlahde\/wp-json\/wp\/v2\/product\/324","targetHints":{"allow":["GET"]}}],"collection":[{"href":"https:\/\/marketplace.epassi.fi\/hyvantuulenlahde\/wp-json\/wp\/v2\/product"}],"about":[{"href":"https:\/\/marketplace.epassi.fi\/hyvantuulenlahde\/wp-json\/wp\/v2\/types\/product"}],"replies":[{"embeddable":true,"href":"https:\/\/marketplace.epassi.fi\/hyvantuulenlahde\/wp-json\/wp\/v2\/comments?post=324"}],"wp:featuredmedia":[{"embeddable":true,"href":"https:\/\/marketplace.epassi.fi\/hyvantuulenlahde\/wp-json\/wp\/v2\/media\/325"}],"wp:attachment":[{"href":"https:\/\/marketplace.epassi.fi\/hyvantuulenlahde\/wp-json\/wp\/v2\/media?parent=324"}],"wp:term":[{"taxonomy":"product_brand","embeddable":true,"href":"https:\/\/marketplace.epassi.fi\/hyvantuulenlahde\/wp-json\/wp\/v2\/product_brand?post=324"},{"taxonomy":"product_cat","embeddable":true,"href":"https:\/\/marketplace.epassi.fi\/hyvantuulenlahde\/wp-json\/wp\/v2\/product_cat?post=324"},{"taxonomy":"product_tag","embeddable":true,"href":"https:\/\/marketplace.epassi.fi\/hyvantuulenlahde\/wp-json\/wp\/v2\/product_tag?post=324"}],"curies":[{"name":"wp","href":"https:\/\/api.w.org\/{rel}","templated":true}]}}