{"id":67,"date":"2021-09-13T18:36:17","date_gmt":"2021-09-13T15:36:17","guid":{"rendered":"https:\/\/marketplace.epassi.fi\/hyvantuulenlahde\/?post_type=product&#038;p=67"},"modified":"2026-01-26T10:25:42","modified_gmt":"2026-01-26T08:25:42","slug":"ravitsemusvalmennus-kertakonsultaatio","status":"publish","type":"product","link":"https:\/\/marketplace.epassi.fi\/hyvantuulenlahde\/kauppa\/hyvinvointi\/ravitsemusvalmennus-kertakonsultaatio\/","title":{"rendered":"Ravitsemusvalmennus, kertakonsultaatio"},"content":{"rendered":"<p>Ruokap\u00e4iv\u00e4kirjan analysointi ja muutostarpeet kirjallisesti<\/p>\n<p>tai<\/p>\n<p>&#8211; Ruokavalion p\u00e4ivitys tai<\/p>\n<p>&#8211; Jatkosuunnitelma tai neuvonta kirjallisesti.<br \/>\nKertakonsultaatiossa keskityt\u00e4\u00e4n yhden ongelman ratkaisuun.<\/p>\n<ul>\n<li>T\u00e4m\u00e4 sopii mm. sinulle joka haluat tietoa omasta ravitsemusk\u00e4ytt\u00e4ytymisest\u00e4si. Tai<\/li>\n<li>Tarvitset p\u00e4ivityst\u00e4 ruokavalioosi tai seurantaa el\u00e4m\u00e4ntapamuutokseesi tai<\/li>\n<li>Olet uuden ruokavalion edess\u00e4, sairaudet mm. \u00e4rtyv\u00e4n suolen oireyhtym\u00e4, allergiat, yliherkkyydet tai alkamassa esim. kasvissy\u00f6j\u00e4ksi\/ vegaaniksi<\/li>\n<\/ul>\n","protected":false},"excerpt":{"rendered":"<p>Ravintovalmennuksen kertakonsultaatio<\/p>\n","protected":false},"featured_media":329,"comment_status":"open","ping_status":"closed","template":"","meta":{"_acf_changed":false,"_kad_post_transparent":"default","_kad_post_title":"","_kad_post_layout":"default","_kad_post_sidebar_id":"","_kad_post_content_style":"default","_kad_post_vertical_padding":"default","_kad_post_feature":"","_kad_post_feature_position":"","_kad_post_header":false,"_kad_post_footer":false,"_kad_post_classname":""},"product_brand":[],"product_cat":[21],"product_tag":[],"class_list":{"0":"post-67","1":"product","2":"type-product","3":"status-publish","4":"has-post-thumbnail","6":"product_cat-hyvinvointi","8":"first","9":"instock","10":"virtual","11":"taxable","12":"purchasable","13":"product-type-simple","14":"entry","15":"content-bg","16":"loop-entry"},"acf":[],"_links":{"self":[{"href":"https:\/\/marketplace.epassi.fi\/hyvantuulenlahde\/wp-json\/wp\/v2\/product\/67","targetHints":{"allow":["GET"]}}],"collection":[{"href":"https:\/\/marketplace.epassi.fi\/hyvantuulenlahde\/wp-json\/wp\/v2\/product"}],"about":[{"href":"https:\/\/marketplace.epassi.fi\/hyvantuulenlahde\/wp-json\/wp\/v2\/types\/product"}],"replies":[{"embeddable":true,"href":"https:\/\/marketplace.epassi.fi\/hyvantuulenlahde\/wp-json\/wp\/v2\/comments?post=67"}],"wp:featuredmedia":[{"embeddable":true,"href":"https:\/\/marketplace.epassi.fi\/hyvantuulenlahde\/wp-json\/wp\/v2\/media\/329"}],"wp:attachment":[{"href":"https:\/\/marketplace.epassi.fi\/hyvantuulenlahde\/wp-json\/wp\/v2\/media?parent=67"}],"wp:term":[{"taxonomy":"product_brand","embeddable":true,"href":"https:\/\/marketplace.epassi.fi\/hyvantuulenlahde\/wp-json\/wp\/v2\/product_brand?post=67"},{"taxonomy":"product_cat","embeddable":true,"href":"https:\/\/marketplace.epassi.fi\/hyvantuulenlahde\/wp-json\/wp\/v2\/product_cat?post=67"},{"taxonomy":"product_tag","embeddable":true,"href":"https:\/\/marketplace.epassi.fi\/hyvantuulenlahde\/wp-json\/wp\/v2\/product_tag?post=67"}],"curies":[{"name":"wp","href":"https:\/\/api.w.org\/{rel}","templated":true}]}}