{"id":22,"date":"2021-09-13T17:45:59","date_gmt":"2021-09-13T17:45:59","guid":{"rendered":"https:\/\/marketplace.epassi.fi\/hyvaoloilona\/?page_id=22"},"modified":"2021-10-12T10:57:35","modified_gmt":"2021-10-12T10:57:35","slug":"info","status":"publish","type":"page","link":"https:\/\/marketplace.epassi.fi\/hyvaoloilona\/info\/","title":{"rendered":"Info"},"content":{"rendered":"\n\t<div class=\"entry-content single-content\">\n\n\t\t<div class=\"wp-block-columns\" style=\"gap:30px\">\n\t\t\t<div class=\"wp-block-column\">\n\t\t\t\t<h2>Fysioterapia- ja hierontapalveluita vuodesta 2003<\/h2>\n\t\t\t\t<p><p>VASTUULLISESTI VAUVASTA VAARIIN JA TURVALLISESTI KOHTI PAREMPAA OLOA!<br \/>\nMeille on eritt\u00e4in t\u00e4rke\u00e4\u00e4 pysty\u00e4 hoitamaan moniammatillisesti asiakkaitamme. Pystymme tarjoamaan runsaasti monipuolisia palveluita tuki- ja liikuntaelimist\u00f6n kiputilojen tutkimiseen ja hoitoon. Tulet sitten fysioterapia l\u00e4hetteell\u00e4 tai ilman, tarvitset leikkauksen j\u00e4lkeist\u00e4 kuntoutusta tai ty\u00f6per\u00e4isten rasitusvammojen hoitoa, suunnittelet raskautta tai olet raskaana, olet synnytt\u00e4nyt tai joko vauvallasi on jokin vaiva tai halut tutkituttaa tarkemmin kehosi toimintakyvyn tai ihan vaan tullaksesi rentoutumaan yksin tai yhdess\u00e4 yst\u00e4v\u00e4n tai puolison kanssa.<\/p>\n<\/p>\n\t\t\t\t<h3>Hyv\u00e4 Olo Ilona<\/h3>\n\t\t\t\t<p>H\u00e4meenkatu 13 bA<br>\n\t\t\t\t\t33100 Tampere (Tampere, Finland)<\/p>\n\t\t\t\t<p><a href=\"tel:044 761 6000\">044 761 6000<\/a><\/p>\n\t\t\t\t<p><a href=\"mailto:info@hyvaoloilona.fi\">info@hyvaoloilona.fi<\/a><\/p>\n\n\t\t\t\t<h2>Toimipisteet<\/h2><div class=\"info-page-location-list\"><div class=\"info-page-location\"><h3>Hyv\u00e4 Olo Ilona \/ Pyynikki<\/h3><p>F.E. Sillanp\u00e4\u00e4n katu 2, 33230 Tampere<\/p><p><a href=\"tel:050 338 0089\">050 338 0089<\/a><br><a href=\"mail:riikka@hyvaoloilona.fi\">riikka@hyvaoloilona.fi<\/a><p><a href=\"https:\/\/www.google.com\/maps\/search\/?api=1&query=Google&query_place_id=ChIJb99bT6XYjkYRcgGozvsMfOE\">Katso sijainti kartalla <span>&#8599;<\/span><\/a><\/p><\/p><p><\/p><\/div><div class=\"info-page-location\"><h3>Hyv\u00e4 Olo Ilona Lyly<\/h3><p>Varikontie 1, 35530 Juupajoki<\/p><p><a href=\"tel:044 769 0782\">044 769 0782<\/a><br><a href=\"mail:Ilona@hyvaoloilona.fi\">Ilona@hyvaoloilona.fi<\/a><p><a href=\"https:\/\/www.google.com\/maps\/search\/?api=1&query=Google&query_place_id=ChIJGVArv51pj0YRRiDDaErXTZk\">Katso sijainti kartalla <span>&#8599;<\/span><\/a><\/p><\/p><p><\/p><\/div><div class=\"info-page-location\"><h3>Hyv\u00e4 Olo Ilona Kaukaj\u00e4rvi<\/h3><p> , 33710 Tampere<\/p><p><a href=\"tel:044 736 3805\">044 736 3805<\/a><br><a href=\"mail:info@hyvaoloilona.fi\">info@hyvaoloilona.fi<\/a><p><a href=\"https:\/\/www.google.com\/maps\/search\/?api=1&query=Google&query_place_id=ChIJhQLDNI7fjkYRA5k_ceyEjmk\">Katso sijainti kartalla <span>&#8599;<\/span><\/a><\/p><\/p><p><\/p><\/div><div class=\"info-page-location\"><h3>Hyv\u00e4 Olo Ilona Keskusta<\/h3><p>H\u00e4meenkatu 13 bA, 33100 Tampere<\/p><p><p><a href=\"https:\/\/www.google.com\/maps\/search\/?api=1&query=Google&query_place_id=ChIJc6rnf6vYjkYReAu1oIZHOKo\">Katso sijainti kartalla <span>&#8599;<\/span><\/a><\/p><\/p><p><\/p><\/div><div class=\"info-page-location\"><h3>Hyv\u00e4 Olo Ilona Orivesi<\/h3><p>Vainionkuja 3, 35300 Orivesi<\/p><p><a href=\"tel:044 751 2702\">044 751 2702<\/a><br><a href=\"mail:Pauliina@hyvaoloilona.fi\">Pauliina@hyvaoloilona.fi<\/a><p><a href=\"https:\/\/www.google.com\/maps\/search\/?api=1&query=Google&query_place_id=ChIJFX5uobIWj0YRijOgpCoF584\">Katso sijainti kartalla <span>&#8599;<\/span><\/a><\/p><\/p><p><\/p><\/div><\/div>\t\t\t<\/div>\n\n\t\t\t<div class=\"wp-block-column\">\n\t\t\t\t<figure class=\"wp-block-image size-large\"><img loading=\"lazy\" decoding=\"async\" width=\"768\" height=\"535\" src=\"https:\/\/marketplace.epassi.fi\/hyvaoloilona\/wp-content\/uploads\/sites\/79\/2021\/11\/FB-mainos-768x535.jpg\" class=\"attachment-medium_large size-medium_large\" alt=\"\" \/><\/figure>\n\t\t\t<\/div>\n\t\t<\/div>\n\t<\/div>\n\t\n","protected":false},"excerpt":{"rendered":"","protected":false},"author":2,"featured_media":0,"parent":0,"menu_order":0,"comment_status":"closed","ping_status":"closed","template":"","meta":{"_acf_changed":false,"_kad_post_transparent":"","_kad_post_title":"","_kad_post_layout":"","_kad_post_sidebar_id":"","_kad_post_content_style":"","_kad_post_vertical_padding":"","_kad_post_feature":"","_kad_post_feature_position":"","_kad_post_header":false,"_kad_post_footer":false,"_kad_post_classname":"","footnotes":""},"class_list":["post-22","page","type-page","status-publish","hentry"],"acf":[],"_links":{"self":[{"href":"https:\/\/marketplace.epassi.fi\/hyvaoloilona\/wp-json\/wp\/v2\/pages\/22","targetHints":{"allow":["GET"]}}],"collection":[{"href":"https:\/\/marketplace.epassi.fi\/hyvaoloilona\/wp-json\/wp\/v2\/pages"}],"about":[{"href":"https:\/\/marketplace.epassi.fi\/hyvaoloilona\/wp-json\/wp\/v2\/types\/page"}],"author":[{"embeddable":true,"href":"https:\/\/marketplace.epassi.fi\/hyvaoloilona\/wp-json\/wp\/v2\/users\/2"}],"replies":[{"embeddable":true,"href":"https:\/\/marketplace.epassi.fi\/hyvaoloilona\/wp-json\/wp\/v2\/comments?post=22"}],"version-history":[{"count":10,"href":"https:\/\/marketplace.epassi.fi\/hyvaoloilona\/wp-json\/wp\/v2\/pages\/22\/revisions"}],"predecessor-version":[{"id":264,"href":"https:\/\/marketplace.epassi.fi\/hyvaoloilona\/wp-json\/wp\/v2\/pages\/22\/revisions\/264"}],"wp:attachment":[{"href":"https:\/\/marketplace.epassi.fi\/hyvaoloilona\/wp-json\/wp\/v2\/media?parent=22"}],"curies":[{"name":"wp","href":"https:\/\/api.w.org\/{rel}","templated":true}]}}