{"id":282,"date":"2021-12-18T15:46:55","date_gmt":"2021-12-18T13:46:55","guid":{"rendered":"https:\/\/marketplace.epassi.fi\/hyvaoloilona\/?post_type=product&#038;p=282"},"modified":"2021-12-18T15:46:56","modified_gmt":"2021-12-18T13:46:56","slug":"lahjakortit-50-250e","status":"publish","type":"product","link":"https:\/\/marketplace.epassi.fi\/hyvaoloilona\/kauppa\/hyvinvointi\/fysioterapia\/lahjakortit-50-250e\/","title":{"rendered":"Lahjakortit 50 &#8211; 250\u20ac"},"content":{"rendered":"<p>Lahjakortin voi k\u00e4ytt\u00e4\u00e4 Hyv\u00e4 Olo Ilona hyvinvointikeskuksen toimipisteiss\u00e4. T\u00e4yt\u00e4 lahjakorttiin saajan nimi, lahjakortin numero ja ostop\u00e4iv\u00e4. Lahjakortti on voimassa 6 kk ostop\u00e4iv\u00e4st\u00e4. Lahjakortin numeron saat lahjakortti-s\u00e4hk\u00f6postiviestist\u00e4 kohdasta Tilausnumero.<\/p>\n","protected":false},"excerpt":{"rendered":"<p>Lahjakortin voi k\u00e4ytt\u00e4\u00e4 Hyv\u00e4 Olo Ilona hyvinvointikeskuksen toimipisteiss\u00e4. T\u00e4yt\u00e4 lahjakorttiin saajan nimi, lahjakortin numero ja ostop\u00e4iv\u00e4. Lahjakortti on voimassa 6 kk ostop\u00e4iv\u00e4st\u00e4. Lahjakortin numeron saat lahjakortti-s\u00e4hk\u00f6postiviestist\u00e4 kohdasta Tilausnumero.<\/p>\n","protected":false},"featured_media":316,"comment_status":"open","ping_status":"closed","template":"","meta":{"_acf_changed":false,"_kad_post_transparent":"default","_kad_post_title":"","_kad_post_layout":"default","_kad_post_sidebar_id":"","_kad_post_content_style":"default","_kad_post_vertical_padding":"default","_kad_post_feature":"","_kad_post_feature_position":"","_kad_post_header":false,"_kad_post_footer":false,"_kad_post_classname":""},"product_brand":[],"product_cat":[32,31,21],"product_tag":[],"class_list":{"0":"post-282","1":"product","2":"type-product","3":"status-publish","4":"has-post-thumbnail","6":"product_cat-fysioterapia","7":"product_cat-hieronta","8":"product_cat-hyvinvointi","10":"first","11":"instock","12":"product-type-external","13":"entry","14":"content-bg","15":"loop-entry"},"acf":[],"_links":{"self":[{"href":"https:\/\/marketplace.epassi.fi\/hyvaoloilona\/wp-json\/wp\/v2\/product\/282","targetHints":{"allow":["GET"]}}],"collection":[{"href":"https:\/\/marketplace.epassi.fi\/hyvaoloilona\/wp-json\/wp\/v2\/product"}],"about":[{"href":"https:\/\/marketplace.epassi.fi\/hyvaoloilona\/wp-json\/wp\/v2\/types\/product"}],"replies":[{"embeddable":true,"href":"https:\/\/marketplace.epassi.fi\/hyvaoloilona\/wp-json\/wp\/v2\/comments?post=282"}],"wp:featuredmedia":[{"embeddable":true,"href":"https:\/\/marketplace.epassi.fi\/hyvaoloilona\/wp-json\/wp\/v2\/media\/316"}],"wp:attachment":[{"href":"https:\/\/marketplace.epassi.fi\/hyvaoloilona\/wp-json\/wp\/v2\/media?parent=282"}],"wp:term":[{"taxonomy":"product_brand","embeddable":true,"href":"https:\/\/marketplace.epassi.fi\/hyvaoloilona\/wp-json\/wp\/v2\/product_brand?post=282"},{"taxonomy":"product_cat","embeddable":true,"href":"https:\/\/marketplace.epassi.fi\/hyvaoloilona\/wp-json\/wp\/v2\/product_cat?post=282"},{"taxonomy":"product_tag","embeddable":true,"href":"https:\/\/marketplace.epassi.fi\/hyvaoloilona\/wp-json\/wp\/v2\/product_tag?post=282"}],"curies":[{"name":"wp","href":"https:\/\/api.w.org\/{rel}","templated":true}]}}