{"id":22,"date":"2021-09-13T17:45:59","date_gmt":"2021-09-13T17:45:59","guid":{"rendered":"https:\/\/marketplace.epassi.fi\/hyvinvointicenter\/?page_id=22"},"modified":"2021-10-12T10:57:35","modified_gmt":"2021-10-12T10:57:35","slug":"info","status":"publish","type":"page","link":"https:\/\/marketplace.epassi.fi\/hyvinvointicenter\/info\/","title":{"rendered":"Info"},"content":{"rendered":"\n\t<div class=\"entry-content single-content\">\n\n\t\t<div class=\"wp-block-columns\" style=\"gap:30px\">\n\t\t\t<div class=\"wp-block-column\">\n\t\t\t\t<h2>Kaikki kehon ja mielen hyvinvointiin!<\/h2>\n\t\t\t\t<p><p>Hyvinvointicenter on Porin keskustassa, torin laidalla sijaitseva monipuolinen liikunta- ja hoitopalveluja tarjoava hyvinvointikeskus. Hyvinvointicenterin katon alta l\u00f6ytyy laaja kirjo erilaisia ohjattuja jooga, pilates yms. tunteja sek\u00e4 hoitomuotojen ammattilaisia, joista jokainen asiakas voi valita itselleen sopivan.<br \/>\nPalvelut<br \/>\nLaajasta palveluvalikoimasta l\u00f6ytyy muun muassa useaa erilaista joogaa ja muuta liikuntaa, fysioterapiaa, hierontaa, luontaishoitoja, kosmetolgin ja jalkahoitajan palvelut sek\u00e4 paljon muuta.<br \/>\nHoitoaikoja aamuvarhaisesta iltamy\u00f6h\u00e4\u00e4n, my\u00f6s viikonloppuisin!<br \/>\nVoit varata aikoja hoitoihin my\u00f6s suoraan s\u00e4hk\u00f6isest\u00e4 ajanvarauksestamme nettisivujemme kautta tai soita asiakaspalveluumme ja varaa itsellesi sopiva palvelu tai ohjattu tunti.<br \/>\nAsiakaspalvelumme on auki ma-pe klo 10-13 ja 16-17 sek\u00e4 sovittaessa.<br \/>\nHoitoaikoja ja ohjattuja tunteja aamuvarhaisesta iltamy\u00f6h\u00e4\u00e4n, my\u00f6s viikonloppuisin.<\/p>\n<\/p>\n\t\t\t\t<h3>Hyvinvointicenter<\/h3>\n\t\t\t\t<p>Yrj\u00f6nkatu 8<br>\n\t\t\t\t\t28100 Pori<\/p>\n\t\t\t\t<p><a href=\"tel:02 637 6061\">02 637 6061<\/a><\/p>\n\t\t\t\t<p><a href=\"mailto:info@hyvinvointicenter.fi\">info@hyvinvointicenter.fi<\/a><\/p>\n\n\t\t\t\t<h2>Toimipisteet<\/h2><div class=\"info-page-location-list\"><div class=\"info-page-location\"><h3>Hyvinvointicenter<\/h3><p>Yrj\u00f6nkatu 8, 28100 Pori<\/p><p><p><a href=\"https:\/\/www.google.com\/maps\/search\/?api=1&query=Google&query_place_id=ChIJI8FoVhELiUYRg33uPs7wCPM\">Katso sijainti kartalla <span>&#8599;<\/span><\/a><\/p><\/p><p><\/p><\/div><\/div>\t\t\t<\/div>\n\n\t\t\t<div class=\"wp-block-column\">\n\t\t\t\t<figure class=\"wp-block-image size-large\"><img loading=\"lazy\" decoding=\"async\" width=\"768\" height=\"432\" src=\"https:\/\/marketplace.epassi.fi\/hyvinvointicenter\/wp-content\/uploads\/sites\/124\/2021\/10\/Logoyht-tiedot-jpg-768x432.jpg\" class=\"attachment-medium_large size-medium_large\" alt=\"\" \/><\/figure>\n\t\t\t<\/div>\n\t\t<\/div>\n\t<\/div>\n\t\n","protected":false},"excerpt":{"rendered":"","protected":false},"author":2,"featured_media":0,"parent":0,"menu_order":0,"comment_status":"closed","ping_status":"closed","template":"","meta":{"_acf_changed":false,"_kad_post_transparent":"","_kad_post_title":"","_kad_post_layout":"","_kad_post_sidebar_id":"","_kad_post_content_style":"","_kad_post_vertical_padding":"","_kad_post_feature":"","_kad_post_feature_position":"","_kad_post_header":false,"_kad_post_footer":false,"_kad_post_classname":"","footnotes":""},"class_list":["post-22","page","type-page","status-publish","hentry"],"acf":[],"_links":{"self":[{"href":"https:\/\/marketplace.epassi.fi\/hyvinvointicenter\/wp-json\/wp\/v2\/pages\/22","targetHints":{"allow":["GET"]}}],"collection":[{"href":"https:\/\/marketplace.epassi.fi\/hyvinvointicenter\/wp-json\/wp\/v2\/pages"}],"about":[{"href":"https:\/\/marketplace.epassi.fi\/hyvinvointicenter\/wp-json\/wp\/v2\/types\/page"}],"author":[{"embeddable":true,"href":"https:\/\/marketplace.epassi.fi\/hyvinvointicenter\/wp-json\/wp\/v2\/users\/2"}],"replies":[{"embeddable":true,"href":"https:\/\/marketplace.epassi.fi\/hyvinvointicenter\/wp-json\/wp\/v2\/comments?post=22"}],"version-history":[{"count":10,"href":"https:\/\/marketplace.epassi.fi\/hyvinvointicenter\/wp-json\/wp\/v2\/pages\/22\/revisions"}],"predecessor-version":[{"id":264,"href":"https:\/\/marketplace.epassi.fi\/hyvinvointicenter\/wp-json\/wp\/v2\/pages\/22\/revisions\/264"}],"wp:attachment":[{"href":"https:\/\/marketplace.epassi.fi\/hyvinvointicenter\/wp-json\/wp\/v2\/media?parent=22"}],"curies":[{"name":"wp","href":"https:\/\/api.w.org\/{rel}","templated":true}]}}