{"id":274,"date":"2021-10-16T11:14:50","date_gmt":"2021-10-16T11:14:50","guid":{"rendered":"https:\/\/marketplace.epassi.fi\/hyvinvointicenter\/?post_type=product&#038;p=274"},"modified":"2025-12-09T14:03:07","modified_gmt":"2025-12-09T12:03:07","slug":"jalkahoito-60-min","status":"publish","type":"product","link":"https:\/\/marketplace.epassi.fi\/hyvinvointicenter\/kauppa\/hyvinvointi\/jalkahoito-60-min\/","title":{"rendered":"Jalkahoito 60 min"},"content":{"rendered":"<p><strong>Henkil\u00f6kohtainen lahjakortti on voimassa 6 kk ostoksesta<\/strong><\/p>\n<p>Voit varata ajan suoraan s\u00e4hk\u00f6isest\u00e4 ajanvarauksestamme nettisivujemme kautta www.hyvinvointicenter.fi<\/p>\n<p>tai soita asiakaspalveluumme 02 637 6061<\/p>\n<p>&nbsp;<\/p>\n","protected":false},"excerpt":{"rendered":"<p>Jalkahoito<\/p>\n<p>Jalkahoito<br \/>\nSis. kynsien leikkaus, kynsinauhojen hoito, kovettumien ja ongelmien poisto (k\u00e4ns\u00e4t jne), rasvaus ja hieronta.<br \/>\n60 min 62,- Jenni<\/p>\n<p>Jalkahieronta<br \/>\nJalkahieronta rentouttaa ja vilkastuttaa verenkiertoa<br \/>\n30 min 32,- 45 min 45,-<\/p>\n<p>Jalkahoito+jalkahieronta<br \/>\n90 min (sis. 30 min jalkahieronnan) 83,-<\/p>\n<p>Jalkahoitoja Hyvinvointicenterill\u00e4 tarjoaa<strong>\u00a0<a href=\"https:\/\/www.hyvinvointicenter.fi\/hyvinvointicenter-users-jenni-enola-jalkahoitaja-pori\">Jenni Enola<\/a><\/strong><\/p>\n<p><strong>Yhteystiedot:<\/strong><br \/>\nJenni Enola, jalkahoitaja Porin Hyvinvointicenter<br \/>\np. 040 7692109<br \/>\njenni.enola@hyvinvointicenter.fi<\/p>\n","protected":false},"featured_media":602,"comment_status":"open","ping_status":"closed","template":"","meta":{"_acf_changed":false,"_kad_post_transparent":"default","_kad_post_title":"","_kad_post_layout":"default","_kad_post_sidebar_id":"","_kad_post_content_style":"default","_kad_post_vertical_padding":"default","_kad_post_feature":"","_kad_post_feature_position":"","_kad_post_header":false,"_kad_post_footer":false,"_kad_post_classname":""},"product_brand":[],"product_cat":[21],"product_tag":[],"class_list":{"0":"post-274","1":"product","2":"type-product","3":"status-publish","4":"has-post-thumbnail","6":"product_cat-hyvinvointi","8":"first","9":"instock","10":"virtual","11":"taxable","12":"purchasable","13":"product-type-simple","14":"entry","15":"content-bg","16":"loop-entry"},"acf":[],"_links":{"self":[{"href":"https:\/\/marketplace.epassi.fi\/hyvinvointicenter\/wp-json\/wp\/v2\/product\/274","targetHints":{"allow":["GET"]}}],"collection":[{"href":"https:\/\/marketplace.epassi.fi\/hyvinvointicenter\/wp-json\/wp\/v2\/product"}],"about":[{"href":"https:\/\/marketplace.epassi.fi\/hyvinvointicenter\/wp-json\/wp\/v2\/types\/product"}],"replies":[{"embeddable":true,"href":"https:\/\/marketplace.epassi.fi\/hyvinvointicenter\/wp-json\/wp\/v2\/comments?post=274"}],"wp:featuredmedia":[{"embeddable":true,"href":"https:\/\/marketplace.epassi.fi\/hyvinvointicenter\/wp-json\/wp\/v2\/media\/602"}],"wp:attachment":[{"href":"https:\/\/marketplace.epassi.fi\/hyvinvointicenter\/wp-json\/wp\/v2\/media?parent=274"}],"wp:term":[{"taxonomy":"product_brand","embeddable":true,"href":"https:\/\/marketplace.epassi.fi\/hyvinvointicenter\/wp-json\/wp\/v2\/product_brand?post=274"},{"taxonomy":"product_cat","embeddable":true,"href":"https:\/\/marketplace.epassi.fi\/hyvinvointicenter\/wp-json\/wp\/v2\/product_cat?post=274"},{"taxonomy":"product_tag","embeddable":true,"href":"https:\/\/marketplace.epassi.fi\/hyvinvointicenter\/wp-json\/wp\/v2\/product_tag?post=274"}],"curies":[{"name":"wp","href":"https:\/\/api.w.org\/{rel}","templated":true}]}}