{"id":330,"date":"2021-11-19T13:07:18","date_gmt":"2021-11-19T11:07:18","guid":{"rendered":"https:\/\/marketplace.epassi.fi\/hyvinvointicenter\/?post_type=product&#038;p=330"},"modified":"2025-10-30T14:26:48","modified_gmt":"2025-10-30T12:26:48","slug":"hieronta-lahjakortti-75-min","status":"publish","type":"product","link":"https:\/\/marketplace.epassi.fi\/hyvinvointicenter\/kauppa\/hyvinvointi\/fysioterapia\/hieronta-lahjakortti-75-min\/","title":{"rendered":"Hieronta lahjakortti 75 min"},"content":{"rendered":"<p>Varaa aika joko suoraan netist\u00e4, soittamalla tai s\u00e4hk\u00f6postilla.<br \/>\nAsiakaspalvelumme on auki ma-pe klo 10-13 ja 16-17<br \/>\nHoitoaikoja ja ohjattuja tunteja aamusta iltaan, my\u00f6s viikonloppuisin<\/p>\n<p><strong>Henkil\u00f6kohtainen lahjakortti on voimassa 6 kk ostoksesta<\/strong><\/p>\n<p>&nbsp;<\/p>\n","protected":false},"excerpt":{"rendered":"<p><strong>Klassinen hieronta\u00a0<\/strong><\/p>\n<p>Rentouttaa ja vapauttaa lihakset toimintaan.<br \/>\n30 min 35,-<br \/>\n45 min 44,-<br \/>\n60 min 50,-<br \/>\n75 min 60,-<br \/>\n90 min 77,-<br \/>\n120 min 92,-<\/p>\n<p><strong>Stressi\/Niskahieronta Leo<\/strong><br \/>\nToimiva niska-hartia-alueen tehokas ja mielt\u00e4 helliv\u00e4 hoito.<br \/>\n30 min 32,-<br \/>\n45 min 44,-<\/p>\n<p><strong>Osteopaattinen hieronta + nikamak\u00e4sittely Mika<\/strong><br \/>\nUseat asiakkaat varaavat lihashierontaan k\u00e4sittelyn, mutta se ei useinkaan riit\u00e4, sill\u00e4 kyseess\u00e4 voi olla nikamavirheasento.<br \/>\nSiksi on hyv\u00e4 yhdist\u00e4\u00e4 molemmat samaan hoitokertaan. Nyt on mahdollisuus samalla k\u00e4sitell\u00e4 lihakset ja nikamavirheet.<br \/>\n45 min 68,-<\/p>\n<p>&nbsp;<\/p>\n<p><strong>Leo Tuominen<\/strong><br \/>\nKoulutettu hieroja<br \/>\np. 0400 813 202<br \/>\nleo.tuominen(at)hyvinvointicenter.fi<\/p>\n<p>&nbsp;<\/p>\n<p><strong>Mika Merimaa<\/strong><br \/>\nOrtopedinen osteopaatti, MSF-kuntouttaja ja Kuntohoitaja<br \/>\np. 0400 868 021<br \/>\nmika.merimaa(at)hyvinvointicenter.fi<\/p>\n<p>&nbsp;<\/p>\n<p><strong>Jere J\u00e4rvenper\u00e4<br \/>\n<\/strong>p. 044 336 7770<br \/>\n<a href=\"mailto:jere.jarvenpera@hyvinvointicenter.fi\">jere.jarvenpera(at)hyvinvointicenter.fi<\/a><\/p>\n<p>&nbsp;<\/p>\n<p><strong>Jani Karke<\/strong><br \/>\np. 045 671 6686<br \/>\nsp. jani.karke(at)hyvinvointicenter.fi<\/p>\n","protected":false},"featured_media":320,"comment_status":"open","ping_status":"closed","template":"","meta":{"_acf_changed":false,"_kad_post_transparent":"default","_kad_post_title":"","_kad_post_layout":"default","_kad_post_sidebar_id":"","_kad_post_content_style":"default","_kad_post_vertical_padding":"default","_kad_post_feature":"","_kad_post_feature_position":"","_kad_post_header":false,"_kad_post_footer":false,"_kad_post_classname":""},"product_brand":[],"product_cat":[32,31,21],"product_tag":[],"class_list":{"0":"post-330","1":"product","2":"type-product","3":"status-publish","4":"has-post-thumbnail","6":"product_cat-fysioterapia","7":"product_cat-hieronta","8":"product_cat-hyvinvointi","10":"first","11":"instock","12":"virtual","13":"taxable","14":"purchasable","15":"product-type-simple","16":"entry","17":"content-bg","18":"loop-entry"},"acf":[],"_links":{"self":[{"href":"https:\/\/marketplace.epassi.fi\/hyvinvointicenter\/wp-json\/wp\/v2\/product\/330","targetHints":{"allow":["GET"]}}],"collection":[{"href":"https:\/\/marketplace.epassi.fi\/hyvinvointicenter\/wp-json\/wp\/v2\/product"}],"about":[{"href":"https:\/\/marketplace.epassi.fi\/hyvinvointicenter\/wp-json\/wp\/v2\/types\/product"}],"replies":[{"embeddable":true,"href":"https:\/\/marketplace.epassi.fi\/hyvinvointicenter\/wp-json\/wp\/v2\/comments?post=330"}],"wp:featuredmedia":[{"embeddable":true,"href":"https:\/\/marketplace.epassi.fi\/hyvinvointicenter\/wp-json\/wp\/v2\/media\/320"}],"wp:attachment":[{"href":"https:\/\/marketplace.epassi.fi\/hyvinvointicenter\/wp-json\/wp\/v2\/media?parent=330"}],"wp:term":[{"taxonomy":"product_brand","embeddable":true,"href":"https:\/\/marketplace.epassi.fi\/hyvinvointicenter\/wp-json\/wp\/v2\/product_brand?post=330"},{"taxonomy":"product_cat","embeddable":true,"href":"https:\/\/marketplace.epassi.fi\/hyvinvointicenter\/wp-json\/wp\/v2\/product_cat?post=330"},{"taxonomy":"product_tag","embeddable":true,"href":"https:\/\/marketplace.epassi.fi\/hyvinvointicenter\/wp-json\/wp\/v2\/product_tag?post=330"}],"curies":[{"name":"wp","href":"https:\/\/api.w.org\/{rel}","templated":true}]}}