{"id":22,"date":"2021-09-13T17:45:59","date_gmt":"2021-09-13T17:45:59","guid":{"rendered":"https:\/\/marketplace.epassi.fi\/hyvinvointiheimo\/?page_id=22"},"modified":"2021-10-12T10:57:35","modified_gmt":"2021-10-12T10:57:35","slug":"info","status":"publish","type":"page","link":"https:\/\/marketplace.epassi.fi\/hyvinvointiheimo\/info\/","title":{"rendered":"Info"},"content":{"rendered":"\n\t<div class=\"entry-content single-content\">\n\n\t\t<div class=\"wp-block-columns\" style=\"gap:30px\">\n\t\t\t<div class=\"wp-block-column\">\n\t\t\t\t<h2>Meit\u00e4 Heimolaisia on jo 166 500!<\/h2>\n\t\t\t\t<p><p><i>\"Jos Suomi on maailman onnellisin kansa, niin miksi ei voitais olla my\u00f6s maailman hyvinvoivin?\"<\/i><\/p>\n<p>HyvinvointiHeimon valmentajina toimii monet Suomen parhaimmista hyvinvointialan ammattilaisista mm. EroonJumeista ja Kunnontuki.<\/p>\n<p>Jo yli 166 500 suomalaista on l\u00f6yt\u00e4nyt avun sek\u00e4 kehon ett\u00e4 mielen jumeihin verkkokursseistamme.<\/p>\n<p>Luotamme valmentajiemme asiantuntijuuteen niin paljon, ett\u00e4 olemme p\u00e4\u00e4tt\u00e4neet tarjota jokaiselle verkkokurssillemme 60 p\u00e4iv\u00e4n rahat takaisin tyytyv\u00e4isyystakuun, jonka ansiosta voit riskitt\u00e4 kokeilla verkkokurssin toimivuutta jopa kahden kuukauden ajan. T\u00e4m\u00e4 60 p\u00e4iv\u00e4\u00e4 on yli nelj\u00e4 kertaa pidempi aika, kuin lain vaatima 14 p\u00e4iv\u00e4n tyytyv\u00e4isyystakuu tavallisille verkkokursseille.<\/p>\n<p>T\u00e4ll\u00e4 hetkell\u00e4 valikoimaamme kuuluu jo 23 verkkokurssia. Aihealueina verkkokursseilla on kehonhuolto.<\/p>\n<p>Saat ePassi Marketplacen asiakkaaana kaupastamme jopa -43% alennuksen t\u00e4ll\u00e4 hetkell\u00e4. Klikkaa alla olevaa linkki\u00e4 ja selaa kaikkia verkkokurssejamme.<\/p>\n<p><a href=\"https:\/\/hyvinvointiheimo.fi\/kauppa?el=epassi-market\">Hy\u00f6dynn\u00e4 ePassi Marketplacen asiakkaille tarjoamamme jopa -43% alennus klikkaamalla t\u00e4st\u00e4 linkist\u00e4.<\/a><\/p>\n<\/p>\n\t\t\t\t<h3>HyvinvointiHeimo.fi<\/h3>\n\t\t\t\t<p><br>\n\t\t\t\t\t <\/p>\n\t\t\t\t<p><a href=\"tel:\"><\/a><\/p>\n\t\t\t\t<p><a href=\"mailto:\"><\/a><\/p>\n\n\t\t\t\t\t\t\t<\/div>\n\n\t\t\t<div class=\"wp-block-column\">\n\t\t\t\t<figure class=\"wp-block-image size-large\"><img loading=\"lazy\" decoding=\"async\" width=\"768\" height=\"576\" src=\"https:\/\/marketplace.epassi.fi\/hyvinvointiheimo\/wp-content\/uploads\/sites\/383\/2025\/11\/me-768x576.jpg\" class=\"attachment-medium_large size-medium_large\" alt=\"\" \/><\/figure>\n\t\t\t<\/div>\n\t\t<\/div>\n\t<\/div>\n\t\n","protected":false},"excerpt":{"rendered":"","protected":false},"author":2,"featured_media":0,"parent":0,"menu_order":0,"comment_status":"closed","ping_status":"closed","template":"","meta":{"_acf_changed":false,"_kad_post_transparent":"","_kad_post_title":"","_kad_post_layout":"","_kad_post_sidebar_id":"","_kad_post_content_style":"","_kad_post_vertical_padding":"","_kad_post_feature":"","_kad_post_feature_position":"","_kad_post_header":false,"_kad_post_footer":false,"_kad_post_classname":"","footnotes":""},"class_list":["post-22","page","type-page","status-publish","hentry"],"acf":[],"_links":{"self":[{"href":"https:\/\/marketplace.epassi.fi\/hyvinvointiheimo\/wp-json\/wp\/v2\/pages\/22","targetHints":{"allow":["GET"]}}],"collection":[{"href":"https:\/\/marketplace.epassi.fi\/hyvinvointiheimo\/wp-json\/wp\/v2\/pages"}],"about":[{"href":"https:\/\/marketplace.epassi.fi\/hyvinvointiheimo\/wp-json\/wp\/v2\/types\/page"}],"author":[{"embeddable":true,"href":"https:\/\/marketplace.epassi.fi\/hyvinvointiheimo\/wp-json\/wp\/v2\/users\/2"}],"replies":[{"embeddable":true,"href":"https:\/\/marketplace.epassi.fi\/hyvinvointiheimo\/wp-json\/wp\/v2\/comments?post=22"}],"version-history":[{"count":10,"href":"https:\/\/marketplace.epassi.fi\/hyvinvointiheimo\/wp-json\/wp\/v2\/pages\/22\/revisions"}],"predecessor-version":[{"id":264,"href":"https:\/\/marketplace.epassi.fi\/hyvinvointiheimo\/wp-json\/wp\/v2\/pages\/22\/revisions\/264"}],"wp:attachment":[{"href":"https:\/\/marketplace.epassi.fi\/hyvinvointiheimo\/wp-json\/wp\/v2\/media?parent=22"}],"curies":[{"name":"wp","href":"https:\/\/api.w.org\/{rel}","templated":true}]}}