{"id":273,"date":"2021-10-16T11:12:03","date_gmt":"2021-10-16T11:12:03","guid":{"rendered":"https:\/\/marketplace.epassi.fi\/hyvinvointiheimo\/?post_type=product&#038;p=273"},"modified":"2026-03-31T11:38:35","modified_gmt":"2026-03-31T08:38:35","slug":"tuotteen-nimi","status":"publish","type":"product","link":"https:\/\/marketplace.epassi.fi\/hyvinvointiheimo\/kauppa\/liikuntaedut\/verkkotreenit\/tuotteen-nimi\/","title":{"rendered":"Vapauta Faskiasi"},"content":{"rendered":"<p><strong>Mit\u00e4 Vapauta Faskiasi tekee sinulle:<\/strong><\/p>\n<ul>\n<li data-start=\"126\" data-end=\"194\">\n<p data-start=\"128\" data-end=\"194\">Keho tuntuu taas kevyelt\u00e4 ja liikkuvalta ilman jatkuvaa kireytt\u00e4<\/p>\n<\/li>\n<li data-start=\"195\" data-end=\"261\">\n<p data-start=\"197\" data-end=\"261\">Arjen liikkeet ja askareet sujuvat ilman jumiutumisen tunnetta<\/p>\n<\/li>\n<li data-start=\"262\" data-end=\"324\">\n<p data-start=\"264\" data-end=\"324\">Nukut paremmin, kun keho ei tunnu kire\u00e4lt\u00e4 tai tukkoiselta<\/p>\n<\/li>\n<li data-start=\"325\" data-end=\"401\">\n<p data-start=\"327\" data-end=\"401\">Saat helpotusta kireyksiin niskassa, hartioissa, alasel\u00e4ss\u00e4 tai jaloissa<\/p>\n<\/li>\n<li data-start=\"402\" data-end=\"479\">\n<p data-start=\"404\" data-end=\"479\">Liikeradat paranevat, eik\u00e4 liike tunnu en\u00e4\u00e4 \u201dt\u00f6kkiv\u00e4lt\u00e4\u201d tai kirist\u00e4v\u00e4lt\u00e4<\/p>\n<\/li>\n<li data-start=\"480\" data-end=\"537\">\n<p data-start=\"482\" data-end=\"537\">Kehon kire\u00e4t kohdat rentoutuvat muutamassa minuutissa<\/p>\n<\/li>\n<li data-start=\"538\" data-end=\"615\">\n<p data-start=\"540\" data-end=\"615\">Nopea ratkaisu ilman hierojalla, fysioterapeutilla tai l\u00e4\u00e4k\u00e4rill\u00e4 k\u00e4ynti\u00e4<\/p>\n<\/li>\n<\/ul>\n<p class=\"cursor-hover\">Kurssilla on jo <strong class=\"cursor-hover\">yli 9000<\/strong> tyytyv\u00e4ist\u00e4 k\u00e4ytt\u00e4j\u00e4\u00e4!<\/p>\n","protected":false},"excerpt":{"rendered":"<p><strong>Mit\u00e4 Vapauta Faskiasi tekee sinulle:<\/strong><\/p>\n<ul>\n<li data-start=\"126\" data-end=\"194\">\n<p data-start=\"128\" data-end=\"194\">Keho tuntuu taas kevyelt\u00e4 ja liikkuvalta ilman jatkuvaa kireytt\u00e4<\/p>\n<\/li>\n<li data-start=\"195\" data-end=\"261\">\n<p data-start=\"197\" data-end=\"261\">Arjen liikkeet ja askareet sujuvat ilman jumiutumisen tunnetta<\/p>\n<\/li>\n<li data-start=\"262\" data-end=\"324\">\n<p data-start=\"264\" data-end=\"324\">Nukut paremmin, kun keho ei tunnu kire\u00e4lt\u00e4 tai tukkoiselta<\/p>\n<\/li>\n<li data-start=\"325\" data-end=\"401\">\n<p data-start=\"327\" data-end=\"401\">Saat helpotusta kireyksiin niskassa, hartioissa, alasel\u00e4ss\u00e4 tai jaloissa<\/p>\n<\/li>\n<li data-start=\"402\" data-end=\"479\">\n<p data-start=\"404\" data-end=\"479\">Liikeradat paranevat, eik\u00e4 liike tunnu en\u00e4\u00e4 \u201dt\u00f6kkiv\u00e4lt\u00e4\u201d tai kirist\u00e4v\u00e4lt\u00e4<\/p>\n<\/li>\n<li data-start=\"480\" data-end=\"537\">\n<p data-start=\"482\" data-end=\"537\">Kehon kire\u00e4t kohdat rentoutuvat muutamassa minuutissa<\/p>\n<\/li>\n<li data-start=\"538\" data-end=\"615\">\n<p data-start=\"540\" data-end=\"615\">Nopea ratkaisu ilman hierojalla, fysioterapeutilla tai l\u00e4\u00e4k\u00e4rill\u00e4 k\u00e4ynti\u00e4<\/p>\n<\/li>\n<\/ul>\n<p class=\"cursor-hover\">Kurssilla on jo <strong class=\"cursor-hover\">yli 9000<\/strong> tyytyv\u00e4ist\u00e4 k\u00e4ytt\u00e4j\u00e4\u00e4!<\/p>\n","protected":false},"featured_media":547,"comment_status":"closed","ping_status":"closed","template":"","meta":{"_acf_changed":false,"_kad_post_transparent":"default","_kad_post_title":"","_kad_post_layout":"default","_kad_post_sidebar_id":"","_kad_post_content_style":"default","_kad_post_vertical_padding":"default","_kad_post_feature":"","_kad_post_feature_position":"","_kad_post_header":false,"_kad_post_footer":false,"_kad_post_classname":""},"product_brand":[],"product_cat":[19,28],"product_tag":[],"class_list":{"0":"post-273","1":"product","2":"type-product","3":"status-publish","4":"has-post-thumbnail","6":"product_cat-liikuntaedut","7":"product_cat-verkkotreenit","9":"first","10":"instock","11":"sale","12":"taxable","13":"shipping-taxable","14":"product-type-external","15":"entry","16":"content-bg","17":"loop-entry"},"acf":[],"_links":{"self":[{"href":"https:\/\/marketplace.epassi.fi\/hyvinvointiheimo\/wp-json\/wp\/v2\/product\/273","targetHints":{"allow":["GET"]}}],"collection":[{"href":"https:\/\/marketplace.epassi.fi\/hyvinvointiheimo\/wp-json\/wp\/v2\/product"}],"about":[{"href":"https:\/\/marketplace.epassi.fi\/hyvinvointiheimo\/wp-json\/wp\/v2\/types\/product"}],"replies":[{"embeddable":true,"href":"https:\/\/marketplace.epassi.fi\/hyvinvointiheimo\/wp-json\/wp\/v2\/comments?post=273"}],"wp:featuredmedia":[{"embeddable":true,"href":"https:\/\/marketplace.epassi.fi\/hyvinvointiheimo\/wp-json\/wp\/v2\/media\/547"}],"wp:attachment":[{"href":"https:\/\/marketplace.epassi.fi\/hyvinvointiheimo\/wp-json\/wp\/v2\/media?parent=273"}],"wp:term":[{"taxonomy":"product_brand","embeddable":true,"href":"https:\/\/marketplace.epassi.fi\/hyvinvointiheimo\/wp-json\/wp\/v2\/product_brand?post=273"},{"taxonomy":"product_cat","embeddable":true,"href":"https:\/\/marketplace.epassi.fi\/hyvinvointiheimo\/wp-json\/wp\/v2\/product_cat?post=273"},{"taxonomy":"product_tag","embeddable":true,"href":"https:\/\/marketplace.epassi.fi\/hyvinvointiheimo\/wp-json\/wp\/v2\/product_tag?post=273"}],"curies":[{"name":"wp","href":"https:\/\/api.w.org\/{rel}","templated":true}]}}