{"id":289,"date":"2021-10-20T17:08:34","date_gmt":"2021-10-20T17:08:34","guid":{"rendered":"https:\/\/marketplace.epassi.fi\/hyvinvointiheimo\/?post_type=product&#038;p=289"},"modified":"2026-03-31T11:37:30","modified_gmt":"2026-03-31T08:37:30","slug":"niska-hartian-ensiapupakkaus","status":"publish","type":"product","link":"https:\/\/marketplace.epassi.fi\/hyvinvointiheimo\/kauppa\/liikuntaedut\/verkkotreenit\/niska-hartian-ensiapupakkaus\/","title":{"rendered":"Niska-Hartian Ensiapupakkaus"},"content":{"rendered":"<p><span class=\"cursor-hover\">T\u00e4m\u00e4n Niska-Hartian Ensiapupakkaus tekee sinulle:<\/span><\/p>\n<ul>\n<li class=\"cursor-hover\">Saat l\u00e4mpim\u00e4n ja rennon fiiliksen, kun veri kiert\u00e4\u00e4 taas koko yl\u00e4kropassa.<\/li>\n<li class=\"cursor-hover\">Sinun ei tarvitse yritt\u00e4\u00e4 hoitaa jumisuutta tehottomilla venytyksill\u00e4.<\/li>\n<li class=\"cursor-hover\">Lihasjumisi sulavat, ja oikeat tukilihakset aktivoituvat.<\/li>\n<li class=\"cursor-hover\">Hengityksesi aukeaa ja olotilasi rentoutuu.<\/li>\n<li class=\"cursor-hover\">Pelastat itsesi monelta alkavalta p\u00e4\u00e4ns\u00e4rylt\u00e4 tai migreenilt\u00e4 l\u00f6yt\u00e4m\u00e4ll\u00e4 oikeat tekniikat.<\/li>\n<\/ul>\n<blockquote>\n<p class=\"cursor-hover\"><em class=\"cursor-hover\">&#8221;T\u00e4n\u00e4\u00e4n aloitin ja huomasin kuinka tukossa olinkaan. Ensiavun sain heti n\u00e4ill\u00e4 ohjeilla ja liikkeill\u00e4. Olen muusikko ja ope ja aikaa tai jaksamista ei ole l\u00f6ytynyt jumpille. Nyt olen iloinen kun voin tehd\u00e4 n\u00e4m\u00e4 kotona hiljaisuudessa \ud83d\ude0a&#8221;<br \/>\n<\/em><strong>&#8211; Marjo Lehto<\/strong><em class=\"cursor-hover\"><br \/>\n<\/em><\/p>\n<\/blockquote>\n<p class=\"cursor-hover\">Jo <strong class=\"cursor-hover\">yli 55 000<\/strong> tyytyv\u00e4ist\u00e4 asiakasta on saanut avun niska-hartia vaivoihin!<\/p>\n","protected":false},"excerpt":{"rendered":"<p><span class=\"cursor-hover\">T\u00e4m\u00e4n Niska-Hartian Ensiapupakkaus tekee sinulle:<\/span><\/p>\n<ul>\n<li class=\"cursor-hover\">Saat l\u00e4mpim\u00e4n ja rennon fiiliksen, kun veri kiert\u00e4\u00e4 taas koko yl\u00e4kropassa.<\/li>\n<li class=\"cursor-hover\">Sinun ei tarvitse yritt\u00e4\u00e4 hoitaa jumisuutta tehottomilla venytyksill\u00e4.<\/li>\n<li class=\"cursor-hover\">Lihasjumisi sulavat, ja oikeat tukilihakset aktivoituvat.<\/li>\n<li class=\"cursor-hover\">Hengityksesi aukeaa ja olotilasi rentoutuu.<\/li>\n<li class=\"cursor-hover\">Pelastat itsesi monelta alkavalta p\u00e4\u00e4ns\u00e4rylt\u00e4 tai migreenilt\u00e4 l\u00f6yt\u00e4m\u00e4ll\u00e4 oikeat tekniikat.<\/li>\n<\/ul>\n<blockquote><p><em class=\"cursor-hover\">&#8221;T\u00e4n\u00e4\u00e4n aloitin ja huomasin kuinka tukossa olinkaan. Ensiavun sain heti n\u00e4ill\u00e4 ohjeilla ja liikkeill\u00e4. Olen muusikko ja ope ja aikaa tai jaksamista ei ole l\u00f6ytynyt jumpille. Nyt olen iloinen kun voin tehd\u00e4 n\u00e4m\u00e4 kotona hiljaisuudessa \ud83d\ude0a&#8221;<br \/>\n<\/em><strong>&#8211; Marjo Lehto<\/strong><\/p><\/blockquote>\n<p class=\"cursor-hover\">Jo <strong class=\"cursor-hover\">yli 55 000<\/strong> tyytyv\u00e4ist\u00e4 asiakasta on saanut avun niska-hartia vaivoihin!<\/p>\n","protected":false},"featured_media":543,"comment_status":"closed","ping_status":"closed","template":"","meta":{"_acf_changed":false,"_kad_post_transparent":"default","_kad_post_title":"","_kad_post_layout":"default","_kad_post_sidebar_id":"","_kad_post_content_style":"default","_kad_post_vertical_padding":"default","_kad_post_feature":"","_kad_post_feature_position":"","_kad_post_header":false,"_kad_post_footer":false,"_kad_post_classname":""},"product_brand":[],"product_cat":[19,28],"product_tag":[],"class_list":{"0":"post-289","1":"product","2":"type-product","3":"status-publish","4":"has-post-thumbnail","6":"product_cat-liikuntaedut","7":"product_cat-verkkotreenit","9":"first","10":"instock","11":"sale","12":"taxable","13":"shipping-taxable","14":"product-type-external","15":"entry","16":"content-bg","17":"loop-entry"},"acf":[],"_links":{"self":[{"href":"https:\/\/marketplace.epassi.fi\/hyvinvointiheimo\/wp-json\/wp\/v2\/product\/289","targetHints":{"allow":["GET"]}}],"collection":[{"href":"https:\/\/marketplace.epassi.fi\/hyvinvointiheimo\/wp-json\/wp\/v2\/product"}],"about":[{"href":"https:\/\/marketplace.epassi.fi\/hyvinvointiheimo\/wp-json\/wp\/v2\/types\/product"}],"replies":[{"embeddable":true,"href":"https:\/\/marketplace.epassi.fi\/hyvinvointiheimo\/wp-json\/wp\/v2\/comments?post=289"}],"wp:featuredmedia":[{"embeddable":true,"href":"https:\/\/marketplace.epassi.fi\/hyvinvointiheimo\/wp-json\/wp\/v2\/media\/543"}],"wp:attachment":[{"href":"https:\/\/marketplace.epassi.fi\/hyvinvointiheimo\/wp-json\/wp\/v2\/media?parent=289"}],"wp:term":[{"taxonomy":"product_brand","embeddable":true,"href":"https:\/\/marketplace.epassi.fi\/hyvinvointiheimo\/wp-json\/wp\/v2\/product_brand?post=289"},{"taxonomy":"product_cat","embeddable":true,"href":"https:\/\/marketplace.epassi.fi\/hyvinvointiheimo\/wp-json\/wp\/v2\/product_cat?post=289"},{"taxonomy":"product_tag","embeddable":true,"href":"https:\/\/marketplace.epassi.fi\/hyvinvointiheimo\/wp-json\/wp\/v2\/product_tag?post=289"}],"curies":[{"name":"wp","href":"https:\/\/api.w.org\/{rel}","templated":true}]}}