{"id":370,"date":"2023-11-30T22:15:41","date_gmt":"2023-11-30T20:15:41","guid":{"rendered":"https:\/\/marketplace.epassi.fi\/hyvinvointiheimo\/?post_type=product&#038;p=370"},"modified":"2026-03-31T11:37:08","modified_gmt":"2026-03-31T08:37:08","slug":"alaselan-ensiapupakkaus","status":"publish","type":"product","link":"https:\/\/marketplace.epassi.fi\/hyvinvointiheimo\/kauppa\/liikuntaedut\/verkkotreenit\/alaselan-ensiapupakkaus\/","title":{"rendered":"Alasel\u00e4n Ensiapupakkaus"},"content":{"rendered":"<p>Mit\u00e4 Alasel\u00e4n Ensiapupakkaus tekee sinulle:<\/p>\n<ul>\n<li>Saat nopean helpotuksen, ilman turhia l\u00e4\u00e4kkeit\u00e4 tai hoitok\u00e4yntej\u00e4.<\/li>\n<li class=\"cursor-hover\">L\u00e4mmin ja rento fiilis, kun veri taas kiert\u00e4\u00e4 koko vartalossa.<\/li>\n<li class=\"cursor-hover\">Lihasjumit sulaa ja oikeat tukilihakset aktivoituvat.<\/li>\n<li class=\"cursor-hover\">Hengitys aukeaa ja olotila rentoutuu.<\/li>\n<li class=\"cursor-hover\">Pelasta itsesi monelta jumien aiheuttamalta ongelmalta l\u00f6yt\u00e4m\u00e4ll\u00e4 oikeat kotihoito-tekniikat.<\/li>\n<\/ul>\n<blockquote>\n<p class=\"cursor-hover\"><em class=\"cursor-hover\">&#8221;N\u00e4m\u00e4 ohjeet ovat kultaakin kalliimpia ja kaikkein toimivimpia omalla kohdallani. Kivut lievittyiv\u00e4t heti ensimm\u00e4isen kerran j\u00e4lkeen&#8230; L\u00e4\u00e4kepakkaus j\u00e4i avaamatta, eik\u00e4 tulekaan avattua n\u00e4it\u00e4 kultaisia ohjeita noudattamalla. Olen ns. huuli py\u00f6reen\u00e4!&#8221;<br \/>\n<\/em><strong>&#8211; Anni M\u00e4kinen<\/strong><\/p>\n<\/blockquote>\n<p>Kurssilla on jo <strong class=\"cursor-hover\">yli 21 000<\/strong> tyytyv\u00e4ist\u00e4 k\u00e4ytt\u00e4j\u00e4\u00e4!<\/p>\n","protected":false},"excerpt":{"rendered":"<p>Mit\u00e4 Alasel\u00e4n Ensiapupakkaus tekee sinulle:<\/p>\n<ul>\n<li>Saat nopean helpotuksen, ilman turhia l\u00e4\u00e4kkeit\u00e4 tai hoitok\u00e4yntej\u00e4.<\/li>\n<li class=\"cursor-hover\">L\u00e4mmin ja rento fiilis, kun veri taas kiert\u00e4\u00e4 koko vartalossa.<\/li>\n<li class=\"cursor-hover\">Lihasjumit sulaa ja oikeat tukilihakset aktivoituvat.<\/li>\n<li class=\"cursor-hover\">Hengitys aukeaa ja olotila rentoutuu.<\/li>\n<li class=\"cursor-hover\">Pelasta itsesi monelta jumien aiheuttamalta ongelmalta l\u00f6yt\u00e4m\u00e4ll\u00e4 oikeat kotihoito-tekniikat.<\/li>\n<\/ul>\n<blockquote><p><em class=\"cursor-hover\">&#8221;N\u00e4m\u00e4 ohjeet ovat kultaakin kalliimpia ja kaikkein toimivimpia omalla kohdallani. Kivut lievittyiv\u00e4t heti ensimm\u00e4isen kerran j\u00e4lkeen&#8230; L\u00e4\u00e4kepakkaus j\u00e4i avaamatta, eik\u00e4 tulekaan avattua n\u00e4it\u00e4 kultaisia ohjeita noudattamalla. Olen ns. huuli py\u00f6reen\u00e4!&#8221;<br \/>\n<\/em><strong>&#8211; Anni M\u00e4kinen<\/strong><\/p><\/blockquote>\n<p>Kurssilla on jo <strong class=\"cursor-hover\">yli 21 000<\/strong> tyytyv\u00e4ist\u00e4 k\u00e4ytt\u00e4j\u00e4\u00e4!<\/p>\n","protected":false},"featured_media":545,"comment_status":"closed","ping_status":"closed","template":"","meta":{"_acf_changed":false,"_kad_post_transparent":"default","_kad_post_title":"","_kad_post_layout":"default","_kad_post_sidebar_id":"","_kad_post_content_style":"default","_kad_post_vertical_padding":"default","_kad_post_feature":"","_kad_post_feature_position":"","_kad_post_header":false,"_kad_post_footer":false,"_kad_post_classname":""},"product_brand":[],"product_cat":[19,28],"product_tag":[],"class_list":{"0":"post-370","1":"product","2":"type-product","3":"status-publish","4":"has-post-thumbnail","6":"product_cat-liikuntaedut","7":"product_cat-verkkotreenit","9":"first","10":"instock","11":"sale","12":"taxable","13":"shipping-taxable","14":"product-type-external","15":"entry","16":"content-bg","17":"loop-entry"},"acf":[],"_links":{"self":[{"href":"https:\/\/marketplace.epassi.fi\/hyvinvointiheimo\/wp-json\/wp\/v2\/product\/370","targetHints":{"allow":["GET"]}}],"collection":[{"href":"https:\/\/marketplace.epassi.fi\/hyvinvointiheimo\/wp-json\/wp\/v2\/product"}],"about":[{"href":"https:\/\/marketplace.epassi.fi\/hyvinvointiheimo\/wp-json\/wp\/v2\/types\/product"}],"replies":[{"embeddable":true,"href":"https:\/\/marketplace.epassi.fi\/hyvinvointiheimo\/wp-json\/wp\/v2\/comments?post=370"}],"wp:featuredmedia":[{"embeddable":true,"href":"https:\/\/marketplace.epassi.fi\/hyvinvointiheimo\/wp-json\/wp\/v2\/media\/545"}],"wp:attachment":[{"href":"https:\/\/marketplace.epassi.fi\/hyvinvointiheimo\/wp-json\/wp\/v2\/media?parent=370"}],"wp:term":[{"taxonomy":"product_brand","embeddable":true,"href":"https:\/\/marketplace.epassi.fi\/hyvinvointiheimo\/wp-json\/wp\/v2\/product_brand?post=370"},{"taxonomy":"product_cat","embeddable":true,"href":"https:\/\/marketplace.epassi.fi\/hyvinvointiheimo\/wp-json\/wp\/v2\/product_cat?post=370"},{"taxonomy":"product_tag","embeddable":true,"href":"https:\/\/marketplace.epassi.fi\/hyvinvointiheimo\/wp-json\/wp\/v2\/product_tag?post=370"}],"curies":[{"name":"wp","href":"https:\/\/api.w.org\/{rel}","templated":true}]}}