{"id":67,"date":"2021-09-13T18:36:17","date_gmt":"2021-09-13T18:36:17","guid":{"rendered":"https:\/\/marketplace.epassi.fi\/hyvinvointiheimo\/?post_type=product&#038;p=67"},"modified":"2026-03-31T11:38:46","modified_gmt":"2026-03-31T08:38:46","slug":"rauhoita-hermostosi","status":"publish","type":"product","link":"https:\/\/marketplace.epassi.fi\/hyvinvointiheimo\/kauppa\/liikuntaedut\/verkkotreenit\/rauhoita-hermostosi\/","title":{"rendered":"Rauhoita Hermostosi"},"content":{"rendered":"<p>Mit\u00e4 helppo &#8211; kolmen askeleen &#8211; Rauhoita Hermostosi -verkkokurssi tekee sinulle:<\/p>\n<ul>\n<li class=\"cursor-hover\">Mieli rauhoittuu ja stressaavat ajatukset kaikkoavat.<\/li>\n<li class=\"cursor-hover\">Stressi purkaantuu ja sen tuomat jumitilat helpottuvat.<\/li>\n<li class=\"cursor-hover\">Hengitys rentoutuu ja rauhoittuu sek\u00e4 leposyke laskee. Olo on taas vapaa huolista.<\/li>\n<li><span class=\"cursor-hover\">Hermosto p\u00e4\u00e4see &#8221;lep\u00e4\u00e4 ja sulata ruokaa&#8221; &#8211; tilaan, jossa sen on my\u00f6s mahdollista korjata ja parantaa itse\u00e4\u00e4n.<\/span><\/li>\n<li>Helpotusta kiputiloihin, kun hermosto ei ole en\u00e4\u00e4 &#8217;taistele tai pakene&#8217; -tilassa.<\/li>\n<li class=\"cursor-hover\">Keho rentoutuu ja tuntuu &#8217;kevyemm\u00e4lt\u00e4&#8217;.<\/li>\n<\/ul>\n<blockquote>\n<p class=\"cursor-hover\"><em class=\"cursor-hover\">&#8221;Nyt ollaan asian ytimess\u00e4&#8230; Upea l\u00e4hestymistapa kertoa, mist\u00e4 mik\u00e4kin johtuu. Ihan huippua!&#8221;<br \/>\n<\/em><strong>&#8211; Eija Kekki<\/strong><\/p>\n<\/blockquote>\n<p>Kurssilla on jo <b class=\"cursor-hover\">yli 13 000<\/b> tyytyv\u00e4ist\u00e4 k\u00e4ytt\u00e4j\u00e4\u00e4!<\/p>\n","protected":false},"excerpt":{"rendered":"<p>Mit\u00e4\u00a0helppo\u00a0&#8211; kolmen askeleen &#8211; Rauhoita\u00a0Hermostosi &#8211; Kurssi tekee sinulle:<\/p>\n<ul>\n<li class=\"cursor-hover\">Mieli rauhoittuu ja stressaavat ajatukset katoavat.<\/li>\n<li class=\"cursor-hover\">Stressi purkaantuu ja sen tuomat jumitilat helpottuvat.<\/li>\n<li class=\"cursor-hover\">Hengitys rentoutuu ja rauhoittuu sek\u00e4 leposyke laskee. Olo on taas vapaa huolista.<\/li>\n<li><span class=\"cursor-hover\">Hermosto p\u00e4\u00e4see &#8221;lep\u00e4\u00e4 ja sulata ruokaa&#8221; &#8211; tilaan, jossa sen on my\u00f6s mahdollista korjata ja parantaa itse\u00e4\u00e4n.<\/span><\/li>\n<li>Helpotusta kiputiloihin, kun hermosto ei ole en\u00e4\u00e4 &#8217;taistele tai pakene&#8217; -tilassa.<\/li>\n<li>Keho rentoutuu ja tuntuu &#8217;kevyemm\u00e4lt\u00e4&#8217;.<\/li>\n<\/ul>\n<blockquote><p><em class=\"cursor-hover\">&#8221;Nyt ollaan asian ytimess\u00e4&#8230; Upea l\u00e4hestymistapa kertoa, mist\u00e4 mik\u00e4kin johtuu. Ihan huippua!&#8221;<br \/>\n<\/em><strong>&#8211; Eija Kekki<\/strong><\/p><\/blockquote>\n<p>Kurssilla on jo <b class=\"cursor-hover\">yli 13 000<\/b> tyytyv\u00e4ist\u00e4 k\u00e4ytt\u00e4j\u00e4\u00e4!<\/p>\n","protected":false},"featured_media":549,"comment_status":"closed","ping_status":"closed","template":"","meta":{"_acf_changed":false,"_kad_post_transparent":"default","_kad_post_title":"","_kad_post_layout":"default","_kad_post_sidebar_id":"","_kad_post_content_style":"default","_kad_post_vertical_padding":"default","_kad_post_feature":"","_kad_post_feature_position":"","_kad_post_header":false,"_kad_post_footer":false,"_kad_post_classname":""},"product_brand":[],"product_cat":[19,28],"product_tag":[],"class_list":{"0":"post-67","1":"product","2":"type-product","3":"status-publish","4":"has-post-thumbnail","6":"product_cat-liikuntaedut","7":"product_cat-verkkotreenit","9":"first","10":"instock","11":"sale","12":"taxable","13":"shipping-taxable","14":"product-type-external","15":"entry","16":"content-bg","17":"loop-entry"},"acf":[],"_links":{"self":[{"href":"https:\/\/marketplace.epassi.fi\/hyvinvointiheimo\/wp-json\/wp\/v2\/product\/67","targetHints":{"allow":["GET"]}}],"collection":[{"href":"https:\/\/marketplace.epassi.fi\/hyvinvointiheimo\/wp-json\/wp\/v2\/product"}],"about":[{"href":"https:\/\/marketplace.epassi.fi\/hyvinvointiheimo\/wp-json\/wp\/v2\/types\/product"}],"replies":[{"embeddable":true,"href":"https:\/\/marketplace.epassi.fi\/hyvinvointiheimo\/wp-json\/wp\/v2\/comments?post=67"}],"wp:featuredmedia":[{"embeddable":true,"href":"https:\/\/marketplace.epassi.fi\/hyvinvointiheimo\/wp-json\/wp\/v2\/media\/549"}],"wp:attachment":[{"href":"https:\/\/marketplace.epassi.fi\/hyvinvointiheimo\/wp-json\/wp\/v2\/media?parent=67"}],"wp:term":[{"taxonomy":"product_brand","embeddable":true,"href":"https:\/\/marketplace.epassi.fi\/hyvinvointiheimo\/wp-json\/wp\/v2\/product_brand?post=67"},{"taxonomy":"product_cat","embeddable":true,"href":"https:\/\/marketplace.epassi.fi\/hyvinvointiheimo\/wp-json\/wp\/v2\/product_cat?post=67"},{"taxonomy":"product_tag","embeddable":true,"href":"https:\/\/marketplace.epassi.fi\/hyvinvointiheimo\/wp-json\/wp\/v2\/product_tag?post=67"}],"curies":[{"name":"wp","href":"https:\/\/api.w.org\/{rel}","templated":true}]}}