{"id":384,"date":"2026-01-28T21:51:16","date_gmt":"2026-01-28T19:51:16","guid":{"rendered":"https:\/\/marketplace.epassi.fi\/idealhealth\/?post_type=product&#038;p=384"},"modified":"2026-01-28T21:51:17","modified_gmt":"2026-01-28T19:51:17","slug":"yksittainen-kaynti-purentalihashierontaan","status":"publish","type":"product","link":"https:\/\/marketplace.epassi.fi\/idealhealth\/kauppa\/hyvinvointi\/hieronta\/yksittainen-kaynti-purentalihashierontaan\/","title":{"rendered":"Yksitt\u00e4inen k\u00e4ynti purentalihashierontaan"},"content":{"rendered":"","protected":false},"excerpt":{"rendered":"<p>Yksitt\u00e4inen k\u00e4ynti purentalihashierontaan on loistava tapa muistaa l\u00e4heist\u00e4 hyvinvointia edist\u00e4v\u00e4ll\u00e4 lahjalla tai hankkia verkkokaupasta itsellesi k\u00e4ynti esimerkiksi ePassi tai Smartum hyvinvointiedulla!<\/p>\n<p>Lahjakortti on voimassa 6 kk ostop\u00e4iv\u00e4st\u00e4 ja voit k\u00e4ytt\u00e4\u00e4 sen kaikilla toimipistell\u00e4mme!<\/p>\n","protected":false},"featured_media":385,"comment_status":"open","ping_status":"closed","template":"","meta":{"_acf_changed":false,"_kad_post_transparent":"default","_kad_post_title":"","_kad_post_layout":"default","_kad_post_sidebar_id":"","_kad_post_content_style":"default","_kad_post_vertical_padding":"default","_kad_post_feature":"","_kad_post_feature_position":"","_kad_post_header":false,"_kad_post_footer":false,"_kad_post_classname":""},"product_brand":[],"product_cat":[31],"product_tag":[],"class_list":{"0":"post-384","1":"product","2":"type-product","3":"status-publish","4":"has-post-thumbnail","6":"product_cat-hieronta","8":"first","9":"instock","10":"product-type-external","11":"entry","12":"content-bg","13":"loop-entry"},"acf":[],"_links":{"self":[{"href":"https:\/\/marketplace.epassi.fi\/idealhealth\/wp-json\/wp\/v2\/product\/384","targetHints":{"allow":["GET"]}}],"collection":[{"href":"https:\/\/marketplace.epassi.fi\/idealhealth\/wp-json\/wp\/v2\/product"}],"about":[{"href":"https:\/\/marketplace.epassi.fi\/idealhealth\/wp-json\/wp\/v2\/types\/product"}],"replies":[{"embeddable":true,"href":"https:\/\/marketplace.epassi.fi\/idealhealth\/wp-json\/wp\/v2\/comments?post=384"}],"wp:featuredmedia":[{"embeddable":true,"href":"https:\/\/marketplace.epassi.fi\/idealhealth\/wp-json\/wp\/v2\/media\/385"}],"wp:attachment":[{"href":"https:\/\/marketplace.epassi.fi\/idealhealth\/wp-json\/wp\/v2\/media?parent=384"}],"wp:term":[{"taxonomy":"product_brand","embeddable":true,"href":"https:\/\/marketplace.epassi.fi\/idealhealth\/wp-json\/wp\/v2\/product_brand?post=384"},{"taxonomy":"product_cat","embeddable":true,"href":"https:\/\/marketplace.epassi.fi\/idealhealth\/wp-json\/wp\/v2\/product_cat?post=384"},{"taxonomy":"product_tag","embeddable":true,"href":"https:\/\/marketplace.epassi.fi\/idealhealth\/wp-json\/wp\/v2\/product_tag?post=384"}],"curies":[{"name":"wp","href":"https:\/\/api.w.org\/{rel}","templated":true}]}}