{"id":386,"date":"2026-01-28T21:53:29","date_gmt":"2026-01-28T19:53:29","guid":{"rendered":"https:\/\/marketplace.epassi.fi\/idealhealth\/?post_type=product&#038;p=386"},"modified":"2026-01-28T21:53:29","modified_gmt":"2026-01-28T19:53:29","slug":"5-x-sarjakortit-hierontaan","status":"publish","type":"product","link":"https:\/\/marketplace.epassi.fi\/idealhealth\/kauppa\/hyvinvointi\/hieronta\/5-x-sarjakortit-hierontaan\/","title":{"rendered":"5 x sarjakortit hierontaan"},"content":{"rendered":"","protected":false},"excerpt":{"rendered":"<p>Sarjakortti hierontaan on edullisempi vaihtoehto s\u00e4\u00e4nn\u00f6lliselle hieronnassa k\u00e4vij\u00e4lle. 5 kerran kortit ovat voimassa 6 kk ostohetkest\u00e4 ja kortilta voit k\u00e4ytt\u00e4\u00e4 hierontoja kaikilla toimipisteill\u00e4mme.<\/p>\n","protected":false},"featured_media":382,"comment_status":"open","ping_status":"closed","template":"","meta":{"_acf_changed":false,"_kad_post_transparent":"default","_kad_post_title":"","_kad_post_layout":"default","_kad_post_sidebar_id":"","_kad_post_content_style":"default","_kad_post_vertical_padding":"default","_kad_post_feature":"","_kad_post_feature_position":"","_kad_post_header":false,"_kad_post_footer":false,"_kad_post_classname":""},"product_brand":[],"product_cat":[31],"product_tag":[],"class_list":{"0":"post-386","1":"product","2":"type-product","3":"status-publish","4":"has-post-thumbnail","6":"product_cat-hieronta","8":"first","9":"instock","10":"product-type-external","11":"entry","12":"content-bg","13":"loop-entry"},"acf":[],"_links":{"self":[{"href":"https:\/\/marketplace.epassi.fi\/idealhealth\/wp-json\/wp\/v2\/product\/386","targetHints":{"allow":["GET"]}}],"collection":[{"href":"https:\/\/marketplace.epassi.fi\/idealhealth\/wp-json\/wp\/v2\/product"}],"about":[{"href":"https:\/\/marketplace.epassi.fi\/idealhealth\/wp-json\/wp\/v2\/types\/product"}],"replies":[{"embeddable":true,"href":"https:\/\/marketplace.epassi.fi\/idealhealth\/wp-json\/wp\/v2\/comments?post=386"}],"wp:featuredmedia":[{"embeddable":true,"href":"https:\/\/marketplace.epassi.fi\/idealhealth\/wp-json\/wp\/v2\/media\/382"}],"wp:attachment":[{"href":"https:\/\/marketplace.epassi.fi\/idealhealth\/wp-json\/wp\/v2\/media?parent=386"}],"wp:term":[{"taxonomy":"product_brand","embeddable":true,"href":"https:\/\/marketplace.epassi.fi\/idealhealth\/wp-json\/wp\/v2\/product_brand?post=386"},{"taxonomy":"product_cat","embeddable":true,"href":"https:\/\/marketplace.epassi.fi\/idealhealth\/wp-json\/wp\/v2\/product_cat?post=386"},{"taxonomy":"product_tag","embeddable":true,"href":"https:\/\/marketplace.epassi.fi\/idealhealth\/wp-json\/wp\/v2\/product_tag?post=386"}],"curies":[{"name":"wp","href":"https:\/\/api.w.org\/{rel}","templated":true}]}}