{"id":274,"date":"2021-10-16T11:14:50","date_gmt":"2021-10-16T11:14:50","guid":{"rendered":"https:\/\/marketplace.epassi.fi\/impi\/?post_type=product&#038;p=274"},"modified":"2026-01-01T05:01:46","modified_gmt":"2026-01-01T03:01:46","slug":"10-kerran-sarjakortti","status":"publish","type":"product","link":"https:\/\/marketplace.epassi.fi\/impi\/kauppa\/liikuntaedut\/liikunta-muut\/10-kerran-sarjakortti\/","title":{"rendered":"10 kerran sarjakortti (voimassa 6kk)"},"content":{"rendered":"<p>Kortti k\u00e4y kaikilla varausj\u00e4rjestelm\u00e4st\u00e4 varattavilla tunneilla. Lajeina mm. tankotanssi, pole heels, ilma-akrobatia, , dancehall female, twerk.<\/p>\n<p>Jos ostat kortin suoraan marketplacesta niin laita viesti\u00e4 +358505434615 jotta saamme kirjattua kortin tilillesi j\u00e4rjestelm\u00e4\u00e4n.<\/p>\n<p>Lis\u00e4tietoa tunneista l\u00f6yd\u00e4t varausj\u00e4rjestelm\u00e4st\u00e4 Varausj\u00e4rjestelm\u00e4:\u00a0<a title=\"WWW.VARAAHETI.FI\/IMPI\" href=\"https:\/\/varaaheti.fi\/impi\" target=\"_blank\" rel=\"noopener\" aria-describedby=\"a11y-new-window-external-message\">www.varaaheti.fi\/impi<\/a><\/p>\n<p>Kortit ja tuotteet ovat henkil\u00f6kohtaisia.<\/p>\n<p>Lis\u00e4infoa tuotteista ja saat osoitteesta www.impi.fi ja s\u00e4hk\u00f6postilla info@impi.fi<\/p>\n","protected":false},"excerpt":{"rendered":"<p>10 kerran kortti k\u00e4y kaikilla varausj\u00e4rjestelm\u00e4st\u00e4 varattavissa olevilla tunneilla. 10 kerran kortti on voimassa 12 kuukautta. Kortti on s\u00e4hk\u00f6inen ja se lis\u00e4t\u00e4\u00e4n varausj\u00e4rjestelm\u00e4n kun olet luonut tunnuksesi. Varausj\u00e4rjestelm\u00e4:\u00a0<a title=\"WWW.VARAAHETI.FI\/IMPI\" href=\"https:\/\/varaaheti.fi\/impi\" target=\"_blank\" rel=\"noopener\" aria-describedby=\"a11y-new-window-external-message\">www.varaaheti.fi\/impi<\/a><\/p>\n","protected":false},"featured_media":319,"comment_status":"open","ping_status":"closed","template":"","meta":{"_acf_changed":false,"_kad_post_transparent":"default","_kad_post_title":"","_kad_post_layout":"default","_kad_post_sidebar_id":"","_kad_post_content_style":"default","_kad_post_vertical_padding":"default","_kad_post_feature":"","_kad_post_feature_position":"","_kad_post_header":false,"_kad_post_footer":false,"_kad_post_classname":""},"product_brand":[],"product_cat":[29,19,27],"product_tag":[],"class_list":{"0":"post-274","1":"product","2":"type-product","3":"status-publish","4":"has-post-thumbnail","6":"product_cat-liikunta-muut","7":"product_cat-liikuntaedut","8":"product_cat-ryhmaliikunta","10":"first","11":"instock","12":"virtual","13":"taxable","14":"purchasable","15":"product-type-simple","16":"entry","17":"content-bg","18":"loop-entry"},"acf":[],"_links":{"self":[{"href":"https:\/\/marketplace.epassi.fi\/impi\/wp-json\/wp\/v2\/product\/274","targetHints":{"allow":["GET"]}}],"collection":[{"href":"https:\/\/marketplace.epassi.fi\/impi\/wp-json\/wp\/v2\/product"}],"about":[{"href":"https:\/\/marketplace.epassi.fi\/impi\/wp-json\/wp\/v2\/types\/product"}],"replies":[{"embeddable":true,"href":"https:\/\/marketplace.epassi.fi\/impi\/wp-json\/wp\/v2\/comments?post=274"}],"wp:featuredmedia":[{"embeddable":true,"href":"https:\/\/marketplace.epassi.fi\/impi\/wp-json\/wp\/v2\/media\/319"}],"wp:attachment":[{"href":"https:\/\/marketplace.epassi.fi\/impi\/wp-json\/wp\/v2\/media?parent=274"}],"wp:term":[{"taxonomy":"product_brand","embeddable":true,"href":"https:\/\/marketplace.epassi.fi\/impi\/wp-json\/wp\/v2\/product_brand?post=274"},{"taxonomy":"product_cat","embeddable":true,"href":"https:\/\/marketplace.epassi.fi\/impi\/wp-json\/wp\/v2\/product_cat?post=274"},{"taxonomy":"product_tag","embeddable":true,"href":"https:\/\/marketplace.epassi.fi\/impi\/wp-json\/wp\/v2\/product_tag?post=274"}],"curies":[{"name":"wp","href":"https:\/\/api.w.org\/{rel}","templated":true}]}}