{"id":327,"date":"2021-11-18T12:32:53","date_gmt":"2021-11-18T10:32:53","guid":{"rendered":"https:\/\/marketplace.epassi.fi\/impi\/?post_type=product&#038;p=327"},"modified":"2026-01-01T05:01:46","modified_gmt":"2026-01-01T03:01:46","slug":"1-kerran-vapaatreeni","status":"publish","type":"product","link":"https:\/\/marketplace.epassi.fi\/impi\/kauppa\/liikuntaedut\/jooga\/1-kerran-vapaatreeni\/","title":{"rendered":"1 kerran vapaatreeni"},"content":{"rendered":"<p>Kortti k\u00e4y kaikilla varausj\u00e4rjestelm\u00e4st\u00e4 varattavilla open pole ja open ackro tunneilla. Lis\u00e4tietoa tunneista l\u00f6yd\u00e4t varausj\u00e4rjestelm\u00e4st\u00e4 Varausj\u00e4rjestelm\u00e4:\u00a0<a title=\"WWW.VARAAHETI.FI\/IMPI\" href=\"https:\/\/varaaheti.fi\/impi\" target=\"_blank\" rel=\"noopener\" aria-describedby=\"a11y-new-window-external-message\">www.varaaheti.fi\/impi<\/a><\/p>\n<p>Kortit ja tuotteet ovat henkil\u00f6kohtaisia.<\/p>\n<p>Lis\u00e4infoa tuotteista ja saat osoitteesta www.impi.fi ja s\u00e4hk\u00f6postilla info@impi.fi<\/p>\n","protected":false},"excerpt":{"rendered":"<p>T\u00e4ll\u00e4 kortilla p\u00e4\u00e4set treenaamaan vapaatreeneiss\u00e4. Vapaatreeni (Open training) tunnilla ei ole ohjaajaa. Voit k\u00e4ytt\u00e4\u00e4 kaikkia salissa vapaana olevia v\u00e4lineit\u00e4. Huolehdithan aina kaikki v\u00e4lineet takaisin omille paikoilleen.<\/p>\n<p>Jos ostat kortin suoraan marketplacesta niin laita viesti\u00e4 +358505434615 jotta saamme kirjattua kortin tilillesi j\u00e4rjestelm\u00e4\u00e4n.<\/p>\n<p>Vapaatreeneihin paikat varataan varausj\u00e4rjestelm\u00e4st\u00e4 <a href=\"https:\/\/varaaheti.fi\/impi\" target=\"_blank\" rel=\"noopener noreferrer\" aria-describedby=\"a11y-new-window-external-message\">www.varaaheti.fi\/impi<\/a>. Lis\u00e4\u00e4mme vapaatreenikorttisi s\u00e4hk\u00f6iseen varausj\u00e4rjestelm\u00e4\u00e4n automaattisesti.<\/p>\n<p>Vapaatreeneiss\u00e4 treenaat omalla vastuulla. Sinun tulee huolehtia, ett\u00e4 sinulla on voimassa oleva tapaturmavakuutus. Eth\u00e4n koskaan treenaa vaikeita liikkeit\u00e4 tai liikesarjoja yksin.<\/p>\n","protected":false},"featured_media":321,"comment_status":"open","ping_status":"closed","template":"","meta":{"_acf_changed":false,"_kad_post_transparent":"default","_kad_post_title":"","_kad_post_layout":"default","_kad_post_sidebar_id":"","_kad_post_content_style":"default","_kad_post_vertical_padding":"default","_kad_post_feature":"","_kad_post_feature_position":"","_kad_post_header":false,"_kad_post_footer":false,"_kad_post_classname":""},"product_brand":[],"product_cat":[25,23,29,19,27,15],"product_tag":[],"class_list":{"0":"post-327","1":"product","2":"type-product","3":"status-publish","4":"has-post-thumbnail","6":"product_cat-jooga","7":"product_cat-kuntosali","8":"product_cat-liikunta-muut","9":"product_cat-liikuntaedut","10":"product_cat-ryhmaliikunta","11":"product_cat-yleinen","13":"first","14":"instock","15":"virtual","16":"taxable","17":"purchasable","18":"product-type-simple","19":"entry","20":"content-bg","21":"loop-entry"},"acf":[],"_links":{"self":[{"href":"https:\/\/marketplace.epassi.fi\/impi\/wp-json\/wp\/v2\/product\/327","targetHints":{"allow":["GET"]}}],"collection":[{"href":"https:\/\/marketplace.epassi.fi\/impi\/wp-json\/wp\/v2\/product"}],"about":[{"href":"https:\/\/marketplace.epassi.fi\/impi\/wp-json\/wp\/v2\/types\/product"}],"replies":[{"embeddable":true,"href":"https:\/\/marketplace.epassi.fi\/impi\/wp-json\/wp\/v2\/comments?post=327"}],"wp:featuredmedia":[{"embeddable":true,"href":"https:\/\/marketplace.epassi.fi\/impi\/wp-json\/wp\/v2\/media\/321"}],"wp:attachment":[{"href":"https:\/\/marketplace.epassi.fi\/impi\/wp-json\/wp\/v2\/media?parent=327"}],"wp:term":[{"taxonomy":"product_brand","embeddable":true,"href":"https:\/\/marketplace.epassi.fi\/impi\/wp-json\/wp\/v2\/product_brand?post=327"},{"taxonomy":"product_cat","embeddable":true,"href":"https:\/\/marketplace.epassi.fi\/impi\/wp-json\/wp\/v2\/product_cat?post=327"},{"taxonomy":"product_tag","embeddable":true,"href":"https:\/\/marketplace.epassi.fi\/impi\/wp-json\/wp\/v2\/product_tag?post=327"}],"curies":[{"name":"wp","href":"https:\/\/api.w.org\/{rel}","templated":true}]}}