{"id":336,"date":"2023-09-19T13:56:07","date_gmt":"2023-09-19T10:56:07","guid":{"rendered":"https:\/\/marketplace.epassi.fi\/into-club\/?post_type=product&#038;p=336"},"modified":"2024-07-23T09:38:30","modified_gmt":"2024-07-23T06:38:30","slug":"into-gym-kuntosalijasenyys","status":"publish","type":"product","link":"https:\/\/marketplace.epassi.fi\/into-club\/kauppa\/liikuntaedut\/kuntosali\/into-gym-kuntosalijasenyys\/","title":{"rendered":"Into Gym kuntosalij\u00e4senyys"},"content":{"rendered":"<p><strong>Into Gym<\/strong> on kuntosalij\u00e4senyys, joka oikeuttaa kuntosaleillamme harjoitteluun p\u00e4ivitt\u00e4in klo 5:00-22:45. Lis\u00e4ksi voit hy\u00f6dynt\u00e4\u00e4 sis\u00e4py\u00f6r\u00e4ilystudiomme Virtual-tunteja aina, kun salissa ei ole liveohjattuja tunteja. J\u00e4senyyden minimikesto on kaksi kalenterikuukautta.<\/p>\n<hr \/>\n<p>Kuntosaliharjoittelu lis\u00e4\u00e4 ja yll\u00e4pit\u00e4\u00e4 lihasmassaa, parantaa kehonkoostumusta ja ryhti\u00e4, pienent\u00e4\u00e4 rasitusvammariski\u00e4 sek\u00e4 tehostaa aineenvaihduntaa &#8211; positiivista ulkon\u00e4k\u00f6muutosta unohtamatta.<\/p>\n<hr \/>\n<p><strong>Huom! <\/strong>J\u00e4senyyden v\u00e4himm\u00e4iskesto on 2 kuukautta ja irtisanomisaika yksi kalenterikuukausi. Hae henkil\u00f6kohtainen kulkuavaimesi Inton asiakaspalvelusta sen aukioloaikoina.<\/p>\n","protected":false},"excerpt":{"rendered":"<p>Into Gym on kuntosalij\u00e4senyys, joka oikeuttaa kuntosaleillamme harjoitteluun p\u00e4ivitt\u00e4in klo 5:00-22:45. Lis\u00e4ksi voit hy\u00f6dynt\u00e4\u00e4 sis\u00e4py\u00f6r\u00e4ilystudiomme Virtual-tunteja aina, kun salissa ei ole liveohjattuja tunteja. J\u00e4senyyden minimikesto on kaksi kalenterikuukautta. Kuntosaliharjoittelu lis\u00e4\u00e4 ja yll\u00e4pit\u00e4\u00e4 lihasmassaa, parantaa kehonkoostumusta ja ryhti\u00e4, pienent\u00e4\u00e4 rasitusvammariski\u00e4 sek\u00e4 tehostaa aineenvaihduntaa &#8211; positiivista ulkon\u00e4k\u00f6muutosta unohtamatta. Huom! J\u00e4senyyden v\u00e4himm\u00e4iskesto on 2 kuukautta ja irtisanomisaika yksi&#8230;<\/p>\n","protected":false},"featured_media":332,"comment_status":"open","ping_status":"closed","template":"","meta":{"_acf_changed":false,"_kad_post_transparent":"default","_kad_post_title":"","_kad_post_layout":"default","_kad_post_sidebar_id":"","_kad_post_content_style":"default","_kad_post_vertical_padding":"default","_kad_post_feature":"","_kad_post_feature_position":"","_kad_post_header":false,"_kad_post_footer":false,"_kad_post_classname":""},"product_brand":[],"product_cat":[23,29,19,28],"product_tag":[],"class_list":{"0":"post-336","1":"product","2":"type-product","3":"status-publish","4":"has-post-thumbnail","6":"product_cat-kuntosali","7":"product_cat-liikunta-muut","8":"product_cat-liikuntaedut","9":"product_cat-verkkotreenit","11":"first","12":"instock","13":"virtual","14":"taxable","15":"purchasable","16":"product-type-simple","17":"entry","18":"content-bg","19":"loop-entry"},"acf":[],"_links":{"self":[{"href":"https:\/\/marketplace.epassi.fi\/into-club\/wp-json\/wp\/v2\/product\/336","targetHints":{"allow":["GET"]}}],"collection":[{"href":"https:\/\/marketplace.epassi.fi\/into-club\/wp-json\/wp\/v2\/product"}],"about":[{"href":"https:\/\/marketplace.epassi.fi\/into-club\/wp-json\/wp\/v2\/types\/product"}],"replies":[{"embeddable":true,"href":"https:\/\/marketplace.epassi.fi\/into-club\/wp-json\/wp\/v2\/comments?post=336"}],"wp:featuredmedia":[{"embeddable":true,"href":"https:\/\/marketplace.epassi.fi\/into-club\/wp-json\/wp\/v2\/media\/332"}],"wp:attachment":[{"href":"https:\/\/marketplace.epassi.fi\/into-club\/wp-json\/wp\/v2\/media?parent=336"}],"wp:term":[{"taxonomy":"product_brand","embeddable":true,"href":"https:\/\/marketplace.epassi.fi\/into-club\/wp-json\/wp\/v2\/product_brand?post=336"},{"taxonomy":"product_cat","embeddable":true,"href":"https:\/\/marketplace.epassi.fi\/into-club\/wp-json\/wp\/v2\/product_cat?post=336"},{"taxonomy":"product_tag","embeddable":true,"href":"https:\/\/marketplace.epassi.fi\/into-club\/wp-json\/wp\/v2\/product_tag?post=336"}],"curies":[{"name":"wp","href":"https:\/\/api.w.org\/{rel}","templated":true}]}}