{"id":22,"date":"2021-09-13T17:45:59","date_gmt":"2021-09-13T17:45:59","guid":{"rendered":"https:\/\/marketplace.epassi.fi\/jalkahoito-talvikki\/?page_id=22"},"modified":"2021-10-12T10:57:35","modified_gmt":"2021-10-12T10:57:35","slug":"info","status":"publish","type":"page","link":"https:\/\/marketplace.epassi.fi\/jalkahoito-talvikki\/info\/","title":{"rendered":"Info"},"content":{"rendered":"\n\t<div class=\"entry-content single-content\">\n\n\t\t<div class=\"wp-block-columns\" style=\"gap:30px\">\n\t\t\t<div class=\"wp-block-column\">\n\t\t\t\t<h2>Jalkahoito VirvaTalvikki terveydellinen jalkahoito<\/h2>\n\t\t\t\t<p><p>Olen Virva Mets\u00e4l\u00e4 Valviran hyv\u00e4ksym\u00e4 terveydenhuollon ammattihenkil\u00f6 ja rekister\u00f6ity terveydenhoitoalan itsen\u00e4inen ammatinharjoittaja. Teen terveydellist\u00e4 jalkahoitoa ja yritykseni Jalkahoito Virva Talvikki sijaitsee Verkkoneula 5 C 84 (6. krs) 00580 HKI.<\/p>\n<p>Kotihoitolassani noudatan yleisesti k\u00e4yt\u00f6ss\u00e4 olevia puhtaus-, desinfiointi- ja hygieniamenetelmi\u00e4. K\u00e4yt\u00f6ss\u00e4 on ultra\u00e4\u00e4nipesulaite sek\u00e4 PetitClavea autoklaavi sterilointiin, joilla huollan kaikki k\u00e4yt\u00f6ss\u00e4 olleet ty\u00f6v\u00e4lineet p\u00e4ivitt\u00e4in. Jokaista asiakasta varten on aina puhtaat ja steriloidut v\u00e4lineet. <\/p>\n<p>Lis\u00e4\u00e4 yrityksest\u00e4ni ja palveluista voit katsoa https:\/\/sites.google.com\/view\/jalkahoitovirvatalvikki.<br \/>\nNettiajanvaraus l\u00f6ytyy vello.fi\/jalkahoitovirvatalvikki ja ajanvarauksen voi my\u00f6s soittaa minulle 044 911 5756.<\/p>\n<\/p>\n\t\t\t\t<h3>Jalkahoito Virva Talvikki<\/h3>\n\t\t\t\t<p>Verkkoneula 5 C 84<br>\n\t\t\t\t\t00580 Helsinki<\/p>\n\t\t\t\t<p><a href=\"tel:0449115756\">0449115756<\/a><\/p>\n\t\t\t\t<p><a href=\"mailto:jalkahoito.virva.talvikki@gmail.com\">jalkahoito.virva.talvikki@gmail.com<\/a><\/p>\n\n\t\t\t\t<h2>Toimipisteet<\/h2><div class=\"info-page-location-list\"><div class=\"info-page-location\"><h3>Jalkahoito Virva Talvikki<\/h3><p>Verkkoneula 5, 00580 Helsingfors<\/p><p><a href=\"tel:0449115756\">0449115756<\/a><br><a href=\"mail:jalkahoito.virva.talvikki@gmail.com\">jalkahoito.virva.talvikki@gmail.com<\/a><p><a href=\"https:\/\/www.google.com\/maps\/search\/?api=1&query=Google&query_place_id=ChIJE-t9D3AJkkYRxqxclvrm0B0\">Katso sijainti kartalla <span>&#8599;<\/span><\/a><\/p><\/p><p>Jalkahoito Virva Talvikki on kotihoitola, avoinna ajanvarauksella sijainnissa:\r\nVerkkoneula 5 C 84 (6.krs) 00580 Helsinki<\/p><\/div><\/div>\t\t\t<\/div>\n\n\t\t\t<div class=\"wp-block-column\">\n\t\t\t\t<figure class=\"wp-block-image size-large\"><img loading=\"lazy\" decoding=\"async\" width=\"73\" height=\"73\" src=\"https:\/\/marketplace.epassi.fi\/jalkahoito-talvikki\/wp-content\/uploads\/sites\/151\/2021\/12\/JHVT_logo-copy.jpeg\" class=\"attachment-medium_large size-medium_large\" alt=\"\" \/><\/figure>\n\t\t\t<\/div>\n\t\t<\/div>\n\t<\/div>\n\t\n","protected":false},"excerpt":{"rendered":"","protected":false},"author":2,"featured_media":0,"parent":0,"menu_order":0,"comment_status":"closed","ping_status":"closed","template":"","meta":{"_acf_changed":false,"_kad_post_transparent":"","_kad_post_title":"","_kad_post_layout":"","_kad_post_sidebar_id":"","_kad_post_content_style":"","_kad_post_vertical_padding":"","_kad_post_feature":"","_kad_post_feature_position":"","_kad_post_header":false,"_kad_post_footer":false,"_kad_post_classname":"","footnotes":""},"class_list":["post-22","page","type-page","status-publish","hentry"],"acf":[],"_links":{"self":[{"href":"https:\/\/marketplace.epassi.fi\/jalkahoito-talvikki\/wp-json\/wp\/v2\/pages\/22","targetHints":{"allow":["GET"]}}],"collection":[{"href":"https:\/\/marketplace.epassi.fi\/jalkahoito-talvikki\/wp-json\/wp\/v2\/pages"}],"about":[{"href":"https:\/\/marketplace.epassi.fi\/jalkahoito-talvikki\/wp-json\/wp\/v2\/types\/page"}],"author":[{"embeddable":true,"href":"https:\/\/marketplace.epassi.fi\/jalkahoito-talvikki\/wp-json\/wp\/v2\/users\/2"}],"replies":[{"embeddable":true,"href":"https:\/\/marketplace.epassi.fi\/jalkahoito-talvikki\/wp-json\/wp\/v2\/comments?post=22"}],"version-history":[{"count":10,"href":"https:\/\/marketplace.epassi.fi\/jalkahoito-talvikki\/wp-json\/wp\/v2\/pages\/22\/revisions"}],"predecessor-version":[{"id":264,"href":"https:\/\/marketplace.epassi.fi\/jalkahoito-talvikki\/wp-json\/wp\/v2\/pages\/22\/revisions\/264"}],"wp:attachment":[{"href":"https:\/\/marketplace.epassi.fi\/jalkahoito-talvikki\/wp-json\/wp\/v2\/media?parent=22"}],"curies":[{"name":"wp","href":"https:\/\/api.w.org\/{rel}","templated":true}]}}