{"id":67,"date":"2021-09-13T18:36:17","date_gmt":"2021-09-13T18:36:17","guid":{"rendered":"https:\/\/marketplace.epassi.fi\/jalkahoito-talvikki\/?post_type=product&#038;p=67"},"modified":"2026-01-01T13:47:10","modified_gmt":"2026-01-01T11:47:10","slug":"perusjalkahoito-60-min-lahjakortti-voimassa-6-kk","status":"publish","type":"product","link":"https:\/\/marketplace.epassi.fi\/jalkahoito-talvikki\/kauppa\/hyvinvointi\/perusjalkahoito-60-min-lahjakortti-voimassa-6-kk\/","title":{"rendered":"Perusjalkahoito (60 min)"},"content":{"rendered":"<p class=\"p1\">Perusjalkahoito on heille, joilla ei ole suuria ongelmia kynsiss\u00e4 tai jalkaterien ihossa. Sis\u00e4lt\u00e4\u00e4: kynsien leikkuun ja siistimisen, kynsiuurteiden puhdistuksen, jalkapohjien kuivan ihon hionnan, pinnallisten k\u00e4nsien poiston, hoitorasvauksen. Tyypillinen hoitok\u00e4ynnin kesto 60 min.<\/p>\n<p>Lahjakortti voimassa 6 kk ostop\u00e4iv\u00e4st\u00e4. Ajan voi varata vello.fi\/jalkahoitovirvatalvikki viestikentt\u00e4\u00e4n maininta ePassi Marketplace ostos riitt\u00e4\u00e4.<\/p>\n","protected":false},"excerpt":{"rendered":"<p>Perusjalkahoidossa tarkistetaan ja hoidetaan ihon ja kynsien pikkumuutokset. Loppuun hoitorasvaus ja hoitoajan puitteissa s\u00e4\u00e4ri-jalkater\u00e4hierontaa.<\/p>\n<p>Suosittelen kaikille perusjalkahoitoa ainakin kerran vuodessa ja jalkasi kiitt\u00e4\u00e4! Tervetuloa!<\/p>\n<p>Lahjakortti voimassa 6 kk ostop\u00e4iv\u00e4st\u00e4.<\/p>\n","protected":false},"featured_media":534,"comment_status":"open","ping_status":"closed","template":"","meta":{"_acf_changed":false,"_kad_post_transparent":"default","_kad_post_title":"","_kad_post_layout":"default","_kad_post_sidebar_id":"","_kad_post_content_style":"default","_kad_post_vertical_padding":"default","_kad_post_feature":"","_kad_post_feature_position":"","_kad_post_header":false,"_kad_post_footer":false,"_kad_post_classname":""},"product_brand":[],"product_cat":[21],"product_tag":[],"class_list":{"0":"post-67","1":"product","2":"type-product","3":"status-publish","4":"has-post-thumbnail","6":"product_cat-hyvinvointi","8":"first","9":"instock","10":"virtual","11":"taxable","12":"purchasable","13":"product-type-simple","14":"entry","15":"content-bg","16":"loop-entry"},"acf":[],"_links":{"self":[{"href":"https:\/\/marketplace.epassi.fi\/jalkahoito-talvikki\/wp-json\/wp\/v2\/product\/67","targetHints":{"allow":["GET"]}}],"collection":[{"href":"https:\/\/marketplace.epassi.fi\/jalkahoito-talvikki\/wp-json\/wp\/v2\/product"}],"about":[{"href":"https:\/\/marketplace.epassi.fi\/jalkahoito-talvikki\/wp-json\/wp\/v2\/types\/product"}],"replies":[{"embeddable":true,"href":"https:\/\/marketplace.epassi.fi\/jalkahoito-talvikki\/wp-json\/wp\/v2\/comments?post=67"}],"wp:featuredmedia":[{"embeddable":true,"href":"https:\/\/marketplace.epassi.fi\/jalkahoito-talvikki\/wp-json\/wp\/v2\/media\/534"}],"wp:attachment":[{"href":"https:\/\/marketplace.epassi.fi\/jalkahoito-talvikki\/wp-json\/wp\/v2\/media?parent=67"}],"wp:term":[{"taxonomy":"product_brand","embeddable":true,"href":"https:\/\/marketplace.epassi.fi\/jalkahoito-talvikki\/wp-json\/wp\/v2\/product_brand?post=67"},{"taxonomy":"product_cat","embeddable":true,"href":"https:\/\/marketplace.epassi.fi\/jalkahoito-talvikki\/wp-json\/wp\/v2\/product_cat?post=67"},{"taxonomy":"product_tag","embeddable":true,"href":"https:\/\/marketplace.epassi.fi\/jalkahoito-talvikki\/wp-json\/wp\/v2\/product_tag?post=67"}],"curies":[{"name":"wp","href":"https:\/\/api.w.org\/{rel}","templated":true}]}}