{"id":327,"date":"2023-11-22T18:12:04","date_gmt":"2023-11-22T16:12:04","guid":{"rendered":"https:\/\/marketplace.epassi.fi\/jennin-jalkahoitola\/?post_type=product&#038;p=327"},"modified":"2025-10-30T16:35:17","modified_gmt":"2025-10-30T14:35:17","slug":"jalkahoito-60min","status":"publish","type":"product","link":"https:\/\/marketplace.epassi.fi\/jennin-jalkahoitola\/kauppa\/hyvinvointi\/jalkahoito-60min\/","title":{"rendered":"Jalkojenhoito 60min"},"content":{"rendered":"<p><span style=\"color: #1b2e30; font-family: 'Sofia Pro', 'Segoe UI', Roboto, 'Helvetica Neue', Arial, 'Noto Sans', sans-serif, 'Apple Color Emoji', 'Segoe UI Emoji', 'Segoe UI Symbol', 'Noto Color Emoji'; font-size: 14px;\">Hoito sis\u00e4lt\u00e4\u00e4 jalkakylvyn, kovettumien ja k\u00e4nsien poiston, kynsien lyhennyksen sek\u00e4 tarvittaessa ohentamisen, jalkojen rasvaushieronnan hoitoajan puitteissa sek\u00e4 kotihoito-ohjeet. Mik\u00e4li jaloissasi on paksut kovettuma-alueet, suosittelen varaamaan pidemm\u00e4n hoitoajan (Jalkojenhoito 75min).<\/span><\/p>\n<p>Oston tehty\u00e4si voit varata ajan www.jenninjalkahoitola.fi, tilaus l\u00f6ytyy nimell\u00e4si.<\/p>\n<p>Osto on voimassa 12kk.<\/p>\n<p>&nbsp;<\/p>\n","protected":false},"excerpt":{"rendered":"<p>Hoito sis\u00e4lt\u00e4\u00e4 jalkakylvyn, kovettumien ja k\u00e4nsien poiston, kynsien lyhennyksen sek\u00e4 tarvittaessa ohentamisen, jalkojen rasvaushieronnan hoitoajan puitteissa sek\u00e4 kotihoito-ohjeet. Mik\u00e4li jaloissasi on paksut kovettuma-alueet, suosittelen varaamaan pidemm\u00e4n hoitoajan (Jalkojenhoito 75min). Oston tehty\u00e4si voit varata ajan www.jenninjalkahoitola.fi, tilaus l\u00f6ytyy nimell\u00e4si. Osto on voimassa 12kk. &nbsp;<\/p>\n","protected":false},"featured_media":325,"comment_status":"open","ping_status":"closed","template":"","meta":{"_acf_changed":false,"_kad_post_transparent":"default","_kad_post_title":"","_kad_post_layout":"default","_kad_post_sidebar_id":"","_kad_post_content_style":"default","_kad_post_vertical_padding":"default","_kad_post_feature":"","_kad_post_feature_position":"","_kad_post_header":false,"_kad_post_footer":false,"_kad_post_classname":""},"product_brand":[],"product_cat":[21],"product_tag":[],"class_list":{"0":"post-327","1":"product","2":"type-product","3":"status-publish","4":"has-post-thumbnail","6":"product_cat-hyvinvointi","8":"first","9":"instock","10":"virtual","11":"purchasable","12":"product-type-simple","13":"entry","14":"content-bg","15":"loop-entry"},"acf":[],"_links":{"self":[{"href":"https:\/\/marketplace.epassi.fi\/jennin-jalkahoitola\/wp-json\/wp\/v2\/product\/327","targetHints":{"allow":["GET"]}}],"collection":[{"href":"https:\/\/marketplace.epassi.fi\/jennin-jalkahoitola\/wp-json\/wp\/v2\/product"}],"about":[{"href":"https:\/\/marketplace.epassi.fi\/jennin-jalkahoitola\/wp-json\/wp\/v2\/types\/product"}],"replies":[{"embeddable":true,"href":"https:\/\/marketplace.epassi.fi\/jennin-jalkahoitola\/wp-json\/wp\/v2\/comments?post=327"}],"wp:featuredmedia":[{"embeddable":true,"href":"https:\/\/marketplace.epassi.fi\/jennin-jalkahoitola\/wp-json\/wp\/v2\/media\/325"}],"wp:attachment":[{"href":"https:\/\/marketplace.epassi.fi\/jennin-jalkahoitola\/wp-json\/wp\/v2\/media?parent=327"}],"wp:term":[{"taxonomy":"product_brand","embeddable":true,"href":"https:\/\/marketplace.epassi.fi\/jennin-jalkahoitola\/wp-json\/wp\/v2\/product_brand?post=327"},{"taxonomy":"product_cat","embeddable":true,"href":"https:\/\/marketplace.epassi.fi\/jennin-jalkahoitola\/wp-json\/wp\/v2\/product_cat?post=327"},{"taxonomy":"product_tag","embeddable":true,"href":"https:\/\/marketplace.epassi.fi\/jennin-jalkahoitola\/wp-json\/wp\/v2\/product_tag?post=327"}],"curies":[{"name":"wp","href":"https:\/\/api.w.org\/{rel}","templated":true}]}}