{"id":330,"date":"2023-11-22T18:17:11","date_gmt":"2023-11-22T16:17:11","guid":{"rendered":"https:\/\/marketplace.epassi.fi\/jennin-jalkahoitola\/?post_type=product&#038;p=330"},"modified":"2025-10-30T16:34:53","modified_gmt":"2025-10-30T14:34:53","slug":"jalkojenhoito-hieronnalla","status":"publish","type":"product","link":"https:\/\/marketplace.epassi.fi\/jennin-jalkahoitola\/kauppa\/hyvinvointi\/jalkojenhoito-hieronnalla\/","title":{"rendered":"Jalkojenhoito hieronnalla"},"content":{"rendered":"<p>Sis\u00e4lt\u00e4\u00e4 jalkojenhoidon 60min sek\u00e4 jalkojenhieronnan 30min. Hoitoaika yht 90min.<\/p>\n<p>Oston tehty\u00e4si voit varata ajan www.jenninjalkahoitola.fi, tilaus l\u00f6ytyy nimell\u00e4si.<\/p>\n<p>Osto on voimassa 12kk.<\/p>\n","protected":false},"excerpt":{"rendered":"<p>Sis\u00e4lt\u00e4\u00e4 jalkojenhoidon 60min sek\u00e4 jalkojenhieronnan 30min. Hoitoaika yht 90min. Oston tehty\u00e4si voit varata ajan www.jenninjalkahoitola.fi, tilaus l\u00f6ytyy nimell\u00e4si. Osto on voimassa 12kk.<\/p>\n","protected":false},"featured_media":325,"comment_status":"open","ping_status":"closed","template":"","meta":{"_acf_changed":false,"_kad_post_transparent":"default","_kad_post_title":"","_kad_post_layout":"default","_kad_post_sidebar_id":"","_kad_post_content_style":"default","_kad_post_vertical_padding":"default","_kad_post_feature":"","_kad_post_feature_position":"","_kad_post_header":false,"_kad_post_footer":false,"_kad_post_classname":""},"product_brand":[],"product_cat":[21],"product_tag":[],"class_list":{"0":"post-330","1":"product","2":"type-product","3":"status-publish","4":"has-post-thumbnail","6":"product_cat-hyvinvointi","8":"first","9":"instock","10":"virtual","11":"taxable","12":"purchasable","13":"product-type-simple","14":"entry","15":"content-bg","16":"loop-entry"},"acf":[],"_links":{"self":[{"href":"https:\/\/marketplace.epassi.fi\/jennin-jalkahoitola\/wp-json\/wp\/v2\/product\/330","targetHints":{"allow":["GET"]}}],"collection":[{"href":"https:\/\/marketplace.epassi.fi\/jennin-jalkahoitola\/wp-json\/wp\/v2\/product"}],"about":[{"href":"https:\/\/marketplace.epassi.fi\/jennin-jalkahoitola\/wp-json\/wp\/v2\/types\/product"}],"replies":[{"embeddable":true,"href":"https:\/\/marketplace.epassi.fi\/jennin-jalkahoitola\/wp-json\/wp\/v2\/comments?post=330"}],"wp:featuredmedia":[{"embeddable":true,"href":"https:\/\/marketplace.epassi.fi\/jennin-jalkahoitola\/wp-json\/wp\/v2\/media\/325"}],"wp:attachment":[{"href":"https:\/\/marketplace.epassi.fi\/jennin-jalkahoitola\/wp-json\/wp\/v2\/media?parent=330"}],"wp:term":[{"taxonomy":"product_brand","embeddable":true,"href":"https:\/\/marketplace.epassi.fi\/jennin-jalkahoitola\/wp-json\/wp\/v2\/product_brand?post=330"},{"taxonomy":"product_cat","embeddable":true,"href":"https:\/\/marketplace.epassi.fi\/jennin-jalkahoitola\/wp-json\/wp\/v2\/product_cat?post=330"},{"taxonomy":"product_tag","embeddable":true,"href":"https:\/\/marketplace.epassi.fi\/jennin-jalkahoitola\/wp-json\/wp\/v2\/product_tag?post=330"}],"curies":[{"name":"wp","href":"https:\/\/api.w.org\/{rel}","templated":true}]}}