{"id":22,"date":"2021-09-13T17:45:59","date_gmt":"2021-09-13T17:45:59","guid":{"rendered":"https:\/\/marketplace.epassi.fi\/joogakurssi\/?page_id=22"},"modified":"2021-10-12T10:57:35","modified_gmt":"2021-10-12T10:57:35","slug":"info","status":"publish","type":"page","link":"https:\/\/marketplace.epassi.fi\/joogakurssi\/info\/","title":{"rendered":"Info"},"content":{"rendered":"\n\t<div class=\"entry-content single-content\">\n\n\t\t<div class=\"wp-block-columns\" style=\"gap:30px\">\n\t\t\t<div class=\"wp-block-column\">\n\t\t\t\t<h2>Joogaa kotona juuri silloin kun haluat<\/h2>\n\t\t\t\t<p><p>Astu joogamatolle miss\u00e4 haluat ja milloin haluat. <\/p>\n<p>Kaipaat sitten rentoutta, liikkuvuutta, stressin lievityst\u00e4, sel\u00e4n pehmityst\u00e4, ryhti\u00e4, lantion avausta, lihasten vahvistusta tai aineenvaihdunnalle buustia - l\u00f6yd\u00e4t sen joogakurssilta.<\/p>\n<p>Joogakurssi.fi INFOT<br \/>\n\ud83d\udc9b Heti k\u00e4ytett\u00e4viss\u00e4 yli 170 harjoitusta<br \/>\n\ud83d\udd70\ufe0f\u00a0Harjoituksen voi valita ajan tai teeman mukaan<br \/>\n\ud83c\udfe1 Harjoittelet kotona juuri silloin kun haluat<br \/>\n\ud83d\udcaa Joogan lis\u00e4ksi meditaatio ja lihaskuntoharjoitukset<br \/>\n\ud83d\ude4b\u200d\u2640\ufe0f Ammattitaitoista ohjausta 17 vuoden kokemuksella<br \/>\n\ud83e\udd17 6 erilaista joogahaastetta vuoden aikana<br \/>\n\ud83c\udf41\u00a0Anti Stress joogahaaste alkaa heti kun liityt mukaan<br \/>\n\ud83c\udf84 Joulukuussa Jooga joulukalenteri<\/p>\n<p>Sinua ohjaamassa joogakurssilla on Katja Mattila. H\u00e4n on kokonaisvaltaiseen hyvinvointiin erikoistunut Personal Trainer, mentaalivalmentaja ja joogaohjaaja. Kahden pienen lapsen \u00e4itin\u00e4 Katja tiet\u00e4\u00e4 kuinka haastavaa on huolehtia omasta hyvinvoinnista. Joogakurssilla p\u00e4\u00e4set joogaamaan Katjan kanssa turvallisesti kotona juuri silloin kun sinulla on siihen aikaa. <\/p>\n<\/p>\n\t\t\t\t<h3>Joogakurssi.fi by Loving Wellness<\/h3>\n\t\t\t\t<p><br>\n\t\t\t\t\t <\/p>\n\t\t\t\t<p><a href=\"tel:0407645909\">0407645909<\/a><\/p>\n\t\t\t\t<p><a href=\"mailto:katja@joogakurssi.fi\">katja@joogakurssi.fi<\/a><\/p>\n\n\t\t\t\t\t\t\t<\/div>\n\n\t\t\t<div class=\"wp-block-column\">\n\t\t\t\t<figure class=\"wp-block-image size-large\"><img loading=\"lazy\" decoding=\"async\" width=\"768\" height=\"1256\" src=\"https:\/\/marketplace.epassi.fi\/joogakurssi\/wp-content\/uploads\/sites\/374\/2023\/11\/Katja-Mattila-Joogakurssi-768x1256.jpg\" class=\"attachment-medium_large size-medium_large\" alt=\"\" \/><\/figure>\n\t\t\t<\/div>\n\t\t<\/div>\n\t<\/div>\n\t\n","protected":false},"excerpt":{"rendered":"","protected":false},"author":2,"featured_media":0,"parent":0,"menu_order":0,"comment_status":"closed","ping_status":"closed","template":"","meta":{"_acf_changed":false,"_kad_post_transparent":"","_kad_post_title":"","_kad_post_layout":"","_kad_post_sidebar_id":"","_kad_post_content_style":"","_kad_post_vertical_padding":"","_kad_post_feature":"","_kad_post_feature_position":"","_kad_post_header":false,"_kad_post_footer":false,"_kad_post_classname":"","footnotes":""},"class_list":["post-22","page","type-page","status-publish","hentry"],"acf":[],"_links":{"self":[{"href":"https:\/\/marketplace.epassi.fi\/joogakurssi\/wp-json\/wp\/v2\/pages\/22","targetHints":{"allow":["GET"]}}],"collection":[{"href":"https:\/\/marketplace.epassi.fi\/joogakurssi\/wp-json\/wp\/v2\/pages"}],"about":[{"href":"https:\/\/marketplace.epassi.fi\/joogakurssi\/wp-json\/wp\/v2\/types\/page"}],"author":[{"embeddable":true,"href":"https:\/\/marketplace.epassi.fi\/joogakurssi\/wp-json\/wp\/v2\/users\/2"}],"replies":[{"embeddable":true,"href":"https:\/\/marketplace.epassi.fi\/joogakurssi\/wp-json\/wp\/v2\/comments?post=22"}],"version-history":[{"count":10,"href":"https:\/\/marketplace.epassi.fi\/joogakurssi\/wp-json\/wp\/v2\/pages\/22\/revisions"}],"predecessor-version":[{"id":264,"href":"https:\/\/marketplace.epassi.fi\/joogakurssi\/wp-json\/wp\/v2\/pages\/22\/revisions\/264"}],"wp:attachment":[{"href":"https:\/\/marketplace.epassi.fi\/joogakurssi\/wp-json\/wp\/v2\/media?parent=22"}],"curies":[{"name":"wp","href":"https:\/\/api.w.org\/{rel}","templated":true}]}}