{"id":22,"date":"2021-09-13T17:45:59","date_gmt":"2021-09-13T17:45:59","guid":{"rendered":"https:\/\/marketplace.epassi.fi\/kads\/?page_id=22"},"modified":"2021-10-12T10:57:35","modified_gmt":"2021-10-12T10:57:35","slug":"info","status":"publish","type":"page","link":"https:\/\/marketplace.epassi.fi\/kads\/info\/","title":{"rendered":"Info"},"content":{"rendered":"\n\t<div class=\"entry-content single-content\">\n\n\t\t<div class=\"wp-block-columns\" style=\"gap:30px\">\n\t\t\t<div class=\"wp-block-column\">\n\t\t\t\t<h2>Tankotanssi- ja ilma-alrobatiastudio Turussa<\/h2>\n\t\t\t\t<p><p>Kamikaze Aerial Dance Studio, lyhyesti KADS, on tanko- ja ilma-akrobatian sek\u00e4 perinteisen lattia-akrobatian tunteja tarjoava studio. Tarkemmin tuntitarjontaan p\u00e4\u00e4set tutustumaan ajanvarausj\u00e4rjestelm\u00e4mme ja tuntikuvausten kautta.<\/p>\n<p>Lukuj\u00e4rjestyksess\u00e4 olevien ohjattujen tuntien lis\u00e4ksi p\u00e4\u00e4set treenaamaan my\u00f6s omalla ajalla, kun sinulle sopii meid\u00e4n k\u00e4tev\u00e4n varausj\u00e4rjestelm\u00e4n ja kulkukortin avulla. Tarjoamme my\u00f6s yksityistunteja niin yksil\u00f6ille kuin ryhmille.<\/p>\n<\/p>\n\t\t\t\t<h3>Kamikaze Aerial Dance Studio<\/h3>\n\t\t\t\t<p>Taoskuja 1<br>\n\t\t\t\t\t20320 Turku<\/p>\n\t\t\t\t<p><a href=\"tel:0401648193\">0401648193<\/a><\/p>\n\t\t\t\t<p><a href=\"mailto:kamikaze@kads.fi\">kamikaze@kads.fi<\/a><\/p>\n\n\t\t\t\t<h2>Toimipisteet<\/h2><div class=\"info-page-location-list\"><div class=\"info-page-location\"><h3>Kamikaze Aerial Dance Studio<\/h3><p>Taoskuja 1, 21280 Turku<\/p><p><p><a href=\"https:\/\/www.google.com\/maps\/search\/?api=1&query=Google&query_place_id=ChIJjYO1gmp2jEYR_wO33trn6Us\">Katso sijainti kartalla <span>&#8599;<\/span><\/a><\/p><\/p><p><\/p><\/div><\/div>\t\t\t<\/div>\n\n\t\t\t<div class=\"wp-block-column\">\n\t\t\t\t<figure class=\"wp-block-image size-large\"><img loading=\"lazy\" decoding=\"async\" width=\"646\" height=\"238\" src=\"https:\/\/marketplace.epassi.fi\/kads\/wp-content\/uploads\/sites\/68\/2021\/11\/Kamikaze-logo-combination.png\" class=\"attachment-medium_large size-medium_large\" alt=\"\" \/><\/figure>\n\t\t\t<\/div>\n\t\t<\/div>\n\t<\/div>\n\t\n","protected":false},"excerpt":{"rendered":"","protected":false},"author":2,"featured_media":0,"parent":0,"menu_order":0,"comment_status":"closed","ping_status":"closed","template":"","meta":{"_acf_changed":false,"_kad_post_transparent":"","_kad_post_title":"","_kad_post_layout":"","_kad_post_sidebar_id":"","_kad_post_content_style":"","_kad_post_vertical_padding":"","_kad_post_feature":"","_kad_post_feature_position":"","_kad_post_header":false,"_kad_post_footer":false,"_kad_post_classname":"","footnotes":""},"class_list":["post-22","page","type-page","status-publish","hentry"],"acf":[],"_links":{"self":[{"href":"https:\/\/marketplace.epassi.fi\/kads\/wp-json\/wp\/v2\/pages\/22","targetHints":{"allow":["GET"]}}],"collection":[{"href":"https:\/\/marketplace.epassi.fi\/kads\/wp-json\/wp\/v2\/pages"}],"about":[{"href":"https:\/\/marketplace.epassi.fi\/kads\/wp-json\/wp\/v2\/types\/page"}],"author":[{"embeddable":true,"href":"https:\/\/marketplace.epassi.fi\/kads\/wp-json\/wp\/v2\/users\/2"}],"replies":[{"embeddable":true,"href":"https:\/\/marketplace.epassi.fi\/kads\/wp-json\/wp\/v2\/comments?post=22"}],"version-history":[{"count":10,"href":"https:\/\/marketplace.epassi.fi\/kads\/wp-json\/wp\/v2\/pages\/22\/revisions"}],"predecessor-version":[{"id":264,"href":"https:\/\/marketplace.epassi.fi\/kads\/wp-json\/wp\/v2\/pages\/22\/revisions\/264"}],"wp:attachment":[{"href":"https:\/\/marketplace.epassi.fi\/kads\/wp-json\/wp\/v2\/media?parent=22"}],"curies":[{"name":"wp","href":"https:\/\/api.w.org\/{rel}","templated":true}]}}