{"id":273,"date":"2021-10-16T11:12:03","date_gmt":"2021-10-16T11:12:03","guid":{"rendered":"https:\/\/marketplace.epassi.fi\/kads\/?post_type=product&#038;p=273"},"modified":"2024-07-18T16:17:03","modified_gmt":"2024-07-18T13:17:03","slug":"sarjakortti-5x-opiskelija","status":"publish","type":"product","link":"https:\/\/marketplace.epassi.fi\/kads\/kauppa\/liikuntaedut\/sarjakortti-5x-opiskelija\/","title":{"rendered":"Sarjakortti 5x, opiskelija"},"content":{"rendered":"<p>Sarjakortti 5 kertaa, opiskelijahinta. Varaudu todistamaan olevasi opiskelija paikanp\u00e4\u00e4ll\u00e4. Voimassa 3 kk.<\/p>\n","protected":false},"excerpt":{"rendered":"<p>Sarjakortti 5 kertaa, opiskelijahinta. Varaudu todistamaan olevasi opiskelija paikanp\u00e4\u00e4ll\u00e4. Voimassa 3kk.<\/p>\n","protected":false},"featured_media":314,"comment_status":"open","ping_status":"closed","template":"","meta":{"_acf_changed":false,"_kad_post_transparent":"default","_kad_post_title":"","_kad_post_layout":"default","_kad_post_sidebar_id":"","_kad_post_content_style":"default","_kad_post_vertical_padding":"default","_kad_post_feature":"","_kad_post_feature_position":"","_kad_post_header":false,"_kad_post_footer":false,"_kad_post_classname":""},"product_brand":[],"product_cat":[19],"product_tag":[],"class_list":{"0":"post-273","1":"product","2":"type-product","3":"status-publish","4":"has-post-thumbnail","6":"product_cat-liikuntaedut","8":"first","9":"instock","10":"virtual","11":"taxable","12":"purchasable","13":"product-type-simple","14":"entry","15":"content-bg","16":"loop-entry"},"acf":[],"_links":{"self":[{"href":"https:\/\/marketplace.epassi.fi\/kads\/wp-json\/wp\/v2\/product\/273","targetHints":{"allow":["GET"]}}],"collection":[{"href":"https:\/\/marketplace.epassi.fi\/kads\/wp-json\/wp\/v2\/product"}],"about":[{"href":"https:\/\/marketplace.epassi.fi\/kads\/wp-json\/wp\/v2\/types\/product"}],"replies":[{"embeddable":true,"href":"https:\/\/marketplace.epassi.fi\/kads\/wp-json\/wp\/v2\/comments?post=273"}],"wp:featuredmedia":[{"embeddable":true,"href":"https:\/\/marketplace.epassi.fi\/kads\/wp-json\/wp\/v2\/media\/314"}],"wp:attachment":[{"href":"https:\/\/marketplace.epassi.fi\/kads\/wp-json\/wp\/v2\/media?parent=273"}],"wp:term":[{"taxonomy":"product_brand","embeddable":true,"href":"https:\/\/marketplace.epassi.fi\/kads\/wp-json\/wp\/v2\/product_brand?post=273"},{"taxonomy":"product_cat","embeddable":true,"href":"https:\/\/marketplace.epassi.fi\/kads\/wp-json\/wp\/v2\/product_cat?post=273"},{"taxonomy":"product_tag","embeddable":true,"href":"https:\/\/marketplace.epassi.fi\/kads\/wp-json\/wp\/v2\/product_tag?post=273"}],"curies":[{"name":"wp","href":"https:\/\/api.w.org\/{rel}","templated":true}]}}