{"id":316,"date":"2021-11-17T13:53:13","date_gmt":"2021-11-17T11:53:13","guid":{"rendered":"https:\/\/marketplace.epassi.fi\/kads\/?post_type=product&#038;p=316"},"modified":"2024-07-18T16:16:34","modified_gmt":"2024-07-18T13:16:34","slug":"sarjakortti-20x-opiskelija","status":"publish","type":"product","link":"https:\/\/marketplace.epassi.fi\/kads\/kauppa\/liikuntaedut\/sarjakortti-20x-opiskelija\/","title":{"rendered":"Sarjakortti 20x, opiskelija"},"content":{"rendered":"<p>Sarjakortti 20x, opiskelijahinta. Varaudu todistamaan olevasi opiskelija paikanp\u00e4\u00e4ll\u00e4. Voimassa 5 kk.<\/p>\n","protected":false},"excerpt":{"rendered":"<p>Sarjakortti 20x, opiskelijahinta. Varaudu todistamaan olevasi opiskelija paikanp\u00e4\u00e4ll\u00e4. Voimassa 5 kk.<\/p>\n","protected":false},"featured_media":315,"comment_status":"open","ping_status":"closed","template":"","meta":{"_acf_changed":false,"_kad_post_transparent":"default","_kad_post_title":"","_kad_post_layout":"default","_kad_post_sidebar_id":"","_kad_post_content_style":"default","_kad_post_vertical_padding":"default","_kad_post_feature":"","_kad_post_feature_position":"","_kad_post_header":false,"_kad_post_footer":false,"_kad_post_classname":""},"product_brand":[],"product_cat":[19],"product_tag":[],"class_list":{"0":"post-316","1":"product","2":"type-product","3":"status-publish","4":"has-post-thumbnail","6":"product_cat-liikuntaedut","8":"first","9":"instock","10":"taxable","11":"shipping-taxable","12":"purchasable","13":"product-type-simple","14":"entry","15":"content-bg","16":"loop-entry"},"acf":[],"_links":{"self":[{"href":"https:\/\/marketplace.epassi.fi\/kads\/wp-json\/wp\/v2\/product\/316","targetHints":{"allow":["GET"]}}],"collection":[{"href":"https:\/\/marketplace.epassi.fi\/kads\/wp-json\/wp\/v2\/product"}],"about":[{"href":"https:\/\/marketplace.epassi.fi\/kads\/wp-json\/wp\/v2\/types\/product"}],"replies":[{"embeddable":true,"href":"https:\/\/marketplace.epassi.fi\/kads\/wp-json\/wp\/v2\/comments?post=316"}],"wp:featuredmedia":[{"embeddable":true,"href":"https:\/\/marketplace.epassi.fi\/kads\/wp-json\/wp\/v2\/media\/315"}],"wp:attachment":[{"href":"https:\/\/marketplace.epassi.fi\/kads\/wp-json\/wp\/v2\/media?parent=316"}],"wp:term":[{"taxonomy":"product_brand","embeddable":true,"href":"https:\/\/marketplace.epassi.fi\/kads\/wp-json\/wp\/v2\/product_brand?post=316"},{"taxonomy":"product_cat","embeddable":true,"href":"https:\/\/marketplace.epassi.fi\/kads\/wp-json\/wp\/v2\/product_cat?post=316"},{"taxonomy":"product_tag","embeddable":true,"href":"https:\/\/marketplace.epassi.fi\/kads\/wp-json\/wp\/v2\/product_tag?post=316"}],"curies":[{"name":"wp","href":"https:\/\/api.w.org\/{rel}","templated":true}]}}