{"id":339,"date":"2024-12-15T12:42:44","date_gmt":"2024-12-15T10:42:44","guid":{"rendered":"https:\/\/marketplace.epassi.fi\/karjaan-hammas\/?post_type=product&#038;p=339"},"modified":"2025-12-10T11:34:30","modified_gmt":"2025-12-10T09:34:30","slug":"lahjakortti-2000-e-200-00-e","status":"publish","type":"product","link":"https:\/\/marketplace.epassi.fi\/karjaan-hammas\/kauppa\/hyvinvointi\/hammaslaakari\/lahjakortti-2000-e-200-00-e\/","title":{"rendered":"Lahjakortti"},"content":{"rendered":"<h6>Tuotteen tiedot ja ehdot<\/h6>\n<ul>\n<li>Lahjakortti on voimassa 12kk maksun tekemisest\u00e4.<\/li>\n<li>K\u00e4ytt\u00e4m\u00e4tt\u00e4 j\u00e4\u00e4nytt\u00e4 lahjakorttia ei makseta rahana tai vanhentuneen lahjakortin voimassaoloaikaa ei pidennet\u00e4.<\/li>\n<li>Maksun tehneen henkil\u00f6n tulee k\u00e4ytt\u00e4\u00e4 lahjakorttia henkil\u00f6kohtaisesti eik\u00e4 sit\u00e4 voi siirt\u00e4\u00e4 toiselle henkil\u00f6lle k\u00e4ytett\u00e4v\u00e4ksi.<\/li>\n<li>Lahjakorttia ei voi k\u00e4ytt\u00e4\u00e4 esteettisiin hoitoihin, kuten valkaisuihin tai oikomishoitoihin.<\/li>\n<li>Voit ostaa useamman lahjakortin, mik\u00e4li alasvetovalikosta ei l\u00f6ydy sopivaa yksitt\u00e4ist\u00e4 summaa. Esimerkiksi jos sinulla on ePassi-saldoa j\u00e4ljell\u00e4 140\u20ac, niin voit ostaa yhden 100\u20ac. lahjakortin ja kaksi 20\u20ac lahjakorttia, jolloin teemme sinulle yhden 140\u20ac lahjakortin.<\/li>\n<li><span style=\"font-family: var(--global-body-font-family)\">Emme l\u00e4het\u00e4 lahjakorttia postitse tai s\u00e4hk\u00f6postilla, vaan digitaalinen lahjakortti tallennetaan ostajan tietoihin potilastietoj\u00e4rjestelm\u00e4\u00e4mme.<\/span><\/li>\n<li><span style=\"font-family: var(--global-body-font-family)\">Saat Marketplacelta tilausvahvistuksen onnistuneesta lahjakorttiostosta, mutta meilt\u00e4 ei tule erillist\u00e4 viesti\u00e4.<\/span><\/li>\n<\/ul>\n<h6>Produktinformation och villkor<\/h6>\n<ul>\n<li>Presentkortet \u00e4r giltigt i 12 m\u00e5nader fr\u00e5n k\u00f6pet.<\/li>\n<li><span style=\"font-family: var(--global-body-font-family)\">Oanv\u00e4nda presentkort \u00e5terbetalas inte och giltighetstiden f\u00f6r f\u00f6rfallna presentkort f\u00f6rl\u00e4ngs inte.<\/span><\/li>\n<li><span style=\"font-family: var(--global-body-font-family)\">Den person som gjort k\u00f6pet m\u00e5ste anv\u00e4nda presentkortet personligen och det kan inte \u00f6verl\u00e5tas till n\u00e5gon annan.<\/span><\/li>\n<li><span style=\"font-family: var(--global-body-font-family)\">Presentkortet kan inte anv\u00e4ndas f\u00f6r estetiska behandlingar, blekning eller tandreglering.<\/span><\/li>\n<li><span style=\"font-family: var(--global-body-font-family)\">Du kan k\u00f6pa flera presentkort om du inte hittar ett l\u00e4mpligt belopp i menyn. Om du till exempel har 140 \u20ac kvar p\u00e5 ditt Epassi-saldo, kan du k\u00f6pa ett 100 \u20ac presentkort och tv\u00e5 20 \u20ac presentkort, s\u00e5 g\u00f6r vi ett 140 \u20ac presentkort \u00e5t dig.<\/span><\/li>\n<li><span style=\"font-family: var(--global-body-font-family)\">Vi skickar inte presentkortet med post eller e-post, utan det digitala presentkortet sparas i k\u00f6parens uppgifter i v\u00e5rt patientdatasystem.<\/span><\/li>\n<li><span style=\"font-family: var(--global-body-font-family)\">Du f\u00e5r en orderbekr\u00e4ftelse fr\u00e5n Marketplacen f\u00f6r ett lyckat presentkortsk\u00f6p, men vi skickar inget separat meddelande.<\/span><\/li>\n<\/ul>\n","protected":false},"excerpt":{"rendered":"<p>Tuotteen tiedot ja ehdot Lahjakortti on voimassa 12kk maksun tekemisest\u00e4. K\u00e4ytt\u00e4m\u00e4tt\u00e4 j\u00e4\u00e4nytt\u00e4 lahjakorttia ei makseta rahana tai vanhentuneen lahjakortin voimassaoloaikaa ei pidennet\u00e4. Maksun tehneen henkil\u00f6n tulee k\u00e4ytt\u00e4\u00e4 lahjakorttia henkil\u00f6kohtaisesti eik\u00e4 sit\u00e4 voi siirt\u00e4\u00e4 toiselle henkil\u00f6lle k\u00e4ytett\u00e4v\u00e4ksi. Lahjakorttia ei voi k\u00e4ytt\u00e4\u00e4 esteettisiin hoitoihin, kuten valkaisuihin tai oikomishoitoihin. Voit ostaa useamman lahjakortin, mik\u00e4li alasvetovalikosta ei l\u00f6ydy sopivaa&#8230;<\/p>\n","protected":false},"featured_media":336,"comment_status":"open","ping_status":"closed","template":"","meta":{"_acf_changed":false,"_kad_post_transparent":"default","_kad_post_title":"","_kad_post_layout":"default","_kad_post_sidebar_id":"","_kad_post_content_style":"default","_kad_post_vertical_padding":"default","_kad_post_feature":"","_kad_post_feature_position":"","_kad_post_header":false,"_kad_post_footer":false,"_kad_post_classname":""},"product_brand":[],"product_cat":[30,21],"product_tag":[],"class_list":{"0":"post-339","1":"product","2":"type-product","3":"status-publish","4":"has-post-thumbnail","6":"product_cat-hammaslaakari","7":"product_cat-hyvinvointi","9":"first","10":"instock","11":"featured","12":"purchasable","13":"product-type-variable","14":"entry","15":"content-bg","16":"loop-entry"},"acf":[],"_links":{"self":[{"href":"https:\/\/marketplace.epassi.fi\/karjaan-hammas\/wp-json\/wp\/v2\/product\/339","targetHints":{"allow":["GET"]}}],"collection":[{"href":"https:\/\/marketplace.epassi.fi\/karjaan-hammas\/wp-json\/wp\/v2\/product"}],"about":[{"href":"https:\/\/marketplace.epassi.fi\/karjaan-hammas\/wp-json\/wp\/v2\/types\/product"}],"replies":[{"embeddable":true,"href":"https:\/\/marketplace.epassi.fi\/karjaan-hammas\/wp-json\/wp\/v2\/comments?post=339"}],"wp:featuredmedia":[{"embeddable":true,"href":"https:\/\/marketplace.epassi.fi\/karjaan-hammas\/wp-json\/wp\/v2\/media\/336"}],"wp:attachment":[{"href":"https:\/\/marketplace.epassi.fi\/karjaan-hammas\/wp-json\/wp\/v2\/media?parent=339"}],"wp:term":[{"taxonomy":"product_brand","embeddable":true,"href":"https:\/\/marketplace.epassi.fi\/karjaan-hammas\/wp-json\/wp\/v2\/product_brand?post=339"},{"taxonomy":"product_cat","embeddable":true,"href":"https:\/\/marketplace.epassi.fi\/karjaan-hammas\/wp-json\/wp\/v2\/product_cat?post=339"},{"taxonomy":"product_tag","embeddable":true,"href":"https:\/\/marketplace.epassi.fi\/karjaan-hammas\/wp-json\/wp\/v2\/product_tag?post=339"}],"curies":[{"name":"wp","href":"https:\/\/api.w.org\/{rel}","templated":true}]}}