{"id":720,"date":"2023-12-13T12:12:38","date_gmt":"2023-12-13T10:12:38","guid":{"rendered":"https:\/\/marketplace.epassi.fi\/kauneushoitola-turku\/?post_type=product&#038;p=720"},"modified":"2025-10-30T14:11:52","modified_gmt":"2025-10-30T12:11:52","slug":"niska-hartia-hieronta-45min","status":"publish","type":"product","link":"https:\/\/marketplace.epassi.fi\/kauneushoitola-turku\/kauppa\/hyvinvointi\/hieronta\/niska-hartia-hieronta-45min\/","title":{"rendered":"Niska-hartia hieronta 45min"},"content":{"rendered":"<blockquote><p>Erityisesti p\u00e4\u00e4ns\u00e4ryist\u00e4 ja niska, hartia kivuista k\u00e4rsiville. Sopii kaikille ja erityisesti toimistoty\u00f6l\u00e4isille tai heille jotka joutuvat rasittamaan n\u00e4it\u00e4 alueita ty\u00f6ss\u00e4\u00e4n.<\/p>\n<p>Hoidossa k\u00e4sitell\u00e4\u00e4n\u00a0 my\u00f6s yl\u00e4selk\u00e4, niska, hartia kaulan\u00a0 lihakset.<\/p><\/blockquote>\n","protected":false},"excerpt":{"rendered":"<p>Erityisesti p\u00e4\u00e4ns\u00e4ryist\u00e4 ja niska, hartia kivuista k\u00e4rsiville. Sopii kaikille ja erityisesti toimistoty\u00f6l\u00e4isille tai heille jotka joutuvat rasittamaan n\u00e4it\u00e4 alueita ty\u00f6ss\u00e4\u00e4n. Hoidossa k\u00e4sitell\u00e4\u00e4n\u00a0 my\u00f6s yl\u00e4selk\u00e4, niska, hartia kaulan\u00a0 lihakset.<\/p>\n","protected":false},"featured_media":321,"comment_status":"open","ping_status":"closed","template":"","meta":{"_acf_changed":false,"_kad_post_transparent":"default","_kad_post_title":"","_kad_post_layout":"default","_kad_post_sidebar_id":"","_kad_post_content_style":"default","_kad_post_vertical_padding":"default","_kad_post_feature":"","_kad_post_feature_position":"","_kad_post_header":false,"_kad_post_footer":false,"_kad_post_classname":""},"product_brand":[],"product_cat":[31,21],"product_tag":[],"class_list":{"0":"post-720","1":"product","2":"type-product","3":"status-publish","4":"has-post-thumbnail","6":"product_cat-hieronta","7":"product_cat-hyvinvointi","9":"first","10":"instock","11":"taxable","12":"shipping-taxable","13":"purchasable","14":"product-type-simple","15":"entry","16":"content-bg","17":"loop-entry"},"acf":[],"_links":{"self":[{"href":"https:\/\/marketplace.epassi.fi\/kauneushoitola-turku\/wp-json\/wp\/v2\/product\/720","targetHints":{"allow":["GET"]}}],"collection":[{"href":"https:\/\/marketplace.epassi.fi\/kauneushoitola-turku\/wp-json\/wp\/v2\/product"}],"about":[{"href":"https:\/\/marketplace.epassi.fi\/kauneushoitola-turku\/wp-json\/wp\/v2\/types\/product"}],"replies":[{"embeddable":true,"href":"https:\/\/marketplace.epassi.fi\/kauneushoitola-turku\/wp-json\/wp\/v2\/comments?post=720"}],"wp:featuredmedia":[{"embeddable":true,"href":"https:\/\/marketplace.epassi.fi\/kauneushoitola-turku\/wp-json\/wp\/v2\/media\/321"}],"wp:attachment":[{"href":"https:\/\/marketplace.epassi.fi\/kauneushoitola-turku\/wp-json\/wp\/v2\/media?parent=720"}],"wp:term":[{"taxonomy":"product_brand","embeddable":true,"href":"https:\/\/marketplace.epassi.fi\/kauneushoitola-turku\/wp-json\/wp\/v2\/product_brand?post=720"},{"taxonomy":"product_cat","embeddable":true,"href":"https:\/\/marketplace.epassi.fi\/kauneushoitola-turku\/wp-json\/wp\/v2\/product_cat?post=720"},{"taxonomy":"product_tag","embeddable":true,"href":"https:\/\/marketplace.epassi.fi\/kauneushoitola-turku\/wp-json\/wp\/v2\/product_tag?post=720"}],"curies":[{"name":"wp","href":"https:\/\/api.w.org\/{rel}","templated":true}]}}