{"id":22,"date":"2021-09-13T17:45:59","date_gmt":"2021-09-13T17:45:59","guid":{"rendered":"https:\/\/marketplace.epassi.fi\/kauneuspiste-merike\/?page_id=22"},"modified":"2021-10-12T10:57:35","modified_gmt":"2021-10-12T10:57:35","slug":"info","status":"publish","type":"page","link":"https:\/\/marketplace.epassi.fi\/kauneuspiste-merike\/info\/","title":{"rendered":"Info"},"content":{"rendered":"\n\t<div class=\"entry-content single-content\">\n\n\t\t<div class=\"wp-block-columns\" style=\"gap:30px\">\n\t\t\t<div class=\"wp-block-column\">\n\t\t\t\t<h2>Hyvinvointi on osa kauneutta!<\/h2>\n\t\t\t\t<p><p>Sinua palvele SKY kosmetologi Merike N\u00f6gesmaa 14 vuoden kokemuksella. Hoitoajat ovat joustavat 10-20 ja olemme auki my\u00f6s lauantaisin.<br \/>\nOta hetki oma aikaa rentoutumiseen ja anna kehosi lev\u00e4ht\u00e4\u00e4 kiireist\u00e4!<br \/>\nJos olet ostanut lahjakortin, ajan saat varata k\u00e4tev\u00e4sti ihaniin hoitoihin kotisivultani.<\/p>\n<\/p>\n\t\t\t\t<h3>Kauneuspiste Merike<\/h3>\n\t\t\t\t<p>Selk\u00e4merenkatu 6<br>\n\t\t\t\t\t00180 Helsinki<\/p>\n\t\t\t\t<p><a href=\"tel:044 2009 609\">044 2009 609<\/a><\/p>\n\t\t\t\t<p><a href=\"mailto:missmerike@gmail.com\">missmerike@gmail.com<\/a><\/p>\n\n\t\t\t\t<h2>Toimipisteet<\/h2><div class=\"info-page-location-list\"><div class=\"info-page-location\"><h3>Kauneuspiste Merike<\/h3><p><a href=\"tel:0442009609\">0442009609<\/a><br><a href=\"mail:missmerike@gmail.com\">missmerike@gmail.com<\/a><\/p><p>Kauneuspiste Merike on kauneushoitola Ruoholadessa ja sen sijainti on l\u00e4hell\u00e4 metro- ja raitiovaunupys\u00e4kki\u00e4. Hoitolaan on helppo tulla my\u00f6s vaikkapa Espoosta, Lauttasaaresta, J\u00e4tk\u00e4saaresta tai keskikaupunkista. L\u00e4hist\u00f6ll\u00e4 my\u00f6s ilmaisia 2 h parkkipaikkoja.\r\n<\/p><\/div><div class=\"info-page-location\"><h3><\/h3><p><\/p><p><\/p><\/div><div class=\"info-page-location\"><h3><\/h3><p><\/p><p><\/p><\/div><\/div>\t\t\t<\/div>\n\n\t\t\t<div class=\"wp-block-column\">\n\t\t\t\t<figure class=\"wp-block-image size-large\"><img loading=\"lazy\" decoding=\"async\" width=\"274\" height=\"182\" src=\"https:\/\/marketplace.epassi.fi\/kauneuspiste-merike\/wp-content\/uploads\/sites\/359\/2023\/07\/90769405_1046768179092872_6135658694152552448_n.jpg\" class=\"attachment-medium_large size-medium_large\" alt=\"\" \/><\/figure>\n\t\t\t<\/div>\n\t\t<\/div>\n\t<\/div>\n\t\n","protected":false},"excerpt":{"rendered":"","protected":false},"author":2,"featured_media":0,"parent":0,"menu_order":0,"comment_status":"closed","ping_status":"closed","template":"","meta":{"_acf_changed":false,"_kad_post_transparent":"","_kad_post_title":"","_kad_post_layout":"","_kad_post_sidebar_id":"","_kad_post_content_style":"","_kad_post_vertical_padding":"","_kad_post_feature":"","_kad_post_feature_position":"","_kad_post_header":false,"_kad_post_footer":false,"_kad_post_classname":"","footnotes":""},"class_list":["post-22","page","type-page","status-publish","hentry"],"acf":[],"_links":{"self":[{"href":"https:\/\/marketplace.epassi.fi\/kauneuspiste-merike\/wp-json\/wp\/v2\/pages\/22","targetHints":{"allow":["GET"]}}],"collection":[{"href":"https:\/\/marketplace.epassi.fi\/kauneuspiste-merike\/wp-json\/wp\/v2\/pages"}],"about":[{"href":"https:\/\/marketplace.epassi.fi\/kauneuspiste-merike\/wp-json\/wp\/v2\/types\/page"}],"author":[{"embeddable":true,"href":"https:\/\/marketplace.epassi.fi\/kauneuspiste-merike\/wp-json\/wp\/v2\/users\/2"}],"replies":[{"embeddable":true,"href":"https:\/\/marketplace.epassi.fi\/kauneuspiste-merike\/wp-json\/wp\/v2\/comments?post=22"}],"version-history":[{"count":10,"href":"https:\/\/marketplace.epassi.fi\/kauneuspiste-merike\/wp-json\/wp\/v2\/pages\/22\/revisions"}],"predecessor-version":[{"id":264,"href":"https:\/\/marketplace.epassi.fi\/kauneuspiste-merike\/wp-json\/wp\/v2\/pages\/22\/revisions\/264"}],"wp:attachment":[{"href":"https:\/\/marketplace.epassi.fi\/kauneuspiste-merike\/wp-json\/wp\/v2\/media?parent=22"}],"curies":[{"name":"wp","href":"https:\/\/api.w.org\/{rel}","templated":true}]}}