{"id":22,"date":"2021-09-13T17:45:59","date_gmt":"2021-09-13T17:45:59","guid":{"rendered":"https:\/\/marketplace.epassi.fi\/kauneuspuoti-villi-vadelma\/?page_id=22"},"modified":"2021-10-12T10:57:35","modified_gmt":"2021-10-12T10:57:35","slug":"info","status":"publish","type":"page","link":"https:\/\/marketplace.epassi.fi\/kauneuspuoti-villi-vadelma\/info\/","title":{"rendered":"Info"},"content":{"rendered":"\n\t<div class=\"entry-content single-content\">\n\n\t\t<div class=\"wp-block-columns\" style=\"gap:30px\">\n\t\t\t<div class=\"wp-block-column\">\n\t\t\t\t<h2>Kauneuspuoti Villi Vadelmassa saat rentoa hoitoa<\/h2>\n\t\t\t\t<p><p>Olemme avoin, l\u00e4mmin henkinen ja rento Villi Vadelman kaksikko Helsingin idyllisess\u00e4 Kumpulassa.<br \/>\nVilli Vadelmassa ty\u00f6skentelee kosmetologi Hanna ja kampaaja Mervi.<br \/>\nHanna on erikoistunut herk\u00e4n ja akneihon hoitoon, erikoiskasvohoitoihin ja hierontoihin. Hannalla ja Mervill\u00e4 on vuosien kokemus omasta alasta ja palvelut tarjotaan ammattitaidolla.<\/p>\n<p>Olemme teit\u00e4 varten, jotka haluatte tulla energisoiviin, rentouttaviin, mutta samalla elvytt\u00e4viin ja tehokkaisiin hoitoihin tai ihaniin hiusten k\u00e4sittelyihin. <\/p>\n<p>Asiakkaan toiveet huomioidaan ja esimerkiksi kasvohoidot tehd\u00e4\u00e4n ihon sen hetkisen tilanteen mukaisesti r\u00e4\u00e4t\u00e4l\u00f6iden. Teemme hoidot luonnonmukaisilla &amp; laadukkailla, vegaaneilla tuotteilla.<\/p>\n<p>Jos kaipaat omaa aikaa, pient\u00e4 l\u00e4hilomaa, niin tervetuloa<br \/>\nVilli Vadelmaan!<\/p>\n<p>Peruutukset pyydet\u00e4\u00e4n tekem\u00e4\u00e4n 24 h ennen varattua aikaa, ett\u00e4 saamme tilalle toisen asiakkaan. Peruuttamattomista varauksista joudumme veloittamaan \u2013 50 % hoidon hinnasta.<\/p>\n<p>L\u00e4mpim\u00e4sti  Tervetuloa!<\/p>\n<\/p>\n\t\t\t\t<h3>Kauneuspuoti Villi Vadelma<\/h3>\n\t\t\t\t<p>Intiankatu 25<br>\n\t\t\t\t\t00560 Helsinki<\/p>\n\t\t\t\t<p><a href=\"tel:044 020 4750\">044 020 4750<\/a><\/p>\n\t\t\t\t<p><a href=\"mailto:\"><\/a><\/p>\n\n\t\t\t\t<h2>Toimipisteet<\/h2><div class=\"info-page-location-list\"><div class=\"info-page-location\"><h3>Kauneuspuoti Villi Vadelma<\/h3><p>Intiankatu 25, 00560 Helsinki<\/p><p><a href=\"tel:0440204750\">0440204750<\/a><br><a href=\"mail:hanna@villivadelma.net\">hanna@villivadelma.net<\/a><p><a href=\"https:\/\/www.google.com\/maps\/search\/?api=1&query=Google&query_place_id=ChIJ34N5hKEJkkYRLMv9EHYd8yY\">Katso sijainti kartalla <span>&#8599;<\/span><\/a><\/p><\/p><p>Olemme avoin, l\u00e4mmin henkinen ja rento Villi Vadelman kaksikko Helsingin idyllisess\u00e4 Kumpulassa.\r\nVilli Vadelmassa ty\u00f6skentelee kosmetologi Hanna ja kampaaja Mervi.\r\n\r\nHanna on erikoistunut herk\u00e4n ja akneihon hoitoon, erikoiskasvohoitoihin ja hierontoihin. Hannalla ja Mervill\u00e4 on vuosien kokemus omasta alasta ja palvelut tarjotaan ammattitaidolla.\r\n\r\nOlemme teit\u00e4 varten, jotka haluatte tulla energisoiviin, rentouttaviin, mutta samalla elvytt\u00e4viin ja tehokkaisiin hoitoihin tai ihaniin hiusten k\u00e4sittelyihin. \r\n\r\nAsiakkaan toiveet huomioidaan ja esimerkiksi kasvohoidot tehd\u00e4\u00e4n ihon sen hetkisen tilanteen mukaisesti r\u00e4\u00e4t\u00e4l\u00f6iden. Teemme hoidot luonnonmukaisilla &amp; laadukkailla, vegaaneilla tuotteilla.\r\n\r\nJos kaipaat omaa aikaa, pient\u00e4 l\u00e4hilomaa, niin tervetuloa\r\nVilli Vadelmaan!\r\n\r\nPeruutukset pyydet\u00e4\u00e4n tekem\u00e4\u00e4n 24 h ennen varattua aikaa, ett\u00e4 saamme tilalle toisen asiakkaan. Peruuttamattomista varauksista joudumme veloittamaan \u2013 50 % hoidon hinnasta.\r\n\r\nL\u00e4mpim\u00e4sti  Tervetuloa!<\/p><\/div><\/div>\t\t\t<\/div>\n\n\t\t\t<div class=\"wp-block-column\">\n\t\t\t\t<figure class=\"wp-block-image size-large\"><img loading=\"lazy\" decoding=\"async\" width=\"768\" height=\"960\" src=\"https:\/\/marketplace.epassi.fi\/kauneuspuoti-villi-vadelma\/wp-content\/uploads\/sites\/351\/2023\/05\/hoitotila-052023-768x960.jpg\" class=\"attachment-medium_large size-medium_large\" alt=\"\" \/><\/figure>\n\t\t\t<\/div>\n\t\t<\/div>\n\t<\/div>\n\t\n","protected":false},"excerpt":{"rendered":"","protected":false},"author":2,"featured_media":0,"parent":0,"menu_order":0,"comment_status":"closed","ping_status":"closed","template":"","meta":{"_acf_changed":false,"_kad_post_transparent":"","_kad_post_title":"","_kad_post_layout":"","_kad_post_sidebar_id":"","_kad_post_content_style":"","_kad_post_vertical_padding":"","_kad_post_feature":"","_kad_post_feature_position":"","_kad_post_header":false,"_kad_post_footer":false,"_kad_post_classname":"","footnotes":""},"class_list":["post-22","page","type-page","status-publish","hentry"],"acf":[],"_links":{"self":[{"href":"https:\/\/marketplace.epassi.fi\/kauneuspuoti-villi-vadelma\/wp-json\/wp\/v2\/pages\/22","targetHints":{"allow":["GET"]}}],"collection":[{"href":"https:\/\/marketplace.epassi.fi\/kauneuspuoti-villi-vadelma\/wp-json\/wp\/v2\/pages"}],"about":[{"href":"https:\/\/marketplace.epassi.fi\/kauneuspuoti-villi-vadelma\/wp-json\/wp\/v2\/types\/page"}],"author":[{"embeddable":true,"href":"https:\/\/marketplace.epassi.fi\/kauneuspuoti-villi-vadelma\/wp-json\/wp\/v2\/users\/2"}],"replies":[{"embeddable":true,"href":"https:\/\/marketplace.epassi.fi\/kauneuspuoti-villi-vadelma\/wp-json\/wp\/v2\/comments?post=22"}],"version-history":[{"count":10,"href":"https:\/\/marketplace.epassi.fi\/kauneuspuoti-villi-vadelma\/wp-json\/wp\/v2\/pages\/22\/revisions"}],"predecessor-version":[{"id":264,"href":"https:\/\/marketplace.epassi.fi\/kauneuspuoti-villi-vadelma\/wp-json\/wp\/v2\/pages\/22\/revisions\/264"}],"wp:attachment":[{"href":"https:\/\/marketplace.epassi.fi\/kauneuspuoti-villi-vadelma\/wp-json\/wp\/v2\/media?parent=22"}],"curies":[{"name":"wp","href":"https:\/\/api.w.org\/{rel}","templated":true}]}}