{"id":282,"date":"2023-05-15T09:15:12","date_gmt":"2023-05-15T06:15:12","guid":{"rendered":"https:\/\/marketplace.epassi.fi\/kauneuspuoti-villi-vadelma\/?post_type=product&#038;p=282"},"modified":"2025-10-30T16:05:22","modified_gmt":"2025-10-30T14:05:22","slug":"lahjakortti-hierontaan","status":"publish","type":"product","link":"https:\/\/marketplace.epassi.fi\/kauneuspuoti-villi-vadelma\/kauppa\/hyvinvointi\/hieronta\/lahjakortti-hierontaan\/","title":{"rendered":"Lahjakortti hierontaan"},"content":{"rendered":"<p>Voit valita haluamasi summan ja ostaa sill\u00e4 itsellesi hierontaa. Huomaathan, ett\u00e4 hierontoja ei voi antaa lahjaksi, vaan etu on henkil\u00f6kohtainen.<\/p>\n","protected":false},"excerpt":{"rendered":"<p>Voit valita haluamasi summan ja ostaa sill\u00e4 itsellesi hierontaa. Huomaathan, ett\u00e4 hierontoja ei voi antaa lahjaksi, vaan etu on henkil\u00f6kohtainen.<\/p>\n","protected":false},"featured_media":332,"comment_status":"open","ping_status":"closed","template":"","meta":{"_acf_changed":false,"_kad_post_transparent":"default","_kad_post_title":"","_kad_post_layout":"default","_kad_post_sidebar_id":"","_kad_post_content_style":"default","_kad_post_vertical_padding":"default","_kad_post_feature":"","_kad_post_feature_position":"","_kad_post_header":false,"_kad_post_footer":false,"_kad_post_classname":""},"product_brand":[],"product_cat":[31,21],"product_tag":[],"class_list":{"0":"post-282","1":"product","2":"type-product","3":"status-publish","4":"has-post-thumbnail","6":"product_cat-hieronta","7":"product_cat-hyvinvointi","9":"first","10":"instock","11":"purchasable","12":"product-type-variable","13":"has-default-attributes","14":"entry","15":"content-bg","16":"loop-entry"},"acf":[],"_links":{"self":[{"href":"https:\/\/marketplace.epassi.fi\/kauneuspuoti-villi-vadelma\/wp-json\/wp\/v2\/product\/282","targetHints":{"allow":["GET"]}}],"collection":[{"href":"https:\/\/marketplace.epassi.fi\/kauneuspuoti-villi-vadelma\/wp-json\/wp\/v2\/product"}],"about":[{"href":"https:\/\/marketplace.epassi.fi\/kauneuspuoti-villi-vadelma\/wp-json\/wp\/v2\/types\/product"}],"replies":[{"embeddable":true,"href":"https:\/\/marketplace.epassi.fi\/kauneuspuoti-villi-vadelma\/wp-json\/wp\/v2\/comments?post=282"}],"wp:featuredmedia":[{"embeddable":true,"href":"https:\/\/marketplace.epassi.fi\/kauneuspuoti-villi-vadelma\/wp-json\/wp\/v2\/media\/332"}],"wp:attachment":[{"href":"https:\/\/marketplace.epassi.fi\/kauneuspuoti-villi-vadelma\/wp-json\/wp\/v2\/media?parent=282"}],"wp:term":[{"taxonomy":"product_brand","embeddable":true,"href":"https:\/\/marketplace.epassi.fi\/kauneuspuoti-villi-vadelma\/wp-json\/wp\/v2\/product_brand?post=282"},{"taxonomy":"product_cat","embeddable":true,"href":"https:\/\/marketplace.epassi.fi\/kauneuspuoti-villi-vadelma\/wp-json\/wp\/v2\/product_cat?post=282"},{"taxonomy":"product_tag","embeddable":true,"href":"https:\/\/marketplace.epassi.fi\/kauneuspuoti-villi-vadelma\/wp-json\/wp\/v2\/product_tag?post=282"}],"curies":[{"name":"wp","href":"https:\/\/api.w.org\/{rel}","templated":true}]}}