{"id":290,"date":"2021-10-20T17:09:46","date_gmt":"2021-10-20T14:09:46","guid":{"rendered":"https:\/\/marketplace.epassi.fi\/kauneuspuoti-villi-vadelma\/?post_type=product&#038;p=290"},"modified":"2026-01-09T13:26:57","modified_gmt":"2026-01-09T11:26:57","slug":"kokovartalohieronta-klassiseen-tyyliin-60-min","status":"publish","type":"product","link":"https:\/\/marketplace.epassi.fi\/kauneuspuoti-villi-vadelma\/kauppa\/hyvinvointi\/hieronta\/kokovartalohieronta-klassiseen-tyyliin-60-min\/","title":{"rendered":"Kokovartalohieronta klassiseen tyyliin 60 min"},"content":{"rendered":"<p>T\u00e4m\u00e4 koko kehon hieronta sopii silloin, kun kaipaat rentoutusta, hetken lepoa ja omaa aikaa.<br \/>\nHieronnan lis\u00e4ksi hoitoon sis\u00e4ltyy my\u00f6s kuivaharjaus koko vartalolle. Kuivaharjaus poistaa kuollutta ihosolukkoa, vilkastuttaa hiusverisuonien toimintaa, pehment\u00e4\u00e4 ihoa ja parantaa ihon v\u00e4ri\u00e4. Lis\u00e4ksi hieronnassa k\u00e4ytt\u00e4m\u00e4mme luonnon\u00f6ljy imeytyy hyvin iholle, kun iho on kuivaharjattu.<\/p>\n","protected":false},"excerpt":{"rendered":"<p>T\u00e4m\u00e4 koko kehon hieronta sopii silloin, kun kaipaat rentoutusta, hetken lepoa ja omaa aikaa.<br \/>\nHieronnan lis\u00e4ksi hoitoon sis\u00e4ltyy my\u00f6s kuivaharjaus koko vartalolle. Kuivaharjaus poistaa kuollutta ihosolukkoa, vilkastuttaa hiusverisuonien toimintaa, pehment\u00e4\u00e4 ihoa ja parantaa ihon v\u00e4ri\u00e4. Lis\u00e4ksi hieronnassa k\u00e4ytt\u00e4m\u00e4mme luonnon\u00f6ljy imeytyy hyvin iholle, kun iho on kuivaharjattu.<\/p>\n","protected":false},"featured_media":323,"comment_status":"open","ping_status":"closed","template":"","meta":{"_acf_changed":false,"_kad_post_transparent":"default","_kad_post_title":"","_kad_post_layout":"default","_kad_post_sidebar_id":"","_kad_post_content_style":"default","_kad_post_vertical_padding":"default","_kad_post_feature":"","_kad_post_feature_position":"","_kad_post_header":false,"_kad_post_footer":false,"_kad_post_classname":""},"product_brand":[],"product_cat":[31,21],"product_tag":[],"class_list":{"0":"post-290","1":"product","2":"type-product","3":"status-publish","4":"has-post-thumbnail","6":"product_cat-hieronta","7":"product_cat-hyvinvointi","9":"first","10":"instock","11":"virtual","12":"taxable","13":"purchasable","14":"product-type-simple","15":"entry","16":"content-bg","17":"loop-entry"},"acf":[],"_links":{"self":[{"href":"https:\/\/marketplace.epassi.fi\/kauneuspuoti-villi-vadelma\/wp-json\/wp\/v2\/product\/290","targetHints":{"allow":["GET"]}}],"collection":[{"href":"https:\/\/marketplace.epassi.fi\/kauneuspuoti-villi-vadelma\/wp-json\/wp\/v2\/product"}],"about":[{"href":"https:\/\/marketplace.epassi.fi\/kauneuspuoti-villi-vadelma\/wp-json\/wp\/v2\/types\/product"}],"replies":[{"embeddable":true,"href":"https:\/\/marketplace.epassi.fi\/kauneuspuoti-villi-vadelma\/wp-json\/wp\/v2\/comments?post=290"}],"wp:featuredmedia":[{"embeddable":true,"href":"https:\/\/marketplace.epassi.fi\/kauneuspuoti-villi-vadelma\/wp-json\/wp\/v2\/media\/323"}],"wp:attachment":[{"href":"https:\/\/marketplace.epassi.fi\/kauneuspuoti-villi-vadelma\/wp-json\/wp\/v2\/media?parent=290"}],"wp:term":[{"taxonomy":"product_brand","embeddable":true,"href":"https:\/\/marketplace.epassi.fi\/kauneuspuoti-villi-vadelma\/wp-json\/wp\/v2\/product_brand?post=290"},{"taxonomy":"product_cat","embeddable":true,"href":"https:\/\/marketplace.epassi.fi\/kauneuspuoti-villi-vadelma\/wp-json\/wp\/v2\/product_cat?post=290"},{"taxonomy":"product_tag","embeddable":true,"href":"https:\/\/marketplace.epassi.fi\/kauneuspuoti-villi-vadelma\/wp-json\/wp\/v2\/product_tag?post=290"}],"curies":[{"name":"wp","href":"https:\/\/api.w.org\/{rel}","templated":true}]}}