{"id":330,"date":"2023-05-15T09:08:34","date_gmt":"2023-05-15T06:08:34","guid":{"rendered":"https:\/\/marketplace.epassi.fi\/kauneuspuoti-villi-vadelma\/?post_type=product&#038;p=330"},"modified":"2026-01-09T13:26:40","modified_gmt":"2026-01-09T11:26:40","slug":"hieronta-klassiseen-tyyliin-45-min","status":"publish","type":"product","link":"https:\/\/marketplace.epassi.fi\/kauneuspuoti-villi-vadelma\/kauppa\/hyvinvointi\/hieronta\/hieronta-klassiseen-tyyliin-45-min\/","title":{"rendered":"Hieronta klassiseen tyyliin 45 min"},"content":{"rendered":"<p>Hieronnan lis\u00e4ksi hoitoon sis\u00e4ltyy my\u00f6s kuivaharjaus hierottavalle alueelle. Kuivaharjaus poistaa kuollutta ihosolukkoa, vilkastuttaa hiusverisuonien toimintaa, pehment\u00e4\u00e4 ihoa ja parantaa ihon v\u00e4ri\u00e4. Lis\u00e4ksi hieronnassa k\u00e4ytt\u00e4m\u00e4mme luonnon\u00f6ljy imeytyy hyvin iholle, kun iho on kuivaharjattu.<\/p>\n<p>Hieronta:<\/p>\n<p><strong style=\"font-family: var(--global-body-font-family)\">V\u00e4hent\u00e4\u00e4 Kivun Tunnetta<\/strong><span style=\"font-family: var(--global-body-font-family)\">: Toistuva hieronta lievitt\u00e4\u00e4 kroonista kipua, kuten niska- ja selk\u00e4vaivoja, sek\u00e4 ennaltaehk\u00e4isee uusia kiputiloja.<\/span><\/p>\n<p><strong>Tehostaa Verenkiertoa<\/strong>: S\u00e4\u00e4nn\u00f6llinen hieronta parantaa verenkiertoa, mik\u00e4 auttaa lihaksiasi palautumaan nopeammin ja parantaa ihosi hehkua.<\/p>\n<p><strong>Alentaa Stressitasoja<\/strong>: Viisi hierontakertaa takaavat pysyv\u00e4n mielenrauhan, v\u00e4hent\u00e4v\u00e4t stressi\u00e4 ja auttavat sinua nauttimaan el\u00e4m\u00e4st\u00e4 t\u00e4ysin rinnoin.<\/p>\n<p><strong>Edist\u00e4\u00e4 Joustavuutta ja Liikkuvuutta<\/strong>: Jatkuva hoito auttaa parantamaan kehon liikkuvuutta ja lis\u00e4\u00e4m\u00e4\u00e4n lihasten joustavuutta, mik\u00e4 tekee arjesta kevyemp\u00e4\u00e4 ja helpompaa.<\/p>\n","protected":false},"excerpt":{"rendered":"<p>Hieronnan lis\u00e4ksi hoitoon sis\u00e4ltyy my\u00f6s kuivaharjaus hierottavalle alueelle. Kuivaharjaus poistaa kuollutta ihosolukkoa, vilkastuttaa hiusverisuonien toimintaa, pehment\u00e4\u00e4 ihoa ja parantaa ihon v\u00e4ri\u00e4. Lis\u00e4ksi hieronnassa k\u00e4ytt\u00e4m\u00e4mme luonnon\u00f6ljy imeytyy hyvin iholle, kun iho on kuivaharjattu.<\/p>\n","protected":false},"featured_media":323,"comment_status":"open","ping_status":"closed","template":"","meta":{"_acf_changed":false,"_kad_post_transparent":"default","_kad_post_title":"","_kad_post_layout":"default","_kad_post_sidebar_id":"","_kad_post_content_style":"default","_kad_post_vertical_padding":"default","_kad_post_feature":"","_kad_post_feature_position":"","_kad_post_header":false,"_kad_post_footer":false,"_kad_post_classname":""},"product_brand":[],"product_cat":[31,21],"product_tag":[],"class_list":{"0":"post-330","1":"product","2":"type-product","3":"status-publish","4":"has-post-thumbnail","6":"product_cat-hieronta","7":"product_cat-hyvinvointi","9":"first","10":"instock","11":"taxable","12":"shipping-taxable","13":"purchasable","14":"product-type-simple","15":"entry","16":"content-bg","17":"loop-entry"},"acf":[],"_links":{"self":[{"href":"https:\/\/marketplace.epassi.fi\/kauneuspuoti-villi-vadelma\/wp-json\/wp\/v2\/product\/330","targetHints":{"allow":["GET"]}}],"collection":[{"href":"https:\/\/marketplace.epassi.fi\/kauneuspuoti-villi-vadelma\/wp-json\/wp\/v2\/product"}],"about":[{"href":"https:\/\/marketplace.epassi.fi\/kauneuspuoti-villi-vadelma\/wp-json\/wp\/v2\/types\/product"}],"replies":[{"embeddable":true,"href":"https:\/\/marketplace.epassi.fi\/kauneuspuoti-villi-vadelma\/wp-json\/wp\/v2\/comments?post=330"}],"wp:featuredmedia":[{"embeddable":true,"href":"https:\/\/marketplace.epassi.fi\/kauneuspuoti-villi-vadelma\/wp-json\/wp\/v2\/media\/323"}],"wp:attachment":[{"href":"https:\/\/marketplace.epassi.fi\/kauneuspuoti-villi-vadelma\/wp-json\/wp\/v2\/media?parent=330"}],"wp:term":[{"taxonomy":"product_brand","embeddable":true,"href":"https:\/\/marketplace.epassi.fi\/kauneuspuoti-villi-vadelma\/wp-json\/wp\/v2\/product_brand?post=330"},{"taxonomy":"product_cat","embeddable":true,"href":"https:\/\/marketplace.epassi.fi\/kauneuspuoti-villi-vadelma\/wp-json\/wp\/v2\/product_cat?post=330"},{"taxonomy":"product_tag","embeddable":true,"href":"https:\/\/marketplace.epassi.fi\/kauneuspuoti-villi-vadelma\/wp-json\/wp\/v2\/product_tag?post=330"}],"curies":[{"name":"wp","href":"https:\/\/api.w.org\/{rel}","templated":true}]}}