{"id":357,"date":"2024-08-28T10:35:34","date_gmt":"2024-08-28T07:35:34","guid":{"rendered":"https:\/\/marketplace.epassi.fi\/kauneuspuoti-villi-vadelma\/?post_type=product&#038;p=357"},"modified":"2026-01-09T13:27:47","modified_gmt":"2026-01-09T11:27:47","slug":"uudistava-hieronta-sarjahoitona-5-x-45-min","status":"publish","type":"product","link":"https:\/\/marketplace.epassi.fi\/kauneuspuoti-villi-vadelma\/kauppa\/hyvinvointi\/uudistava-hieronta-sarjahoitona-5-x-45-min\/","title":{"rendered":"Uudistava Hieronta sarjahoitona 4 x 45 min"},"content":{"rendered":"<p><strong>Hinta nyt: 252 \u20ac (norm. 1 x 45 min hieronta norm. 71 \u20ac, ja yht 284\u20ac)<\/strong><\/p>\n<p>Anna kehollesi ja mielellesi ansaittua lepoa ja palautumista uudistavan hierontasaran avulla! T\u00e4m\u00e4 viiden kerran hierontapaketti on suunniteltu tarjoamaan t\u00e4ydellinen rentoutus ja helpotus kiireisen arjen keskell\u00e4. Kun yksi hieronta antaa sinulle jo virkistyst\u00e4, viiden kerran sarja vie vaikutukset syvemm\u00e4lle, edist\u00e4en kehosi kokonaisvaltaista hyvinvointia.<\/p>\n<p><strong>Hieronnan Hy\u00f6dyt:<\/strong><\/p>\n<ul>\n<li><strong>Lievitt\u00e4\u00e4 lihasj\u00e4nnityst\u00e4 ja kipua<\/strong>: Hieronta vapauttaa kireytt\u00e4 lihaksissa, v\u00e4hent\u00e4\u00e4 kipua ja parantaa liikkuvuutta. T\u00e4m\u00e4 on t\u00e4ydellinen ratkaisu pitkist\u00e4 ty\u00f6p\u00e4ivist\u00e4 johtuvaan niska- ja hartiaj\u00e4nnitykseen.<\/li>\n<li><strong>Parantaa verenkiertoa<\/strong>: Hieronta lis\u00e4\u00e4 verenkiertoa, joka kuljettaa enemm\u00e4n happea ja ravinteita kehon kudoksiin. T\u00e4m\u00e4 nopeuttaa palautumista ja edist\u00e4\u00e4 ihon heleytt\u00e4.<\/li>\n<li><strong>Rentouttaa ja v\u00e4hent\u00e4\u00e4 stressi\u00e4<\/strong>: Hieronta aktivoi kehon parasympaattista hermostoa, joka auttaa kehoa rentoutumaan, alentamaan stressitasoja ja parantamaan unen laatua.<\/li>\n<li><strong>Edist\u00e4\u00e4 aineenvaihduntaa ja lymfakiertoa<\/strong>: S\u00e4\u00e4nn\u00f6llinen hieronta auttaa poistamaan kehosta turvotusta ja kuona-aineita, tukien n\u00e4in luonnollista aineenvaihduntaa.<\/li>\n<\/ul>\n","protected":false},"excerpt":{"rendered":"<p>Hinta nyt: 252 \u20ac (norm. 1 x 45 min hieronta norm. 71 \u20ac, ja yht 284\u20ac) Anna kehollesi ja mielellesi ansaittua lepoa ja palautumista uudistavan hierontasaran avulla! T\u00e4m\u00e4 viiden kerran hierontapaketti on suunniteltu tarjoamaan t\u00e4ydellinen rentoutus ja helpotus kiireisen arjen keskell\u00e4. Kun yksi hieronta antaa sinulle jo virkistyst\u00e4, viiden kerran sarja vie vaikutukset syvemm\u00e4lle, edist\u00e4en&#8230;<\/p>\n","protected":false},"featured_media":323,"comment_status":"open","ping_status":"closed","template":"","meta":{"_acf_changed":false,"_kad_post_transparent":"default","_kad_post_title":"","_kad_post_layout":"default","_kad_post_sidebar_id":"","_kad_post_content_style":"default","_kad_post_vertical_padding":"default","_kad_post_feature":"","_kad_post_feature_position":"","_kad_post_header":false,"_kad_post_footer":false,"_kad_post_classname":""},"product_brand":[],"product_cat":[21],"product_tag":[],"class_list":{"0":"post-357","1":"product","2":"type-product","3":"status-publish","4":"has-post-thumbnail","6":"product_cat-hyvinvointi","8":"first","9":"instock","10":"taxable","11":"shipping-taxable","12":"purchasable","13":"product-type-simple","14":"entry","15":"content-bg","16":"loop-entry"},"acf":[],"_links":{"self":[{"href":"https:\/\/marketplace.epassi.fi\/kauneuspuoti-villi-vadelma\/wp-json\/wp\/v2\/product\/357","targetHints":{"allow":["GET"]}}],"collection":[{"href":"https:\/\/marketplace.epassi.fi\/kauneuspuoti-villi-vadelma\/wp-json\/wp\/v2\/product"}],"about":[{"href":"https:\/\/marketplace.epassi.fi\/kauneuspuoti-villi-vadelma\/wp-json\/wp\/v2\/types\/product"}],"replies":[{"embeddable":true,"href":"https:\/\/marketplace.epassi.fi\/kauneuspuoti-villi-vadelma\/wp-json\/wp\/v2\/comments?post=357"}],"wp:featuredmedia":[{"embeddable":true,"href":"https:\/\/marketplace.epassi.fi\/kauneuspuoti-villi-vadelma\/wp-json\/wp\/v2\/media\/323"}],"wp:attachment":[{"href":"https:\/\/marketplace.epassi.fi\/kauneuspuoti-villi-vadelma\/wp-json\/wp\/v2\/media?parent=357"}],"wp:term":[{"taxonomy":"product_brand","embeddable":true,"href":"https:\/\/marketplace.epassi.fi\/kauneuspuoti-villi-vadelma\/wp-json\/wp\/v2\/product_brand?post=357"},{"taxonomy":"product_cat","embeddable":true,"href":"https:\/\/marketplace.epassi.fi\/kauneuspuoti-villi-vadelma\/wp-json\/wp\/v2\/product_cat?post=357"},{"taxonomy":"product_tag","embeddable":true,"href":"https:\/\/marketplace.epassi.fi\/kauneuspuoti-villi-vadelma\/wp-json\/wp\/v2\/product_tag?post=357"}],"curies":[{"name":"wp","href":"https:\/\/api.w.org\/{rel}","templated":true}]}}