{"id":273,"date":"2021-10-16T11:12:03","date_gmt":"2021-10-16T08:12:03","guid":{"rendered":"https:\/\/marketplace.epassi.fi\/kauniskorento\/?post_type=product&#038;p=273"},"modified":"2025-10-30T15:41:59","modified_gmt":"2025-10-30T13:41:59","slug":"hierontasarjakortti-5-x-60min","status":"publish","type":"product","link":"https:\/\/marketplace.epassi.fi\/kauniskorento\/kauppa\/hyvinvointi\/hieronta\/hierontasarjakortti-5-x-60min\/","title":{"rendered":"Hierontasarjakortti 5 x 60min"},"content":{"rendered":"<blockquote><p>Sinulle ratkaisu s\u00e4\u00e4nn\u00f6lliseen kehonhuoltoon.<\/p><\/blockquote>\n<p>Fysioterapeutin osaavin k\u00e4sin tehty k\u00e4sittely eri tekniikoita k\u00e4ytt\u00e4en. Voimakkuus s\u00e4\u00e4dell\u00e4\u00e4n yksil\u00f6llisesti asiakkaan mukaan napakasta lempe\u00e4\u00e4n.( Etu 26.12.2024-1.1.2025 sarjakortit marketplacen kautta ostetut.)<\/p>\n<p>Huom!Normaali hinta 60min hieronta 53e eli 265e 5 tuntia<\/p>\n<p>&nbsp;<\/p>\n","protected":false},"excerpt":{"rendered":"<p><!--more--><\/p>\n","protected":false},"featured_media":344,"comment_status":"closed","ping_status":"closed","template":"","meta":{"_acf_changed":false,"_kad_post_transparent":"default","_kad_post_title":"","_kad_post_layout":"default","_kad_post_sidebar_id":"","_kad_post_content_style":"default","_kad_post_vertical_padding":"default","_kad_post_feature":"","_kad_post_feature_position":"","_kad_post_header":false,"_kad_post_footer":false,"_kad_post_classname":""},"product_brand":[],"product_cat":[31,21],"product_tag":[],"class_list":{"0":"post-273","1":"product","2":"type-product","3":"status-publish","4":"has-post-thumbnail","6":"product_cat-hieronta","7":"product_cat-hyvinvointi","9":"first","10":"instock","11":"virtual","12":"purchasable","13":"product-type-simple","14":"entry","15":"content-bg","16":"loop-entry"},"acf":[],"_links":{"self":[{"href":"https:\/\/marketplace.epassi.fi\/kauniskorento\/wp-json\/wp\/v2\/product\/273","targetHints":{"allow":["GET"]}}],"collection":[{"href":"https:\/\/marketplace.epassi.fi\/kauniskorento\/wp-json\/wp\/v2\/product"}],"about":[{"href":"https:\/\/marketplace.epassi.fi\/kauniskorento\/wp-json\/wp\/v2\/types\/product"}],"replies":[{"embeddable":true,"href":"https:\/\/marketplace.epassi.fi\/kauniskorento\/wp-json\/wp\/v2\/comments?post=273"}],"wp:featuredmedia":[{"embeddable":true,"href":"https:\/\/marketplace.epassi.fi\/kauniskorento\/wp-json\/wp\/v2\/media\/344"}],"wp:attachment":[{"href":"https:\/\/marketplace.epassi.fi\/kauniskorento\/wp-json\/wp\/v2\/media?parent=273"}],"wp:term":[{"taxonomy":"product_brand","embeddable":true,"href":"https:\/\/marketplace.epassi.fi\/kauniskorento\/wp-json\/wp\/v2\/product_brand?post=273"},{"taxonomy":"product_cat","embeddable":true,"href":"https:\/\/marketplace.epassi.fi\/kauniskorento\/wp-json\/wp\/v2\/product_cat?post=273"},{"taxonomy":"product_tag","embeddable":true,"href":"https:\/\/marketplace.epassi.fi\/kauniskorento\/wp-json\/wp\/v2\/product_tag?post=273"}],"curies":[{"name":"wp","href":"https:\/\/api.w.org\/{rel}","templated":true}]}}