{"id":289,"date":"2021-10-20T17:08:34","date_gmt":"2021-10-20T14:08:34","guid":{"rendered":"https:\/\/marketplace.epassi.fi\/kauniskorento\/?post_type=product&#038;p=289"},"modified":"2025-10-30T15:41:50","modified_gmt":"2025-10-30T13:41:50","slug":"fysioterapia-60min","status":"publish","type":"product","link":"https:\/\/marketplace.epassi.fi\/kauniskorento\/kauppa\/hyvinvointi\/fysioterapia\/fysioterapia-60min\/","title":{"rendered":"Fysioterapia 60min 71e"},"content":{"rendered":"<p>Tuki-ja liikuntaelinsairauksien fysioterapiak\u00e4ynti. Tutkimus, ohjaus ja hoito eri menetelmi\u00e4 k\u00e4ytt\u00e4en. ( MDT\/ McKenzie- menetelm\u00e4, suoravastaanotto, Akupunktio- ja s\u00e4hk\u00f6akupunktio PENS, dry needling eli kuivaneulaus, faskiarautak\u00e4sittely, kinesioteippaus).<\/p>\n<blockquote><p>Norm.hintaan lis\u00e4t\u00e4\u00e4n akupunktio\/ dryneedling\/ kinesioteippauslis\u00e4t 5- 10e, yht.max 96e, nyt kaikki 71e 1.1.2025 asti marketplacesta ostetut fysioterapiat.<\/p><\/blockquote>\n<p>Voimassa 12 kk ostop\u00e4iv\u00e4st\u00e4.<\/p>\n<p>&nbsp;<\/p>\n<p>&nbsp;<\/p>\n","protected":false},"excerpt":{"rendered":"<blockquote><p>Tuki-ja liikuntaelinsairauksien fysioterapiak\u00e4ynti. Tutkimus, ohjaus ja hoito eri menetelmi\u00e4 k\u00e4ytt\u00e4en. My\u00f6s kotik\u00e4ynnit sopimuksesta.<\/p><\/blockquote>\n<p>Lis\u00e4tietoihin etu marketplace 71e<\/p>\n","protected":false},"featured_media":383,"comment_status":"closed","ping_status":"closed","template":"","meta":{"_acf_changed":false,"_kad_post_transparent":"default","_kad_post_title":"","_kad_post_layout":"default","_kad_post_sidebar_id":"","_kad_post_content_style":"default","_kad_post_vertical_padding":"default","_kad_post_feature":"","_kad_post_feature_position":"","_kad_post_header":false,"_kad_post_footer":false,"_kad_post_classname":""},"product_brand":[],"product_cat":[32,21,15],"product_tag":[],"class_list":{"0":"post-289","1":"product","2":"type-product","3":"status-publish","4":"has-post-thumbnail","6":"product_cat-fysioterapia","7":"product_cat-hyvinvointi","8":"product_cat-yleinen","10":"first","11":"instock","12":"virtual","13":"purchasable","14":"product-type-simple","15":"entry","16":"content-bg","17":"loop-entry"},"acf":[],"_links":{"self":[{"href":"https:\/\/marketplace.epassi.fi\/kauniskorento\/wp-json\/wp\/v2\/product\/289","targetHints":{"allow":["GET"]}}],"collection":[{"href":"https:\/\/marketplace.epassi.fi\/kauniskorento\/wp-json\/wp\/v2\/product"}],"about":[{"href":"https:\/\/marketplace.epassi.fi\/kauniskorento\/wp-json\/wp\/v2\/types\/product"}],"replies":[{"embeddable":true,"href":"https:\/\/marketplace.epassi.fi\/kauniskorento\/wp-json\/wp\/v2\/comments?post=289"}],"wp:featuredmedia":[{"embeddable":true,"href":"https:\/\/marketplace.epassi.fi\/kauniskorento\/wp-json\/wp\/v2\/media\/383"}],"wp:attachment":[{"href":"https:\/\/marketplace.epassi.fi\/kauniskorento\/wp-json\/wp\/v2\/media?parent=289"}],"wp:term":[{"taxonomy":"product_brand","embeddable":true,"href":"https:\/\/marketplace.epassi.fi\/kauniskorento\/wp-json\/wp\/v2\/product_brand?post=289"},{"taxonomy":"product_cat","embeddable":true,"href":"https:\/\/marketplace.epassi.fi\/kauniskorento\/wp-json\/wp\/v2\/product_cat?post=289"},{"taxonomy":"product_tag","embeddable":true,"href":"https:\/\/marketplace.epassi.fi\/kauniskorento\/wp-json\/wp\/v2\/product_tag?post=289"}],"curies":[{"name":"wp","href":"https:\/\/api.w.org\/{rel}","templated":true}]}}