{"id":290,"date":"2021-10-20T17:09:46","date_gmt":"2021-10-20T14:09:46","guid":{"rendered":"https:\/\/marketplace.epassi.fi\/kauniskorento\/?post_type=product&#038;p=290"},"modified":"2025-10-30T15:41:44","modified_gmt":"2025-10-30T13:41:44","slug":"klassinen-hieronta-60min","status":"publish","type":"product","link":"https:\/\/marketplace.epassi.fi\/kauniskorento\/kauppa\/hyvinvointi\/hieronta\/klassinen-hieronta-60min\/","title":{"rendered":"Hieronta fysioterapeutin tekniikoilla 60 tai 90min"},"content":{"rendered":"<p>Fysioterapeutin\u00a0 osaavin k\u00e4sin tehty k\u00e4sittely eri tekniikoita k\u00e4ytt\u00e4en. Voimakkuus s\u00e4\u00e4dell\u00e4\u00e4n yksil\u00f6llisesti asiakkaan mukaan napakasta lempe\u00e4\u00e4n.<\/p>\n<p>Voimassa 12 kk ostop\u00e4iv\u00e4st\u00e4.<\/p>\n","protected":false},"excerpt":{"rendered":"<p>Fysioterapeutin osaavin k\u00e4sin tehty k\u00e4sittely eri tekniikoita k\u00e4ytt\u00e4en. Voimakkuus s\u00e4\u00e4dell\u00e4\u00e4n yksil\u00f6llisesti asiakkaan mukaan napakasta lempe\u00e4\u00e4n.<\/p>\n","protected":false},"featured_media":336,"comment_status":"closed","ping_status":"closed","template":"","meta":{"_acf_changed":false,"_kad_post_transparent":"default","_kad_post_title":"","_kad_post_layout":"default","_kad_post_sidebar_id":"","_kad_post_content_style":"default","_kad_post_vertical_padding":"default","_kad_post_feature":"","_kad_post_feature_position":"","_kad_post_header":false,"_kad_post_footer":false,"_kad_post_classname":""},"product_brand":[],"product_cat":[31,21],"product_tag":[],"class_list":{"0":"post-290","1":"product","2":"type-product","3":"status-publish","4":"has-post-thumbnail","6":"product_cat-hieronta","7":"product_cat-hyvinvointi","9":"first","10":"instock","11":"purchasable","12":"product-type-variable","13":"entry","14":"content-bg","15":"loop-entry"},"acf":[],"_links":{"self":[{"href":"https:\/\/marketplace.epassi.fi\/kauniskorento\/wp-json\/wp\/v2\/product\/290","targetHints":{"allow":["GET"]}}],"collection":[{"href":"https:\/\/marketplace.epassi.fi\/kauniskorento\/wp-json\/wp\/v2\/product"}],"about":[{"href":"https:\/\/marketplace.epassi.fi\/kauniskorento\/wp-json\/wp\/v2\/types\/product"}],"replies":[{"embeddable":true,"href":"https:\/\/marketplace.epassi.fi\/kauniskorento\/wp-json\/wp\/v2\/comments?post=290"}],"wp:featuredmedia":[{"embeddable":true,"href":"https:\/\/marketplace.epassi.fi\/kauniskorento\/wp-json\/wp\/v2\/media\/336"}],"wp:attachment":[{"href":"https:\/\/marketplace.epassi.fi\/kauniskorento\/wp-json\/wp\/v2\/media?parent=290"}],"wp:term":[{"taxonomy":"product_brand","embeddable":true,"href":"https:\/\/marketplace.epassi.fi\/kauniskorento\/wp-json\/wp\/v2\/product_brand?post=290"},{"taxonomy":"product_cat","embeddable":true,"href":"https:\/\/marketplace.epassi.fi\/kauniskorento\/wp-json\/wp\/v2\/product_cat?post=290"},{"taxonomy":"product_tag","embeddable":true,"href":"https:\/\/marketplace.epassi.fi\/kauniskorento\/wp-json\/wp\/v2\/product_tag?post=290"}],"curies":[{"name":"wp","href":"https:\/\/api.w.org\/{rel}","templated":true}]}}