{"id":341,"date":"2022-02-19T21:00:03","date_gmt":"2022-02-19T19:00:03","guid":{"rendered":"https:\/\/marketplace.epassi.fi\/kauniskorento\/?post_type=product&#038;p=341"},"modified":"2025-10-30T15:41:33","modified_gmt":"2025-10-30T13:41:33","slug":"fysioterapia-90min","status":"publish","type":"product","link":"https:\/\/marketplace.epassi.fi\/kauniskorento\/kauppa\/hyvinvointi\/fysioterapia\/fysioterapia-90min\/","title":{"rendered":"Fysioterapia 90min"},"content":{"rendered":"<p>Tuki-ja liikuntaelinsairauksien fysioterapiak\u00e4ynti. Tutkimus, ohjaus ja hoito eri menetelmi\u00e4 k\u00e4ytt\u00e4en. ( MDT\/ McKenzie- menetelm\u00e4, suoravastaanotto, Akupunktio- ja s\u00e4hk\u00f6akupunktio PENS, faskiarautak\u00e4sittely, kinesioteippaus).<\/p>\n<p>Voimassa 12 kk ostop\u00e4iv\u00e4st\u00e4.<\/p>\n","protected":false},"excerpt":{"rendered":"<p>Valitse 90min aika, mik\u00e4li sinulla on useampia k\u00e4sitelt\u00e4vi\u00e4 paikkoja kehossasi.<\/p>\n<p>L\u00e4\u00e4k\u00e4rin l\u00e4hetteell\u00e4 voit hakea k\u00e4tev\u00e4sti Kelalta suorakorvausta 8e tunti per k\u00e4sittely. Esit\u00e4yt\u00e4n laput puolestasi.<\/p>\n<p>K\u00e4ytt\u00f6 12 kk ostop\u00e4iv\u00e4st\u00e4<\/p>\n<p>&nbsp;<\/p>\n<p>&nbsp;<\/p>\n<p>&nbsp;<\/p>\n<p>&nbsp;<\/p>\n<p>&nbsp;<\/p>\n<p>&nbsp;<\/p>\n<p>&nbsp;<\/p>\n<p>&nbsp;<\/p>\n<p>&nbsp;<\/p>\n<p>&nbsp;<\/p>\n<p>&nbsp;<\/p>\n<p>&nbsp;<\/p>\n<p>&nbsp;<\/p>\n<p>&nbsp;<\/p>\n<p>&nbsp;<\/p>\n<p>&nbsp;<\/p>\n<p>&nbsp;<\/p>\n<p>&nbsp;<\/p>\n<p>&nbsp;<\/p>\n","protected":false},"featured_media":384,"comment_status":"closed","ping_status":"closed","template":"","meta":{"_acf_changed":false,"_kad_post_transparent":"default","_kad_post_title":"","_kad_post_layout":"default","_kad_post_sidebar_id":"","_kad_post_content_style":"default","_kad_post_vertical_padding":"default","_kad_post_feature":"","_kad_post_feature_position":"","_kad_post_header":false,"_kad_post_footer":false,"_kad_post_classname":""},"product_brand":[],"product_cat":[32,21],"product_tag":[],"class_list":{"0":"post-341","1":"product","2":"type-product","3":"status-publish","4":"has-post-thumbnail","6":"product_cat-fysioterapia","7":"product_cat-hyvinvointi","9":"first","10":"instock","11":"virtual","12":"purchasable","13":"product-type-simple","14":"entry","15":"content-bg","16":"loop-entry"},"acf":[],"_links":{"self":[{"href":"https:\/\/marketplace.epassi.fi\/kauniskorento\/wp-json\/wp\/v2\/product\/341","targetHints":{"allow":["GET"]}}],"collection":[{"href":"https:\/\/marketplace.epassi.fi\/kauniskorento\/wp-json\/wp\/v2\/product"}],"about":[{"href":"https:\/\/marketplace.epassi.fi\/kauniskorento\/wp-json\/wp\/v2\/types\/product"}],"replies":[{"embeddable":true,"href":"https:\/\/marketplace.epassi.fi\/kauniskorento\/wp-json\/wp\/v2\/comments?post=341"}],"wp:featuredmedia":[{"embeddable":true,"href":"https:\/\/marketplace.epassi.fi\/kauniskorento\/wp-json\/wp\/v2\/media\/384"}],"wp:attachment":[{"href":"https:\/\/marketplace.epassi.fi\/kauniskorento\/wp-json\/wp\/v2\/media?parent=341"}],"wp:term":[{"taxonomy":"product_brand","embeddable":true,"href":"https:\/\/marketplace.epassi.fi\/kauniskorento\/wp-json\/wp\/v2\/product_brand?post=341"},{"taxonomy":"product_cat","embeddable":true,"href":"https:\/\/marketplace.epassi.fi\/kauniskorento\/wp-json\/wp\/v2\/product_cat?post=341"},{"taxonomy":"product_tag","embeddable":true,"href":"https:\/\/marketplace.epassi.fi\/kauniskorento\/wp-json\/wp\/v2\/product_tag?post=341"}],"curies":[{"name":"wp","href":"https:\/\/api.w.org\/{rel}","templated":true}]}}