{"id":504,"date":"2025-11-25T11:05:59","date_gmt":"2025-11-25T09:05:59","guid":{"rendered":"https:\/\/marketplace.epassi.fi\/kauniskorento\/?post_type=product&#038;p=504"},"modified":"2025-11-25T11:06:53","modified_gmt":"2025-11-25T09:06:53","slug":"arvolahjakortti-fysioterapiaan-5000-e-20000e","status":"publish","type":"product","link":"https:\/\/marketplace.epassi.fi\/kauniskorento\/kauppa\/hyvinvointi\/fysioterapia\/arvolahjakortti-fysioterapiaan-5000-e-20000e\/","title":{"rendered":"Arvolahjakortti fysioterapiaan 50,00 \u20ac &#8211; 200,00\u20ac"},"content":{"rendered":"<ol>\n<li>Lahjakortin voit k\u00e4ytt\u00e4\u00e4 valitsemaasi palveluun. Muistathan, ett\u00e4 ePassilla voi maksaa lahjakortin vain itselleen, koska ePassi on hl\u00f6kohtaiseen k\u00e4ytt\u00f6\u00f6n tarkoitettu.<\/li>\n<\/ol>\n<p><!--more--><\/p>\n<p>Lahjakortti on voimassa 12 kk ostop\u00e4iv\u00e4st\u00e4. Lahjakortti k\u00e4y fysioterapiaan.<\/p>\n<p>Varaa aikasi\u00a0 joko 040-6591990 tai<\/p>\n<p>www.kauniskorento.fi<\/p>\n<blockquote><p>&nbsp;<\/p><\/blockquote>\n<p>&nbsp;<\/p>\n","protected":false},"excerpt":{"rendered":"<p>Lahjakortin voit k\u00e4ytt\u00e4\u00e4 valitsemaasi palveluun. Muistathan, ett\u00e4 ePassilla voi maksaa lahjakortin vain itselleen, koska ePassi on hl\u00f6kohtaiseen k\u00e4ytt\u00f6\u00f6n tarkoitettu.<\/p>\n","protected":false},"featured_media":351,"comment_status":"closed","ping_status":"closed","template":"","meta":{"_acf_changed":false,"_kad_post_transparent":"default","_kad_post_title":"","_kad_post_layout":"default","_kad_post_sidebar_id":"","_kad_post_content_style":"default","_kad_post_vertical_padding":"default","_kad_post_feature":"","_kad_post_feature_position":"","_kad_post_header":false,"_kad_post_footer":false,"_kad_post_classname":""},"product_brand":[],"product_cat":[32,21],"product_tag":[],"class_list":{"0":"post-504","1":"product","2":"type-product","3":"status-publish","4":"has-post-thumbnail","6":"product_cat-fysioterapia","7":"product_cat-hyvinvointi","9":"first","10":"instock","11":"purchasable","12":"product-type-variable","13":"entry","14":"content-bg","15":"loop-entry"},"acf":[],"_links":{"self":[{"href":"https:\/\/marketplace.epassi.fi\/kauniskorento\/wp-json\/wp\/v2\/product\/504","targetHints":{"allow":["GET"]}}],"collection":[{"href":"https:\/\/marketplace.epassi.fi\/kauniskorento\/wp-json\/wp\/v2\/product"}],"about":[{"href":"https:\/\/marketplace.epassi.fi\/kauniskorento\/wp-json\/wp\/v2\/types\/product"}],"replies":[{"embeddable":true,"href":"https:\/\/marketplace.epassi.fi\/kauniskorento\/wp-json\/wp\/v2\/comments?post=504"}],"wp:featuredmedia":[{"embeddable":true,"href":"https:\/\/marketplace.epassi.fi\/kauniskorento\/wp-json\/wp\/v2\/media\/351"}],"wp:attachment":[{"href":"https:\/\/marketplace.epassi.fi\/kauniskorento\/wp-json\/wp\/v2\/media?parent=504"}],"wp:term":[{"taxonomy":"product_brand","embeddable":true,"href":"https:\/\/marketplace.epassi.fi\/kauniskorento\/wp-json\/wp\/v2\/product_brand?post=504"},{"taxonomy":"product_cat","embeddable":true,"href":"https:\/\/marketplace.epassi.fi\/kauniskorento\/wp-json\/wp\/v2\/product_cat?post=504"},{"taxonomy":"product_tag","embeddable":true,"href":"https:\/\/marketplace.epassi.fi\/kauniskorento\/wp-json\/wp\/v2\/product_tag?post=504"}],"curies":[{"name":"wp","href":"https:\/\/api.w.org\/{rel}","templated":true}]}}