{"id":22,"date":"2021-09-13T17:45:59","date_gmt":"2021-09-13T17:45:59","guid":{"rendered":"https:\/\/marketplace.epassi.fi\/kehokompassi-pt-paahtio\/?page_id=22"},"modified":"2021-10-12T10:57:35","modified_gmt":"2021-10-12T10:57:35","slug":"info","status":"publish","type":"page","link":"https:\/\/marketplace.epassi.fi\/kehokompassi-pt-paahtio\/info\/","title":{"rendered":"Info"},"content":{"rendered":"\n\t<div class=\"entry-content single-content\">\n\n\t\t<div class=\"wp-block-columns\" style=\"gap:30px\">\n\t\t\t<div class=\"wp-block-column\">\n\t\t\t\t<h2>Tervetuloa tutustumaan meihin!<\/h2>\n\t\t\t\t<p><p>Tervetuloa Kehokompassin ja PT Paahtion ePassi-kauppaan \u2013 paikkaan, jossa hyvinvointi on jokaisen ulottuvilla!<\/p>\n<p>Me olemme kolmen veljeksen tiimi, ja intohimomme on auttaa sinua voimaan paremmin. Tarjoamme kokonaisvaltaisia ratkaisuja hyvinvointiin, oli tavoitteesi sitten kivun lievitys, jaksamisen parantaminen tai kunnon kohottaminen. Meid\u00e4n missionamme on tehd\u00e4 hyvinvoinnista mahdollisimman helppoa, motivoivaa ja pitk\u00e4kestoista \u2013 juuri sinulle.<\/p>\n<p>Mit\u00e4 tarjoamme?<\/p>\n<p>\u2705 Verkkokurssit ja ohjelmat: Niskan, alasel\u00e4n ja olkap\u00e4iden itsehoitopaketit sek\u00e4 monipuoliset treeni- ja ravitsemusohjelmat, jotka sopivat kaiken tasoisille liikkujille.<\/p>\n<p>\u2705 Hyvinvointituotteet: Tukemaan arkeasi! Valikoimastamme l\u00f6yd\u00e4t hierontapallot, vastuskuminauhat, muovittomat juomapullot, niskakaaren ja muut v\u00e4lineet, jotka on suunniteltu parantamaan sinun kokonaisvaltaista hyvinvointia.<\/p>\n<p>\u2705 Henkil\u00f6kohtaista valmennusta: Yksil\u00f6llist\u00e4 tukea, joka r\u00e4\u00e4t\u00e4l\u00f6id\u00e4\u00e4n juuri sinun tarpeisiisi. Olipa tavoitteesi energisempi arki, parempi fyysinen kunto tai el\u00e4m\u00e4nlaadun parantaminen, olemme t\u00e4\u00e4ll\u00e4 sinua varten. <\/p>\n<p>Miksi valita meid\u00e4t?<\/p>\n<p>\u2b50 Tuloksia, ei turhaa h\u00f6pin\u00e4\u00e4: Kaikki tuotteemme ja palvelumme on suunniteltu tukemaan konkreettisia tavoitteitasi \u2013 olipa kyse kivunlievityksest\u00e4, liikkuvuuden parantamisesta tai energisemm\u00e4st\u00e4 arjesta.<\/p>\n<p>\u2b50 Sinun tarpeesi edell\u00e4: Ymm\u00e4rr\u00e4mme, ett\u00e4 jokainen ihminen on ainutlaatuinen. Siksi tarjoamme yksil\u00f6llisi\u00e4 ratkaisuja ja helposti l\u00e4hestytt\u00e4v\u00e4\u00e4 apua, joka sopii juuri sinun tilanteeseesi.<\/p>\n<p>\u2b50 Helppous ja mukavuus: Meilt\u00e4 l\u00f6yd\u00e4t toimivia ratkaisuja, jotka voit ottaa k\u00e4ytt\u00f6\u00f6n heti \u2013 kotona, ty\u00f6paikalla tai vapaa-ajalla. Lis\u00e4ksi ePassin k\u00e4ytt\u00f6 on meill\u00e4 vaivatonta.<\/p>\n<p>\u2b50 Asiakkaamme puhuvat puolestamme: Tuhansia tyytyv\u00e4isi\u00e4 asiakkaita, jotka ovat l\u00f6yt\u00e4neet meilt\u00e4 apua arkeensa, ja positiivinen palaute kertovat kaiken olennaisen.<\/p>\n<p>Valitsemalla meid\u00e4t investoit itseesi ja omaan hyvinvointiisi \u2013 olemme t\u00e4\u00e4ll\u00e4 tukenasi jokaisella askeleella.<\/p>\n<p>\ud83d\udc49 Tutustu valikoimaamme ja investoi itseesi jo t\u00e4n\u00e4\u00e4n!<\/p>\n<p>www.ptpaahtio.fi<br \/>\nwww.kehokompassi.fi<\/p>\n<\/p>\n\t\t\t\t<h3>Kehokompassi &amp; PT Paahtio<\/h3>\n\t\t\t\t<p><br>\n\t\t\t\t\t <\/p>\n\t\t\t\t<p><a href=\"tel:\"><\/a><\/p>\n\t\t\t\t<p><a href=\"mailto:asiakaspalvelu@ptpaahtio.fi\">asiakaspalvelu@ptpaahtio.fi<\/a><\/p>\n\n\t\t\t\t\t\t\t<\/div>\n\n\t\t\t<div class=\"wp-block-column\">\n\t\t\t\t<figure class=\"wp-block-image size-large\"><img loading=\"lazy\" decoding=\"async\" width=\"768\" height=\"768\" src=\"https:\/\/marketplace.epassi.fi\/kehokompassi-pt-paahtio\/wp-content\/uploads\/sites\/418\/2024\/12\/Info1.-1-768x768.jpg\" class=\"attachment-medium_large size-medium_large\" alt=\"\" \/><\/figure>\n\t\t\t<\/div>\n\t\t<\/div>\n\t<\/div>\n\t\n","protected":false},"excerpt":{"rendered":"","protected":false},"author":2,"featured_media":0,"parent":0,"menu_order":0,"comment_status":"closed","ping_status":"closed","template":"","meta":{"_acf_changed":false,"_kad_post_transparent":"","_kad_post_title":"","_kad_post_layout":"","_kad_post_sidebar_id":"","_kad_post_content_style":"","_kad_post_vertical_padding":"","_kad_post_feature":"","_kad_post_feature_position":"","_kad_post_header":false,"_kad_post_footer":false,"_kad_post_classname":"","footnotes":""},"class_list":["post-22","page","type-page","status-publish","hentry"],"acf":[],"_links":{"self":[{"href":"https:\/\/marketplace.epassi.fi\/kehokompassi-pt-paahtio\/wp-json\/wp\/v2\/pages\/22","targetHints":{"allow":["GET"]}}],"collection":[{"href":"https:\/\/marketplace.epassi.fi\/kehokompassi-pt-paahtio\/wp-json\/wp\/v2\/pages"}],"about":[{"href":"https:\/\/marketplace.epassi.fi\/kehokompassi-pt-paahtio\/wp-json\/wp\/v2\/types\/page"}],"author":[{"embeddable":true,"href":"https:\/\/marketplace.epassi.fi\/kehokompassi-pt-paahtio\/wp-json\/wp\/v2\/users\/2"}],"replies":[{"embeddable":true,"href":"https:\/\/marketplace.epassi.fi\/kehokompassi-pt-paahtio\/wp-json\/wp\/v2\/comments?post=22"}],"version-history":[{"count":10,"href":"https:\/\/marketplace.epassi.fi\/kehokompassi-pt-paahtio\/wp-json\/wp\/v2\/pages\/22\/revisions"}],"predecessor-version":[{"id":264,"href":"https:\/\/marketplace.epassi.fi\/kehokompassi-pt-paahtio\/wp-json\/wp\/v2\/pages\/22\/revisions\/264"}],"wp:attachment":[{"href":"https:\/\/marketplace.epassi.fi\/kehokompassi-pt-paahtio\/wp-json\/wp\/v2\/media?parent=22"}],"curies":[{"name":"wp","href":"https:\/\/api.w.org\/{rel}","templated":true}]}}