{"id":274,"date":"2021-10-16T11:14:50","date_gmt":"2021-10-16T11:14:50","guid":{"rendered":"https:\/\/marketplace.epassi.fi\/kehokompassi-pt-paahtio\/?post_type=product&#038;p=274"},"modified":"2026-01-09T12:32:28","modified_gmt":"2026-01-09T10:32:28","slug":"olkapaan-hoitopaketti","status":"publish","type":"product","link":"https:\/\/marketplace.epassi.fi\/kehokompassi-pt-paahtio\/kauppa\/liikuntaedut\/verkkotreenit\/olkapaan-hoitopaketti\/","title":{"rendered":"Olkap\u00e4\u00e4n Hoitopaketti | Kehokompassi"},"content":{"rendered":"<h1><strong>Olkap\u00e4\u00e4 Hoitopaketti \u2013 Ratkaisu olkap\u00e4\u00e4kipuun<\/strong><\/h1>\n<p>K\u00e4rsitk\u00f6 jatkuvista olkap\u00e4\u00e4kivuista, jotka rajoittavat arkeasi?\u00a0<strong>Olkap\u00e4\u00e4n Hoitopaketti<\/strong>\u00a0on ainutlaatuinen verkkokurssi, joka tarjoaa nopean ja pysyv\u00e4n avun olkap\u00e4\u00e4n vaivoihin \u2013 suoraan kotoasi. T\u00e4m\u00e4 selke\u00e4 kokonaisuus on suunniteltu erityisesti ihmisille, joilla on kipuja tai muita olkap\u00e4\u00e4vaivoja. Helppok\u00e4ytt\u00f6inen ja vaivaton ratkaisu, joka antaa konkreettisia tuloksia jo ensimm\u00e4isist\u00e4 harjoituksista l\u00e4htien!<\/p>\n<h2><strong>Miksi valita Olkap\u00e4\u00e4n Hoitopaketti?<\/strong><\/h2>\n<p><b>Olkap\u00e4\u00e4n Hoitopaketti<\/b>\u00a0on luotu vastaamaan monien eri el\u00e4m\u00e4ntilanteissa olevien ihmisten tarpeisiin. Oli kyseess\u00e4 sitten vasta-alkanut olkap\u00e4\u00e4kipu tai pidemp\u00e4\u00e4n jatkunut vaiva, niin ohjelma tarjoaa k\u00e4yt\u00e4nn\u00f6llisen ja tehokkaan ratkaisun, joka sopii l\u00e4ht\u00f6kohtaisesti jokaiselle. Ohjelman hy\u00f6dyt eiv\u00e4t rajoitu vain kivun lievitykseen, vaan sen avulla voit my\u00f6s ennaltaehk\u00e4ist\u00e4 tulevia ongelmia ja yll\u00e4pit\u00e4\u00e4 olkap\u00e4idesi terveytt\u00e4. Helppok\u00e4ytt\u00f6isyys ja selkeys tekev\u00e4t t\u00e4st\u00e4 ohjelmasta sopivan jokaisen arkeen, olitpa kiireinen tai et.<\/p>\n<ul>\n<li><strong>Nopea helpotus:<\/strong>\u00a0Selke\u00e4t ja tarkoin suunnitellut harjoitukset auttavat v\u00e4hent\u00e4m\u00e4\u00e4n vaivoja nopeasti ja tehokkaasti.<\/li>\n<li><strong>Spesifit testit &amp; harjoitukset:\u00a0<\/strong>Verkkokurssilla k\u00e4yd\u00e4\u00e4n laajasti l\u00e4pi eri olkap\u00e4\u00e4vaivoja sis\u00e4lt\u00e4en spesifej\u00e4 testej\u00e4, joiden pohjalta voit arvioida k\u00e4rsitk\u00f6 kyseisest\u00e4 olkap\u00e4\u00e4vaivasta. Verkkokurssi sis\u00e4lt\u00e4\u00e4 spesifeille olkap\u00e4\u00e4vaivoille omat interventionsa.<\/li>\n<li><strong>Pysyv\u00e4 ratkaisu:<\/strong>\u00a0T\u00e4ll\u00e4 verkkokurssilla et ainoastaan hoida, mutta my\u00f6s ennaltaehk\u00e4iset uusien olkap\u00e4\u00e4kipujen syntymisen, jolloin parannat olkap\u00e4idesi hyvinvointia pitk\u00e4ll\u00e4 aikav\u00e4lill\u00e4.<\/li>\n<li><strong>Ei erikoisv\u00e4lineit\u00e4:<\/strong>\u00a0Kaikki harjoitukset voidaan tehd\u00e4 kotona ilman erillisi\u00e4 apuv\u00e4lineit\u00e4 \u2013 mik\u00e4 tahansa tila k\u00e4y! (Itsehieronnassa hierontapallosta on apua.)<\/li>\n<li><strong>Sopii kiireiseen arkeen:<\/strong>\u00a0Harjoitukset on suunniteltu lyhyiksi ja tehokkaiksi, joten ne voi helposti sovittaa p\u00e4ivitt\u00e4iseen aikatauluusi.<\/li>\n<\/ul>\n<h2><strong>Kenelle ohjelma on suunnattu?<\/strong><\/h2>\n<p>Olitpa sitten toimistoty\u00f6l\u00e4inen, raskasta fyysist\u00e4 ty\u00f6t\u00e4 tekev\u00e4 tai kotona paljon aikaa viett\u00e4v\u00e4,\u00a0<strong>Olkap\u00e4\u00e4n Hoitopaketti<\/strong>\u00a0on suunniteltu sopimaan kaikille, jotka k\u00e4rsiv\u00e4t olkap\u00e4\u00e4n vaivoista. Harjoitukset on suunniteltu helposti omaksuttaviksi ja vaivattomiksi toteuttaa, joten voit aloittaa niiden hy\u00f6dynt\u00e4misen heti ja kokea helpotuksen nopeasti. Ohjelman avulla pystyt parantamaan koko hartiarenkaan toimintakyky\u00e4 ja saavuttamaan pitk\u00e4kestoisia tuloksia ilman monimutkaisia v\u00e4lineit\u00e4 tai monen tunnin p\u00e4ivitt\u00e4ist\u00e4 sitoutumista. Hoitopaketti tarjoaa konkreettisen ja tehokkaan ratkaisun olkap\u00e4\u00e4vaivoihisi\u00a0<strong>100% tyytyv\u00e4isyystakuulla<\/strong>.<\/p>\n<h2><strong>Mit\u00e4 hy\u00f6tyj\u00e4 ohjelma tarjoaa?<\/strong><\/h2>\n<p>Olkap\u00e4\u00e4n Hoitopaketti tarjoaa sinulle kaiken t\u00e4m\u00e4n:<\/p>\n<ul>\n<li><strong>Tehokas kivunlievitys:<\/strong>\u00a0Tunnet helpotuksen olkap\u00e4\u00e4kivuissa jo ensimm\u00e4isten harjoituskertojen j\u00e4lkeen.<\/li>\n<li><strong>Parempi ryhti ja liikkuvuus:<\/strong>\u00a0Ohjelman avulla kehit\u00e4t vahvemman ja liikkuvamman hartiarenkaan, joka tukee paremmin koko kehoasi ja arkeasi.<\/li>\n<li><strong>Pitk\u00e4kestoinen vaikutus:<\/strong>\u00a0Sitoutumalla s\u00e4\u00e4nn\u00f6llisyyteen ennaltaehk\u00e4iset uusia olkap\u00e4\u00e4vaivoja ja parannat el\u00e4m\u00e4nlaatuasi.<\/li>\n<li><strong>100% Tyytyv\u00e4isyystakuu:\u00a0<\/strong>Me luotamme siihen, ett\u00e4 verkkokurssimme tarjoaa sinulle helpotuksen, mutta ymm\u00e4rr\u00e4mme jos ep\u00e4r\u00f6it. T\u00e4m\u00e4n vuoksi tarjoamme 100% tyytyv\u00e4isyystakuun, eli joko sin\u00e4 p\u00e4\u00e4set vaivoistasi eroon tai saat rahat takaisin.<\/li>\n<\/ul>\n<h2><strong>Osta nyt ja vapauta olkap\u00e4\u00e4si vaivoista!<\/strong><\/h2>\n<p>\u00c4l\u00e4 anna olkap\u00e4\u00e4kipujen en\u00e4\u00e4 rajoittaa arkeasi.\u00a0<strong>Olkap\u00e4\u00e4n Hoitopaketin<\/strong>\u00a0avulla saat el\u00e4m\u00e4\u00e4si takaisin liikkumisen vapauden ja kivuttoman alasel\u00e4n \u2013 vaivattomasti ja nopeasti.<\/p>\n","protected":false},"excerpt":{"rendered":"<p><strong>Olkap\u00e4\u00e4n Hoitopaketti<\/strong> on fysioterapeutin suunnittelema verkkokurssi, joka tarjoaa tehokkaan ratkaisun olkap\u00e4\u00e4n kipujen sek\u00e4 vaivojen lievitt\u00e4miseen.<br \/>\nT\u00e4m\u00e4 kokonaisuus antaa sinulle selke\u00e4n ja helpon keinon vapauttaa olkap\u00e4\u00e4si toimintakyky.<\/p>\n<ul>\n<li><strong>Helppo k\u00e4ytt\u00e4\u00e4:<\/strong>\u00a0Selke\u00e4t ja lyhyet ohjeet, jotka sopivat kiireiseen arkeen.<\/li>\n<li><strong>V\u00e4lit\u00f6n helpotus:<\/strong>\u00a0Saat nopeasti apua kipuun ja j\u00e4nnitykseen.<\/li>\n<li><strong>Pitk\u00e4aikainen hy\u00f6ty:<\/strong>\u00a0Ehk\u00e4ise vaivojen uusiutuminen tehokkaasti.<\/li>\n<li><strong>Elinik\u00e4inen k\u00e4ytt\u00f6oikeus:<\/strong>\u00a0Suorita kurssi omaan tahtiin ja palaa siihen aina tarvittaessa.<\/li>\n<\/ul>\n<p>Hanki hoitopaketti nyt hy\u00f6dynt\u00e4en ePassia ja nauti elinik\u00e4isest\u00e4 helpotuksesta.<\/p>\n<p>&#8221;Tutustu lis\u00e4\u00e4&#8221; -linkki vie sinut Kehokompassin verkkokauppaan ja kassalla voit valita maksutavaksi <strong>ePassin<\/strong>.<\/p>\n","protected":false},"featured_media":363,"comment_status":"open","ping_status":"closed","template":"","meta":{"_acf_changed":false,"_kad_post_transparent":"default","_kad_post_title":"","_kad_post_layout":"default","_kad_post_sidebar_id":"","_kad_post_content_style":"default","_kad_post_vertical_padding":"default","_kad_post_feature":"","_kad_post_feature_position":"","_kad_post_header":false,"_kad_post_footer":false,"_kad_post_classname":""},"product_brand":[],"product_cat":[19,28],"product_tag":[],"class_list":{"0":"post-274","1":"product","2":"type-product","3":"status-publish","4":"has-post-thumbnail","6":"product_cat-liikuntaedut","7":"product_cat-verkkotreenit","9":"first","10":"instock","11":"sale","12":"taxable","13":"shipping-taxable","14":"product-type-external","15":"entry","16":"content-bg","17":"loop-entry"},"acf":[],"_links":{"self":[{"href":"https:\/\/marketplace.epassi.fi\/kehokompassi-pt-paahtio\/wp-json\/wp\/v2\/product\/274","targetHints":{"allow":["GET"]}}],"collection":[{"href":"https:\/\/marketplace.epassi.fi\/kehokompassi-pt-paahtio\/wp-json\/wp\/v2\/product"}],"about":[{"href":"https:\/\/marketplace.epassi.fi\/kehokompassi-pt-paahtio\/wp-json\/wp\/v2\/types\/product"}],"replies":[{"embeddable":true,"href":"https:\/\/marketplace.epassi.fi\/kehokompassi-pt-paahtio\/wp-json\/wp\/v2\/comments?post=274"}],"wp:featuredmedia":[{"embeddable":true,"href":"https:\/\/marketplace.epassi.fi\/kehokompassi-pt-paahtio\/wp-json\/wp\/v2\/media\/363"}],"wp:attachment":[{"href":"https:\/\/marketplace.epassi.fi\/kehokompassi-pt-paahtio\/wp-json\/wp\/v2\/media?parent=274"}],"wp:term":[{"taxonomy":"product_brand","embeddable":true,"href":"https:\/\/marketplace.epassi.fi\/kehokompassi-pt-paahtio\/wp-json\/wp\/v2\/product_brand?post=274"},{"taxonomy":"product_cat","embeddable":true,"href":"https:\/\/marketplace.epassi.fi\/kehokompassi-pt-paahtio\/wp-json\/wp\/v2\/product_cat?post=274"},{"taxonomy":"product_tag","embeddable":true,"href":"https:\/\/marketplace.epassi.fi\/kehokompassi-pt-paahtio\/wp-json\/wp\/v2\/product_tag?post=274"}],"curies":[{"name":"wp","href":"https:\/\/api.w.org\/{rel}","templated":true}]}}