{"id":67,"date":"2021-09-13T18:36:17","date_gmt":"2021-09-13T18:36:17","guid":{"rendered":"https:\/\/marketplace.epassi.fi\/kehokompassi-pt-paahtio\/?post_type=product&#038;p=67"},"modified":"2024-12-09T12:57:34","modified_gmt":"2024-12-09T10:57:34","slug":"henkilokohtainen-valmennus-pt-paahtio","status":"publish","type":"product","link":"https:\/\/marketplace.epassi.fi\/kehokompassi-pt-paahtio\/kauppa\/liikuntaedut\/henkilokohtainen-valmennus-pt-paahtio\/","title":{"rendered":"Henkil\u00f6kohtainen valmennus | PT Paahtio"},"content":{"rendered":"<h2 class=\"kt-adv-heading675_d03726-3e wp-block-kadence-advancedheading\" data-kb-block=\"kb-adv-heading675_d03726-3e\">Ammattitaitoinen henkil\u00f6kohtainen valmennus<\/h2>\n<p class=\"kt-adv-heading675_c20adb-7a wp-block-kadence-advancedheading\" data-kb-block=\"kb-adv-heading675_c20adb-7a\"><a href=\"https:\/\/www.ptpaahtio.fi\/keta-olemme\/\" data-type=\"page\" data-id=\"625\">Me kolme veljest\u00e4<\/a>\u00a0olemme koulutettuja ja kokeneita valmentajia, jotka ovat sitoutuneet auttamaan sinua saavuttamaan tavoitteesi. Jokainen asiakas on yksil\u00f6 ja ruokavaliot sek\u00e4 treeniohjelmat suunnitellaan t\u00e4ysin sinun tarpeesi, arkesi ja tavoitteidesi mukaisesti.<\/p>\n<h3 class=\"kt-adv-heading675_abf485-51 wp-block-kadence-advancedheading\" data-kb-block=\"kb-adv-heading675_abf485-51\">Kokonaisvaltainen l\u00e4hestymistapa<\/h3>\n<p class=\"kt-adv-heading675_b47df6-15 wp-block-kadence-advancedheading\" data-kb-block=\"kb-adv-heading675_b47df6-15\">Painonpudotus, rasvanpolttaminen, lihaksenkasvatus ja terveyden parantaminen vaativat monipuolista ja kokonaisvaltaista l\u00e4hestymistapaa. Tarjoamme sinulle r\u00e4\u00e4t\u00e4l\u00f6idyn verkkovalmennuksen, joka sis\u00e4lt\u00e4\u00e4 harjoitusohjelman, ruokavalion ja ravintoneuvontaa sek\u00e4 tarvittaessa my\u00f6s henkist\u00e4 tukea ja motivointia.<\/p>\n<h3 class=\"kt-adv-heading675_08e862-e8 wp-block-kadence-advancedheading\" data-kb-block=\"kb-adv-heading675_08e862-e8\">Valmennusty\u00f6kalut<\/h3>\n<p class=\"kt-adv-heading675_f296c3-2e wp-block-kadence-advancedheading\" data-kb-block=\"kb-adv-heading675_f296c3-2e\">Pid\u00e4mme huolen siit\u00e4, ett\u00e4 henkil\u00f6kohtainen valmennus perustuu terveellisiin el\u00e4m\u00e4ntapoihin ja parhaisiin k\u00e4yt\u00e4nt\u00f6ihin arjessa. Hy\u00f6dynn\u00e4mme valmennusty\u00f6kaluna\u00a0<a href=\"https:\/\/www.step2.fit\/\" target=\"_blank\" rel=\"noreferrer noopener\" data-type=\"URL\" data-id=\"https:\/\/www.step2.fit\/\">Step2fit<\/a>\u00a0sovellusta, ravitsemustieteen viimeisimpi\u00e4 l\u00f6yt\u00f6j\u00e4 ja terveyden edist\u00e4misen parhaita k\u00e4yt\u00e4nt\u00f6j\u00e4 omaan tietotaitoomme sek\u00e4 kokemukseemme nojaten.<\/p>\n<h3 class=\"kt-adv-heading675_e64b38-3d wp-block-kadence-advancedheading\" data-kb-block=\"kb-adv-heading675_e64b38-3d\">Henkil\u00f6kohtainen tuki ja seuranta<\/h3>\n<p class=\"kt-adv-heading675_82111f-e1 wp-block-kadence-advancedheading\" data-kb-block=\"kb-adv-heading675_82111f-e1\">Tuemme sinua jokaisessa vaiheessa matkaasi kohti tavoitteitasi. Me valmentajat olemme kokoajan k\u00e4ytett\u00e4viss\u00e4 vastaamaan kysymyksiisi yhteisess\u00e4 Whatsapp ryhm\u00e4ss\u00e4, jossa tarjoamme ohjausta ja annamme sinulle tarvittavaa tukea. Seuraamme my\u00f6s edistymist\u00e4si ja teemme tarvittaessa muutoksia ohjelmiisi varmistaaksemme parhaat tulokset t\u00e4ll\u00e4 yhteisell\u00e4 matkalla.<\/p>\n<h3 class=\"kt-adv-heading675_9bdb78-a3 wp-block-kadence-advancedheading\" data-kb-block=\"kb-adv-heading675_9bdb78-a3\">Asiakastyytyv\u00e4isyys on etusijalla<\/h3>\n<p class=\"kt-adv-heading675_19b08a-94 wp-block-kadence-advancedheading\" data-kb-block=\"kb-adv-heading675_19b08a-94\">Meille t\u00e4rkeint\u00e4 on asiakkaidemme tyytyv\u00e4isyys ja tavoitteisiin p\u00e4\u00e4seminen. Pyrimme luomaan pitk\u00e4aikaisia ja luottamuksellisia valmennussuhteita asiakkaisiimme tarjoamalla laadukasta ja yksil\u00f6llist\u00e4 verkkovalmennusta.\u00a0<a href=\"https:\/\/www.ptpaahtio.fi\/asiakas-kokemukset\/\" data-type=\"page\" data-id=\"760\">Asiakaspalautteemme<\/a>\u00a0on erinomaista, ja olemme ylpeit\u00e4 siit\u00e4, ett\u00e4 olemme p\u00e4\u00e4sseet auttamaan lukuisia ihmisi\u00e4 saavuttamaan tavoitteensa ja parantamaan el\u00e4m\u00e4nlaatuaan.<\/p>\n<h3 class=\"kt-adv-heading675_1d0b30-59 wp-block-kadence-advancedheading\" data-kb-block=\"kb-adv-heading675_1d0b30-59\">Fysioterapeutin tuki &amp; ohjaus<\/h3>\n<p class=\"kt-adv-heading675_9106b1-fe wp-block-kadence-advancedheading\" data-kb-block=\"kb-adv-heading675_9106b1-fe\">Saat valmennuksessamme k\u00e4ytt\u00f6\u00f6si fysioterapeutin tuen sek\u00e4 ohjauksen. N\u00e4in voimme ottaa valmennuksessa huomioon mahdolliset liikerajoitteet, kivut sek\u00e4 vaivat ja pureutua niiden juurisyihin sek\u00e4 ennaltaehk\u00e4isyyn.<\/p>\n","protected":false},"excerpt":{"rendered":"<p class=\"kt-adv-heading625_14a7a7-48 wp-block-kadence-advancedheading has-theme-palette-1-color has-text-color\" data-kb-block=\"kb-adv-heading625_14a7a7-48\"><strong>Liity mukaan henkil\u00f6kohtaiseen valmennukseen ja anna meid\u00e4n auttaa.<\/strong><\/p>\n<p data-kb-block=\"kb-adv-heading625_14a7a7-48\">Kolme koulutettua ja ammattimaista valmentajaveljest\u00e4 sinun tukenasi.<\/p>\n<p>Henkil\u00f6kohtaisen valmennuksen tarjontaamme kuuluu 2 valmennuspakettia, joiden merkitt\u00e4vin ero on raportoinnin tiheys.<\/p>\n<p>\u201dHae valmennukseen\u201d -linkki vie sinut PT Paahtion verkkosivuille, jossa voit tutustua tarkemmin valmennukseen ja valmennuspaketteihin.<\/p>\n<p>Henkil\u00f6kohtaisen valmennuksen voit maksaa <strong>ePassilla<\/strong>.<\/p>\n<p>Kaikki l\u00e4htee p\u00e4\u00e4t\u00f6ksest\u00e4.<\/p>\n","protected":false},"featured_media":377,"comment_status":"open","ping_status":"closed","template":"","meta":{"_acf_changed":false,"_kad_post_transparent":"default","_kad_post_title":"","_kad_post_layout":"default","_kad_post_sidebar_id":"","_kad_post_content_style":"default","_kad_post_vertical_padding":"default","_kad_post_feature":"","_kad_post_feature_position":"","_kad_post_header":false,"_kad_post_footer":false,"_kad_post_classname":""},"product_brand":[],"product_cat":[19],"product_tag":[],"class_list":{"0":"post-67","1":"product","2":"type-product","3":"status-publish","4":"has-post-thumbnail","6":"product_cat-liikuntaedut","8":"first","9":"instock","10":"taxable","11":"shipping-taxable","12":"product-type-external","13":"entry","14":"content-bg","15":"loop-entry"},"acf":[],"_links":{"self":[{"href":"https:\/\/marketplace.epassi.fi\/kehokompassi-pt-paahtio\/wp-json\/wp\/v2\/product\/67","targetHints":{"allow":["GET"]}}],"collection":[{"href":"https:\/\/marketplace.epassi.fi\/kehokompassi-pt-paahtio\/wp-json\/wp\/v2\/product"}],"about":[{"href":"https:\/\/marketplace.epassi.fi\/kehokompassi-pt-paahtio\/wp-json\/wp\/v2\/types\/product"}],"replies":[{"embeddable":true,"href":"https:\/\/marketplace.epassi.fi\/kehokompassi-pt-paahtio\/wp-json\/wp\/v2\/comments?post=67"}],"wp:featuredmedia":[{"embeddable":true,"href":"https:\/\/marketplace.epassi.fi\/kehokompassi-pt-paahtio\/wp-json\/wp\/v2\/media\/377"}],"wp:attachment":[{"href":"https:\/\/marketplace.epassi.fi\/kehokompassi-pt-paahtio\/wp-json\/wp\/v2\/media?parent=67"}],"wp:term":[{"taxonomy":"product_brand","embeddable":true,"href":"https:\/\/marketplace.epassi.fi\/kehokompassi-pt-paahtio\/wp-json\/wp\/v2\/product_brand?post=67"},{"taxonomy":"product_cat","embeddable":true,"href":"https:\/\/marketplace.epassi.fi\/kehokompassi-pt-paahtio\/wp-json\/wp\/v2\/product_cat?post=67"},{"taxonomy":"product_tag","embeddable":true,"href":"https:\/\/marketplace.epassi.fi\/kehokompassi-pt-paahtio\/wp-json\/wp\/v2\/product_tag?post=67"}],"curies":[{"name":"wp","href":"https:\/\/api.w.org\/{rel}","templated":true}]}}