{"id":22,"date":"2021-09-13T17:45:59","date_gmt":"2021-09-13T17:45:59","guid":{"rendered":"https:\/\/marketplace.epassi.fi\/keventajat\/?page_id=22"},"modified":"2021-10-12T10:57:35","modified_gmt":"2021-10-12T10:57:35","slug":"info","status":"publish","type":"page","link":"https:\/\/marketplace.epassi.fi\/keventajat\/info\/","title":{"rendered":"Info"},"content":{"rendered":"\n\t<div class=\"entry-content single-content\">\n\n\t\t<div class=\"wp-block-columns\" style=\"gap:30px\">\n\t\t\t<div class=\"wp-block-column\">\n\t\t\t\t<h2>Luotetuin painonhallinta- ja kotitreenipalvelu<\/h2>\n\t\t\t\t<p><p>Kohota kuntoa, kiinteydy, hanki lihasta ja pudota painoa! Treenaat juuri silloin, kun sinulle sopii \u2013 kotona, matkoilla tai vaikka m\u00f6kill\u00e4.<\/p>\n<p>Ei matkoja jumppasalille tai kalliita kuntosalimaksuja \u2013 k\u00e4ynnist\u00e4t vain treenivideon ja aloitat. Kaikki treenit yhdell\u00e4 kuukausihinnalla \u2013 harjoitusohjelma ja uusia treenej\u00e4 joka viikko.<\/p>\n<p>Kotitreenit tehd\u00e4\u00e4n alusta loppuun ohjaajan kanssa \u2013 aivan kuin olisit jumppatunnilla tai personal trainerin ohjattavana. Ohjaajat my\u00f6s opastavat oikeissa liiketekniikoissa ja kannustavat sinua treenaamaan s\u00e4\u00e4nn\u00f6llisesti.<\/p>\n<p>Kotitreenien treenit on suunniteltu ottamaan huomioon erilaiset kuntotasot. K\u00e4tev\u00e4n haun avulla l\u00f6yd\u00e4t sinulle sopivia treenej\u00e4, olitpa sitten aloittelija tai kokeneempi treenaaja, nuori tai seniori.<\/p>\n<p>Kotitreenej\u00e4 voit k\u00e4ytt\u00e4\u00e4 tabletilla, k\u00e4nnyk\u00e4ll\u00e4 ja tietokoneella. Saat kuvan n\u00e4kym\u00e4\u00e4n my\u00f6s Apple Airplay- ja Google Chromecast-yhteensopivassa televisiossa.<\/p>\n<\/p>\n\t\t\t\t<h3>Kevent\u00e4j\u00e4t Kotitreeni<\/h3>\n\t\t\t\t<p>keventajat.fi\/kotitreeni<br>\n\t\t\t\t\t VERKOSSA ja MOBIILISSA<\/p>\n\t\t\t\t<p><a href=\"tel:0600392244\">0600392244<\/a><\/p>\n\t\t\t\t<p><a href=\"mailto:apua@keventajat.fi\">apua@keventajat.fi<\/a><\/p>\n\n\t\t\t\t\t\t\t<\/div>\n\n\t\t\t<div class=\"wp-block-column\">\n\t\t\t\t<figure class=\"wp-block-image size-large\"><img loading=\"lazy\" decoding=\"async\" width=\"600\" height=\"600\" src=\"https:\/\/marketplace.epassi.fi\/keventajat\/wp-content\/uploads\/sites\/197\/2021\/12\/kotitreeni-venyttely.jpg\" class=\"attachment-medium_large size-medium_large\" alt=\"\" \/><\/figure>\n\t\t\t<\/div>\n\t\t<\/div>\n\t<\/div>\n\t\n","protected":false},"excerpt":{"rendered":"","protected":false},"author":2,"featured_media":0,"parent":0,"menu_order":0,"comment_status":"closed","ping_status":"closed","template":"","meta":{"_acf_changed":false,"_kad_post_transparent":"","_kad_post_title":"","_kad_post_layout":"","_kad_post_sidebar_id":"","_kad_post_content_style":"","_kad_post_vertical_padding":"","_kad_post_feature":"","_kad_post_feature_position":"","_kad_post_header":false,"_kad_post_footer":false,"_kad_post_classname":"","footnotes":""},"class_list":["post-22","page","type-page","status-publish","hentry"],"acf":[],"_links":{"self":[{"href":"https:\/\/marketplace.epassi.fi\/keventajat\/wp-json\/wp\/v2\/pages\/22","targetHints":{"allow":["GET"]}}],"collection":[{"href":"https:\/\/marketplace.epassi.fi\/keventajat\/wp-json\/wp\/v2\/pages"}],"about":[{"href":"https:\/\/marketplace.epassi.fi\/keventajat\/wp-json\/wp\/v2\/types\/page"}],"author":[{"embeddable":true,"href":"https:\/\/marketplace.epassi.fi\/keventajat\/wp-json\/wp\/v2\/users\/2"}],"replies":[{"embeddable":true,"href":"https:\/\/marketplace.epassi.fi\/keventajat\/wp-json\/wp\/v2\/comments?post=22"}],"version-history":[{"count":10,"href":"https:\/\/marketplace.epassi.fi\/keventajat\/wp-json\/wp\/v2\/pages\/22\/revisions"}],"predecessor-version":[{"id":264,"href":"https:\/\/marketplace.epassi.fi\/keventajat\/wp-json\/wp\/v2\/pages\/22\/revisions\/264"}],"wp:attachment":[{"href":"https:\/\/marketplace.epassi.fi\/keventajat\/wp-json\/wp\/v2\/media?parent=22"}],"curies":[{"name":"wp","href":"https:\/\/api.w.org\/{rel}","templated":true}]}}