{"id":290,"date":"2021-10-20T17:09:46","date_gmt":"2021-10-20T17:09:46","guid":{"rendered":"https:\/\/marketplace.epassi.fi\/keventajat\/?post_type=product&#038;p=290"},"modified":"2025-12-23T14:23:38","modified_gmt":"2025-12-23T12:23:38","slug":"3-kk-kotitreenit","status":"publish","type":"product","link":"https:\/\/marketplace.epassi.fi\/keventajat\/kauppa\/liikuntaedut\/jooga\/3-kk-kotitreenit\/","title":{"rendered":"3 kk Kotitreenit"},"content":{"rendered":"<p><strong>Treenibuffet.<\/strong> Alle kympill\u00e4 kuukaudessa kotitreenaat niin usein kuin haluat. Ei salimaksuja, ei aikatauluja, ei l\u00e4htemist\u00e4, ei pukeutumiskoodia. Tarvitset tehokkaisiin treeneihimme vain v\u00e4h\u00e4n tilaa ja muutamia yksinkertaisia apuv\u00e4lineit\u00e4. Supersimppeli\u00e4!<\/p>\n<p><strong>Treenataan yhdess\u00e4.<\/strong> Kotitreenit tehd\u00e4\u00e4n alusta loppuun ohjaajan kanssa \u2013 aivan kuin olisit jumppatunnilla tai personal trainerin ohjattavana. Ohjaajat my\u00f6s opastavat oikeissa liiketekniikoissa ja kannustavat sinua treenaamaan s\u00e4\u00e4nn\u00f6llisesti.<\/p>\n<p><strong>Sopii kaikenkuntoisille.<\/strong> Kotitreenien treenit on suunniteltu ottamaan huomioon erilaiset kuntotasot. K\u00e4tev\u00e4n haun avulla l\u00f6yd\u00e4t sinulle sopivia treenej\u00e4, olitpa sitten aloittelija tai kokeneempi treenaaja, nuori tai seniori.<\/p>\n<p><strong>Oma lempiohjaajasi. <\/strong>Kaikki ohjaajamme ovat kivoja ja taitavia, seh\u00e4n on selv\u00e4\u00e4. Silti jokaisella treenaajalla on oma suosikkinsa. Onko sinun lempiohjaajasi Anna, Nana, Sanni vai joku muu lukuisista Kotitreenien vet\u00e4jist\u00e4?<\/p>\n<p><strong>Paljon erilaisia treenej\u00e4.<\/strong> Corea, lihaskuntoa, joogaa, pilatesta, kiinteytyst\u00e4, rasvanpolttoa, sykejumppaa, venyttely\u00e4, kehonhuoltoa, liikkuvuutta\u2026Kotitreenien laajasta valikoimasta l\u00f6yd\u00e4t eri treenin vaikka jokaiselle p\u00e4iv\u00e4lle.<\/p>\n<p><strong>Valmiiksi miksattuna. <\/strong>Vaikeuksia valita tai suunnitelma puuttuu? Ei huolta, olemme jo suunnitelleet puolestasi. Kotitreenaajana saat viikko-ohjelman ja treeniyhdistelmi\u00e4. Valitse valmiista tai sekoita ja yhdist\u00e4 omasi!<\/p>\n<p><strong>Toimii kaikilla laitteilla.<\/strong> Kotitreenej\u00e4 voit k\u00e4ytt\u00e4\u00e4 tabletilla, k\u00e4nnyk\u00e4ll\u00e4 ja tietokoneella. AppleTV:ll\u00e4 tai Chromecastilla saat kuvan n\u00e4kym\u00e4\u00e4n televisiossa. Tarvitset vain nettiyhteyden ja voit nauttia jopa HD-tasoisesta kuvasta.<\/p>\n","protected":false},"excerpt":{"rendered":"<div><strong>Kotitreeni tuo personal trainerin kotiisi \u2013 k\u00e4ynnist\u00e4 vain treenivideo ja aloita!<\/strong><\/div>\n<ul>\n<li>laaja valikoima erilaisia treenej\u00e4<\/li>\n<li>useita kivoja ohjaajia<\/li>\n<li>sopii kaikenkuntoisille<\/li>\n<li>toimii mobiilisovelluksella tai verkkosivuston kautta<\/li>\n<\/ul>\n<div><\/div>\n<p>Jos sinulla ei ole viel\u00e4 k\u00e4ytt\u00e4j\u00e4tunnusta Kevent\u00e4j\u00e4t-palvelussa, perusta se tilauksen yhteydess\u00e4 j\u00e4sensivustollamme <a href=\"https:\/\/uusi.keventajat.fi\/\" target=\"_blank\" rel=\"noopener\">https:\/\/uusi.keventajat.fi\/<\/a>.<\/p>\n","protected":false},"featured_media":339,"comment_status":"closed","ping_status":"closed","template":"","meta":{"_acf_changed":false,"_kad_post_transparent":"default","_kad_post_title":"","_kad_post_layout":"default","_kad_post_sidebar_id":"","_kad_post_content_style":"default","_kad_post_vertical_padding":"default","_kad_post_feature":"","_kad_post_feature_position":"","_kad_post_header":false,"_kad_post_footer":false,"_kad_post_classname":""},"product_brand":[],"product_cat":[25,29,19,28],"product_tag":[],"class_list":{"0":"post-290","1":"product","2":"type-product","3":"status-publish","4":"has-post-thumbnail","6":"product_cat-jooga","7":"product_cat-liikunta-muut","8":"product_cat-liikuntaedut","9":"product_cat-verkkotreenit","11":"first","12":"instock","13":"virtual","14":"taxable","15":"purchasable","16":"product-type-simple","17":"entry","18":"content-bg","19":"loop-entry"},"acf":[],"_links":{"self":[{"href":"https:\/\/marketplace.epassi.fi\/keventajat\/wp-json\/wp\/v2\/product\/290","targetHints":{"allow":["GET"]}}],"collection":[{"href":"https:\/\/marketplace.epassi.fi\/keventajat\/wp-json\/wp\/v2\/product"}],"about":[{"href":"https:\/\/marketplace.epassi.fi\/keventajat\/wp-json\/wp\/v2\/types\/product"}],"replies":[{"embeddable":true,"href":"https:\/\/marketplace.epassi.fi\/keventajat\/wp-json\/wp\/v2\/comments?post=290"}],"wp:featuredmedia":[{"embeddable":true,"href":"https:\/\/marketplace.epassi.fi\/keventajat\/wp-json\/wp\/v2\/media\/339"}],"wp:attachment":[{"href":"https:\/\/marketplace.epassi.fi\/keventajat\/wp-json\/wp\/v2\/media?parent=290"}],"wp:term":[{"taxonomy":"product_brand","embeddable":true,"href":"https:\/\/marketplace.epassi.fi\/keventajat\/wp-json\/wp\/v2\/product_brand?post=290"},{"taxonomy":"product_cat","embeddable":true,"href":"https:\/\/marketplace.epassi.fi\/keventajat\/wp-json\/wp\/v2\/product_cat?post=290"},{"taxonomy":"product_tag","embeddable":true,"href":"https:\/\/marketplace.epassi.fi\/keventajat\/wp-json\/wp\/v2\/product_tag?post=290"}],"curies":[{"name":"wp","href":"https:\/\/api.w.org\/{rel}","templated":true}]}}