{"id":595,"date":"2022-12-08T23:15:03","date_gmt":"2022-12-08T21:15:03","guid":{"rendered":"https:\/\/marketplace.epassi.fi\/keventajat\/?post_type=product&#038;p=595"},"modified":"2025-12-23T10:32:01","modified_gmt":"2025-12-23T08:32:01","slug":"tarjous-12-kk-kotitreenit-12-kk-keventajat","status":"publish","type":"product","link":"https:\/\/marketplace.epassi.fi\/keventajat\/kauppa\/liikuntaedut\/jooga\/tarjous-12-kk-kotitreenit-12-kk-keventajat\/","title":{"rendered":"TARJOUS \u2013 12 kk Kotitreenit &amp; 12 kk Kevent\u00e4j\u00e4t"},"content":{"rendered":"<h3><span style=\"font-family: var(--global-body-font-family)\">KOTITREENI<\/span><\/h3>\n<p><strong style=\"font-family: var(--global-body-font-family)\">Treenibuffet.<\/strong><span style=\"font-family: var(--global-body-font-family)\"> Alle kympill\u00e4 kuukaudessa kotitreenaat niin usein kuin haluat. Ei salimaksuja, ei aikatauluja, ei l\u00e4htemist\u00e4, ei pukeutumiskoodia. Tarvitset tehokkaisiin treeneihimme vain v\u00e4h\u00e4n tilaa ja muutamia yksinkertaisia apuv\u00e4lineit\u00e4. Supersimppeli\u00e4!<\/span><\/p>\n<p><strong>Treenataan yhdess\u00e4.<\/strong> Kotitreenit tehd\u00e4\u00e4n alusta loppuun ohjaajan kanssa \u2013 aivan kuin olisit jumppatunnilla tai personal trainerin ohjattavana. Ohjaajat my\u00f6s opastavat oikeissa liiketekniikoissa ja kannustavat sinua treenaamaan s\u00e4\u00e4nn\u00f6llisesti.<\/p>\n<p><strong>Sopii kaikenkuntoisille.<\/strong> Kotitreenien treenit on suunniteltu ottamaan huomioon erilaiset kuntotasot. K\u00e4tev\u00e4n haun avulla l\u00f6yd\u00e4t sinulle sopivia treenej\u00e4, olitpa sitten aloittelija tai kokeneempi treenaaja, nuori tai seniori.<\/p>\n<p><strong>Oma lempiohjaajasi. <\/strong>Kaikki ohjaajamme ovat kivoja ja taitavia, seh\u00e4n on selv\u00e4\u00e4. Silti jokaisella treenaajalla on oma suosikkinsa. Onko sinun lempiohjaajasi Anna, Nana, Sanni vai joku muu lukuisista Kotitreenien vet\u00e4jist\u00e4?<\/p>\n<p><strong>Paljon erilaisia treenej\u00e4.<\/strong> Corea, lihaskuntoa, joogaa, pilatesta, kiinteytyst\u00e4, rasvanpolttoa, sykejumppaa, venyttely\u00e4, kehonhuoltoa, liikkuvuutta\u2026Kotitreenien laajasta valikoimasta l\u00f6yd\u00e4t eri treenin vaikka jokaiselle p\u00e4iv\u00e4lle.<\/p>\n<p><strong>Valmiiksi miksattuna. <\/strong>Vaikeuksia valita tai suunnitelma puuttuu? Ei huolta, olemme jo suunnitelleet puolestasi. Kotitreenaajana saat viikko-ohjelman ja treeniyhdistelmi\u00e4. Valitse valmiista tai sekoita ja yhdist\u00e4 omasi!<\/p>\n<p><strong>Toimii kaikilla laitteilla.<\/strong> Kotitreenej\u00e4 voit k\u00e4ytt\u00e4\u00e4 tabletilla, k\u00e4nnyk\u00e4ll\u00e4 ja tietokoneella. AppleTV:ll\u00e4 tai Chromecastilla saat kuvan n\u00e4kym\u00e4\u00e4n televisiossa. Tarvitset vain nettiyhteyden ja voit nauttia jopa HD-tasoisesta kuvasta.<\/p>\n<h3>KEVENT\u00c4J\u00c4T<\/h3>\n<p><strong>Oma ohjelma.<\/strong> Kevent\u00e4j\u00e4t tekee sinulle oman r\u00e4\u00e4t\u00e4l\u00f6idyn ohjelman, seuraa onnistumistasi ja muuttuu edistymisesi mukana. Voit mitata ja seurata painon lis\u00e4ksi my\u00f6s vy\u00f6t\u00e4r\u00f6n mittoja, verenpainetta, kolesterolia tai verensokeria.<\/p>\n<p><strong>P\u00e4iv\u00e4kirja.<\/strong> Kevent\u00e4jien ainutlaatuinen laatuohjaukseen perustuva p\u00e4iv\u00e4kirja auttaa sinua seuraamaan ravitsemustasi ja liikuntaasi, sen <strong>m\u00e4\u00e4r\u00e4\u00e4 ja laatua<\/strong>,\u00a0tarkkaan.\u00a0Ohjaamme sinut keskittym\u00e4\u00e4n painonhallinnassa t\u00e4rkeimp\u00e4\u00e4n: terveellisemp\u00e4\u00e4n sy\u00f6miseen ja <strong>kest\u00e4viin tuloksiin<\/strong>.<\/p>\n<div id=\"text-block-36\" class=\"mk-text-block jupiter-donut- \">\n<div class=\"clearboth\"><strong>R\u00e4\u00e4t\u00e4l\u00f6idyt ateriaehdotukset.<\/strong> Mit\u00e4 t\u00e4n\u00e4\u00e4n sy\u00f6t\u00e4isiin? Tarjoamme jokaiselle p\u00e4iv\u00e4n aterialle juuri sinun tavoitteisiisi sopivan, ammattilaisen suunnitteleman ateriaehdotuksen. Ruokavalion suunnittelu ei ole koskaan ollut yht\u00e4\u00a0helppoa!<\/div>\n<\/div>\n<div><\/div>\n<p><strong>Liiku fiksummin.<\/strong> Kevent\u00e4j\u00e4t ei ohjaa sinua vain liikkumaan enemm\u00e4n vaan my\u00f6s fiksummin. Liikuntap\u00e4iv\u00e4kirja auttaa sinua suunnittelemaan ja seuraamaan liikkumista ja kulutusta tarkasti. Saat l\u00e4ht\u00f6- ja tavoitetasoosi sovitetut <strong>liikuntasuositukset<\/strong> sek\u00e4 paljon vinkkej\u00e4 kuntoiluun.<\/p>\n<p><strong>Yhteis\u00f6 tukenasi.<\/strong>\u00a0<span style=\"font-family: var(--global-body-font-family)\">Kevent\u00e4jien yhteis\u00f6st\u00e4 jokainen j\u00e4senist\u00e4mme saa kannustusta ja tukea muilta samassa el\u00e4m\u00e4ntilanteessa olevilta kevent\u00e4jilt\u00e4. Aktiivisimpia keskusteluitamme k\u00e4yd\u00e4\u00e4n erilaisissa <\/span><strong style=\"font-family: var(--global-body-font-family)\">tsemppi- ja vertaisryhmiss\u00e4<\/strong><span style=\"font-family: var(--global-body-font-family)\">. Tarmokkaat yhteis\u00f6em\u00e4nt\u00e4mme huolehtivat kaikista ja auttavat aloittelijankin alkuun.<\/span><\/p>\n<div>\n<div class=\"clearboth\"><strong style=\"font-family: var(--global-body-font-family)\">Tuhansittain reseptej\u00e4.<\/strong><span style=\"font-family: var(--global-body-font-family)\"> Tunnettujen ammattilaisten herkullisilla ruokaresepteill\u00e4 saat lis\u00e4\u00e4 ideoita arjen kevent\u00e4miseen. Reseptipankissamme n\u00e4et jokaisesta reseptist\u00e4 tarkat ravitsemustiedot ja selke\u00e4t\u00a0valmistusohjeet.<\/span><\/div>\n<div><\/div>\n<p><strong style=\"font-family: var(--global-body-font-family)\">Asiantuntijat apunasi.<\/strong><span style=\"font-family: var(--global-body-font-family)\"> Suomen parhaat asiantuntijat ravitsemuksen, ruoanlaiton, liikunnan, terveyden ja hyvinvoinnin aloilta\u00a0vastaavat kysymyksiisi ja auttavat\u00a0sinua laihtumaan fiksummin.<\/span><\/p>\n<p>&nbsp;<\/p>\n<\/div>\n<div id=\"text-block-36\" class=\"mk-text-block jupiter-donut- \">\n<div class=\"clearboth\"><strong style=\"font-family: var(--global-body-font-family)\">Tutkittua tietoa.<\/strong><span style=\"font-family: var(--global-body-font-family)\"> Joka viikko mielenkiintoista luettavaa ja uusinta oppia ravitsemuksesta,\u00a0terveydest\u00e4 ja liikunnasta. Viimeisimp\u00e4\u00e4n tutkimukseen perustuen, eturivin asiantuntijoiden kyn\u00e4st\u00e4.<\/span><\/div>\n<\/div>\n","protected":false},"excerpt":{"rendered":"<div><strong>Kevent\u00e4j\u00e4t- ja Kotitreeni-j\u00e4senyydet nyt edullisena pakettitarjouksena!<\/strong><\/div>\n<div><\/div>\n<div><strong>Kotitreeni<\/strong> tuo personal trainerin kotiisi \u2013 k\u00e4ynnist\u00e4 vain treenivideo ja aloita!<\/div>\n<ul>\n<li>laaja valikoima erilaisia treenej\u00e4<\/li>\n<li>monia kivoja ohjaajia<\/li>\n<li>sopii kaikenkuntoisille<\/li>\n<li>toimii mobiilisovelluksella ja verkkosivuston kautta<\/li>\n<li>lis\u00e4tietoa: <a href=\"https:\/\/keventajat.fi\/kotitreeni\/\" target=\"_blank\" rel=\"noopener\">https:\/\/keventajat.fi\/kotitreeni\/<\/a><\/li>\n<\/ul>\n<div><strong>Kevent\u00e4jien <\/strong>ohjelmalla\u00a0onnistut painonhallinnassa!<\/div>\n<ul>\n<li><span style=\"font-family: var(--global-body-font-family)\">\u00e4lykk\u00e4\u00e4seen laatuohjaukseen perustuva ruokap\u00e4iv\u00e4kirja sy\u00f6misen seurantaan<\/span><\/li>\n<li>tuhansittain reseptej\u00e4<\/li>\n<li>omalle kaloritasollesi r\u00e4\u00e4t\u00e4l\u00f6ityj\u00e4 menuehdotuksia (my\u00f6s kasvissy\u00f6jille!)<\/li>\n<li>l\u00e4ht\u00f6- ja tavoitetasosi mukainen liikuntaohjelma<\/li>\n<li>aktiivinen ja kannustava yhteis\u00f6 tsemppaa<\/li>\n<li>toimii mobiilisovelluksella ja verkkosivuston kautta<\/li>\n<li>lis\u00e4tietoa: <a href=\"https:\/\/keventajat.fi\/jasenedut\/\" target=\"_blank\" rel=\"noopener\">https:\/\/keventajat.fi\/jasenedut\/<\/a><\/li>\n<\/ul>\n<p>Jos sinulla ei ole viel\u00e4 k\u00e4ytt\u00e4j\u00e4tunnusta Kevent\u00e4j\u00e4t-palvelussa, perusta se tilauksen yhteydess\u00e4 j\u00e4sensivustollamme <a href=\"https:\/\/uusi.keventajat.fi\/\" target=\"_blank\" rel=\"noopener\">https:\/\/uusi.keventajat.fi\/<\/a>.<\/p>\n","protected":false},"featured_media":597,"comment_status":"closed","ping_status":"closed","template":"","meta":{"_acf_changed":false,"_kad_post_transparent":"default","_kad_post_title":"","_kad_post_layout":"default","_kad_post_sidebar_id":"","_kad_post_content_style":"default","_kad_post_vertical_padding":"default","_kad_post_feature":"","_kad_post_feature_position":"","_kad_post_header":false,"_kad_post_footer":false,"_kad_post_classname":""},"product_brand":[],"product_cat":[25,29,19,28],"product_tag":[],"class_list":{"0":"post-595","1":"product","2":"type-product","3":"status-publish","4":"has-post-thumbnail","6":"product_cat-jooga","7":"product_cat-liikunta-muut","8":"product_cat-liikuntaedut","9":"product_cat-verkkotreenit","11":"first","12":"instock","13":"taxable","14":"shipping-taxable","15":"purchasable","16":"product-type-simple","17":"entry","18":"content-bg","19":"loop-entry"},"acf":[],"_links":{"self":[{"href":"https:\/\/marketplace.epassi.fi\/keventajat\/wp-json\/wp\/v2\/product\/595","targetHints":{"allow":["GET"]}}],"collection":[{"href":"https:\/\/marketplace.epassi.fi\/keventajat\/wp-json\/wp\/v2\/product"}],"about":[{"href":"https:\/\/marketplace.epassi.fi\/keventajat\/wp-json\/wp\/v2\/types\/product"}],"replies":[{"embeddable":true,"href":"https:\/\/marketplace.epassi.fi\/keventajat\/wp-json\/wp\/v2\/comments?post=595"}],"wp:featuredmedia":[{"embeddable":true,"href":"https:\/\/marketplace.epassi.fi\/keventajat\/wp-json\/wp\/v2\/media\/597"}],"wp:attachment":[{"href":"https:\/\/marketplace.epassi.fi\/keventajat\/wp-json\/wp\/v2\/media?parent=595"}],"wp:term":[{"taxonomy":"product_brand","embeddable":true,"href":"https:\/\/marketplace.epassi.fi\/keventajat\/wp-json\/wp\/v2\/product_brand?post=595"},{"taxonomy":"product_cat","embeddable":true,"href":"https:\/\/marketplace.epassi.fi\/keventajat\/wp-json\/wp\/v2\/product_cat?post=595"},{"taxonomy":"product_tag","embeddable":true,"href":"https:\/\/marketplace.epassi.fi\/keventajat\/wp-json\/wp\/v2\/product_tag?post=595"}],"curies":[{"name":"wp","href":"https:\/\/api.w.org\/{rel}","templated":true}]}}