{"id":22,"date":"2021-09-13T17:45:59","date_gmt":"2021-09-13T17:45:59","guid":{"rendered":"https:\/\/marketplace.epassi.fi\/kinnarps\/?page_id=22"},"modified":"2021-10-12T10:57:35","modified_gmt":"2021-10-12T10:57:35","slug":"info","status":"publish","type":"page","link":"https:\/\/marketplace.epassi.fi\/kinnarps\/info\/","title":{"rendered":"Info"},"content":{"rendered":"\n\t<div class=\"entry-content single-content\">\n\n\t\t<div class=\"wp-block-columns\" style=\"gap:30px\">\n\t\t\t<div class=\"wp-block-column\">\n\t\t\t\t<h2>Kotitoimiston ergonomiset ty\u00f6pisteet <\/h2>\n\t\t\t\t<p><p>Paranna hyvinvointiasi hankkimalla laadukkaat ja monipuolisesti s\u00e4\u00e4dett\u00e4v\u00e4t kalusteet Kinnarpsilta. Ketter\u00e4n kokoinen ty\u00f6p\u00f6yt\u00e4 ja monipuolisesti s\u00e4\u00e4dett\u00e4v\u00e4, laadukas ty\u00f6tuoli tukevat hyvinvointiasi. Nyt my\u00f6s Epassilla!<\/p>\n<p>Jos ty\u00f6nantajasi on aktivoinut ErgoSafe-lompakon k\u00e4ytt\u00f6\u00f6si, voit hy\u00f6dynt\u00e4\u00e4 sit\u00e4 my\u00f6s Kinnarpsin Helsingin ja Tampereen myyntin\u00e4yttelyiss\u00e4.<\/p>\n<p>Kinnarpsin Epassi-verkkokaupan hintoihin sis\u00e4ltyy Alv.<\/p>\n<\/p>\n\t\t\t\t<h3>Kinnarps Oy<\/h3>\n\t\t\t\t<p>R\u00e4lssintie 2<br>\n\t\t\t\t\t00720 Helsinki<\/p>\n\t\t\t\t<p><a href=\"tel:0207561200\">0207561200<\/a><\/p>\n\t\t\t\t<p><a href=\"mailto:kinnarps@kinnarps.fi\">kinnarps@kinnarps.fi<\/a><\/p>\n\n\t\t\t\t\t\t\t<\/div>\n\n\t\t\t<div class=\"wp-block-column\">\n\t\t\t\t<figure class=\"wp-block-image size-large\"><img loading=\"lazy\" decoding=\"async\" width=\"768\" height=\"512\" src=\"https:\/\/marketplace.epassi.fi\/kinnarps\/wp-content\/uploads\/sites\/256\/2022\/03\/kin-inspirational-22977-768x512.jpg\" class=\"attachment-medium_large size-medium_large\" alt=\"inspiraatio kuva ty\u00f6piste\" \/><\/figure>\n\t\t\t<\/div>\n\t\t<\/div>\n\t<\/div>\n\t\n","protected":false},"excerpt":{"rendered":"","protected":false},"author":2,"featured_media":0,"parent":0,"menu_order":0,"comment_status":"closed","ping_status":"closed","template":"","meta":{"_acf_changed":false,"_kad_post_transparent":"","_kad_post_title":"","_kad_post_layout":"","_kad_post_sidebar_id":"","_kad_post_content_style":"","_kad_post_vertical_padding":"","_kad_post_feature":"","_kad_post_feature_position":"","_kad_post_header":false,"_kad_post_footer":false,"_kad_post_classname":"","footnotes":""},"class_list":["post-22","page","type-page","status-publish","hentry"],"acf":[],"_links":{"self":[{"href":"https:\/\/marketplace.epassi.fi\/kinnarps\/wp-json\/wp\/v2\/pages\/22","targetHints":{"allow":["GET"]}}],"collection":[{"href":"https:\/\/marketplace.epassi.fi\/kinnarps\/wp-json\/wp\/v2\/pages"}],"about":[{"href":"https:\/\/marketplace.epassi.fi\/kinnarps\/wp-json\/wp\/v2\/types\/page"}],"author":[{"embeddable":true,"href":"https:\/\/marketplace.epassi.fi\/kinnarps\/wp-json\/wp\/v2\/users\/2"}],"replies":[{"embeddable":true,"href":"https:\/\/marketplace.epassi.fi\/kinnarps\/wp-json\/wp\/v2\/comments?post=22"}],"version-history":[{"count":10,"href":"https:\/\/marketplace.epassi.fi\/kinnarps\/wp-json\/wp\/v2\/pages\/22\/revisions"}],"predecessor-version":[{"id":264,"href":"https:\/\/marketplace.epassi.fi\/kinnarps\/wp-json\/wp\/v2\/pages\/22\/revisions\/264"}],"wp:attachment":[{"href":"https:\/\/marketplace.epassi.fi\/kinnarps\/wp-json\/wp\/v2\/media?parent=22"}],"curies":[{"name":"wp","href":"https:\/\/api.w.org\/{rel}","templated":true}]}}