{"id":273,"date":"2021-10-16T11:12:03","date_gmt":"2021-10-16T08:12:03","guid":{"rendered":"https:\/\/marketplace.epassi.fi\/kinnarps\/?post_type=product&#038;p=273"},"modified":"2024-09-01T00:06:54","modified_gmt":"2024-08-31T21:06:54","slug":"capella-tyotuoli-aktiiviseen-istumiseen","status":"publish","type":"product","link":"https:\/\/marketplace.epassi.fi\/kinnarps\/kauppa\/ergosafe\/etatyopisteet\/capella-tyotuoli-aktiiviseen-istumiseen\/","title":{"rendered":"Capella &#8211; ty\u00f6tuoli aktiiviseen istumiseen"},"content":{"rendered":"<p>Capella on uuden tyyppinen ty\u00f6tuoli, joka on suunniteltu pit\u00e4m\u00e4\u00e4n kehosi liikkeess\u00e4. Capella on my\u00f6s sis\u00e4ilmayst\u00e4v\u00e4llinen, sen M1 sis\u00e4ilmaluokitus kertoo, ett\u00e4 sen materiaaleista ei haihdu ilmaan haitallisia yhdisteist\u00e4. Tuolissa on monia s\u00e4\u00e4t\u00f6vaihtoehtoja, joiden avulla l\u00f6yd\u00e4t itsellesi sopivimman istuma-asennon. Intuitiivisten s\u00e4\u00e4dinten ansiosta voit helposti s\u00e4\u00e4t\u00e4\u00e4 tuolin mielesi mukaiseksi.<\/p>\n<p><strong>Istuin:<\/strong> verhoilukangas Remix 3998 musta. S\u00e4\u00e4dett\u00e4v\u00e4 istuinsyvyys ja -korkeus.<br \/>\n<strong>Selk\u00e4noja<\/strong>: verhoilukangas Remix 3998, musta<br \/>\n<strong>Niskatuki:<\/strong> musta nahka, monipuolisesti s\u00e4\u00e4dett\u00e4v\u00e4 (eteen, taakse, kallistus, korkeus)<br \/>\n<strong>Mekanismi:<\/strong> FreeMotion\u2122 liikuttaa sinua pienten mikroliikkeiden avulla vaikka istuisitkin.<br \/>\n<strong>Keinu:<\/strong> lukittavissa portaattomasti, s\u00e4\u00e4dett\u00e4v\u00e4 keinuvastus.<br \/>\n<strong>K\u00e4sinojat:<\/strong> 4D, s\u00e4\u00e4dett\u00e4v\u00e4 syvyys, kulma, leveys ja korkeus.<\/p>\n<p>Toimitustapa: Nouto<br \/>\nOptio: Toimitus + 56 \u20ac (alv 24%)<br \/>\nToimitusaika n. 1 viikko.<\/p>\n","protected":false},"excerpt":{"rendered":"<p>Ergonominen Capella-ty\u00f6tuoli edist\u00e4\u00e4 aktiivista istumista ja tarjoaa parasta designia toimivuudessa, estetiikassa ja hyvinvoinnissa.<\/p>\n","protected":false},"featured_media":470,"comment_status":"open","ping_status":"closed","template":"","meta":{"_acf_changed":false,"_kad_post_transparent":"default","_kad_post_title":"","_kad_post_layout":"default","_kad_post_sidebar_id":"","_kad_post_content_style":"default","_kad_post_vertical_padding":"default","_kad_post_feature":"","_kad_post_feature_position":"","_kad_post_header":false,"_kad_post_footer":false,"_kad_post_classname":""},"product_brand":[],"product_cat":[22,34],"product_tag":[],"class_list":{"0":"post-273","1":"product","2":"type-product","3":"status-publish","4":"has-post-thumbnail","6":"product_cat-ergosafe","7":"product_cat-etatyopisteet","9":"first","10":"instock","11":"featured","12":"taxable","13":"shipping-taxable","14":"purchasable","15":"product-type-variable","16":"entry","17":"content-bg","18":"loop-entry"},"acf":[],"_links":{"self":[{"href":"https:\/\/marketplace.epassi.fi\/kinnarps\/wp-json\/wp\/v2\/product\/273","targetHints":{"allow":["GET"]}}],"collection":[{"href":"https:\/\/marketplace.epassi.fi\/kinnarps\/wp-json\/wp\/v2\/product"}],"about":[{"href":"https:\/\/marketplace.epassi.fi\/kinnarps\/wp-json\/wp\/v2\/types\/product"}],"replies":[{"embeddable":true,"href":"https:\/\/marketplace.epassi.fi\/kinnarps\/wp-json\/wp\/v2\/comments?post=273"}],"wp:featuredmedia":[{"embeddable":true,"href":"https:\/\/marketplace.epassi.fi\/kinnarps\/wp-json\/wp\/v2\/media\/470"}],"wp:attachment":[{"href":"https:\/\/marketplace.epassi.fi\/kinnarps\/wp-json\/wp\/v2\/media?parent=273"}],"wp:term":[{"taxonomy":"product_brand","embeddable":true,"href":"https:\/\/marketplace.epassi.fi\/kinnarps\/wp-json\/wp\/v2\/product_brand?post=273"},{"taxonomy":"product_cat","embeddable":true,"href":"https:\/\/marketplace.epassi.fi\/kinnarps\/wp-json\/wp\/v2\/product_cat?post=273"},{"taxonomy":"product_tag","embeddable":true,"href":"https:\/\/marketplace.epassi.fi\/kinnarps\/wp-json\/wp\/v2\/product_tag?post=273"}],"curies":[{"name":"wp","href":"https:\/\/api.w.org\/{rel}","templated":true}]}}